{"id":94,"date":"2025-02-19T15:43:26","date_gmt":"2025-02-19T14:43:26","guid":{"rendered":"https:\/\/www.ra-foerster.de\/wordpress\/?page_id=94"},"modified":"2025-07-29T14:01:50","modified_gmt":"2025-07-29T12:01:50","slug":"impressum","status":"publish","type":"page","link":"https:\/\/www.ra-foerster.de\/wordpress\/impressum\/","title":{"rendered":"Impressum"},"content":{"rendered":"\n<h1 class=\"wp-block-heading\">Impressum<\/h1>\n\n\n\n<div style=\"height:2rem\" aria-hidden=\"true\" class=\"wp-block-spacer\"><\/div>\n\n\n\n<p class=\"has-medium-font-size\">Angaben gem\u00e4\u00df \u00a7 5 DDG<\/p>\n\n\n\n<p class=\"has-medium-font-size\">Anbieter dieser Website:<br>RAE Dr. Foerster und Partner<br>W\u00fcrzburger Str. 3<br>90762 F\u00fcrth<br>Telefon: 0911\/73 10 87<br>Telefax: 0911\/75 76 05<br>Mail:&nbsp;<a href=\"mailto:info@ra-foerster.de.\">info@ra-foerster.de<\/a><br>Web: www.ra-foerster.de<\/p>\n\n\n\n<p class=\"has-medium-font-size\">Die Umsatz-ID-Nr. nach \u00a7 27a UStG lautet DE 218\/159\/50205, Finanzamt F\u00fcrth<\/p>\n\n\n\n<p class=\"has-medium-font-size\">F\u00fcr den Inhalt dieser Seiten verantwortlich im Sinne des Mediendienstestaatsvertrags:<br>RAin Annette Liebing<br>W\u00fcrzburger Str. 3<br>90762 F\u00fcrth<\/p>\n\n\n\n<p class=\"has-medium-font-size\">RAin Annette Liebing ist Mitglied der&nbsp;<a href=\"http:\/\/www.rak-nbg.de\/\" target=\"_blank\" rel=\"noreferrer noopener\">Rechtsanwaltskammer N\u00fcrnberg<\/a>, die zugleich Aufsichtsbeh\u00f6rde ist. Rechtsanwaltskammer N\u00fcrnberg, F\u00fcrther Str. 115, 90429 N\u00fcrnberg, Tel.: 0911 926 330, Fax.: 0911 926 3333,&nbsp;<a href=\"mailto:info@rak-nbg.de\">info@rak-nbg.de<\/a><\/p>\n\n\n\n<p class=\"has-medium-font-size\">BERUFSRECHTLICHE REGELUNGEN:<br>BRAO &#8211; Bundesrechtsanwaltsordnung<br>BORA &#8211; Berufsordnung f\u00fcr Rechtsanw\u00e4lte<br>FAO &#8211; Fachanwaltsordnung<br>RVG &#8211; Rechtsanwaltsverg\u00fctungsgesetz<br>Die entsprechenden Bestimmungen finden Sie auf den Internet-Seiten der zugeh\u00f6rigen Rechtsanwaltskammer:<a href=\"http:\/\/www.brak.de\/\" target=\"_blank\" rel=\"noreferrer noopener\">&nbsp;www.brak.de<\/a><\/p>\n\n\n\n<p class=\"has-medium-font-size\">AUSSERGERICHTLICHE SCHLICHTUNG<br>Bei Streitigkeiten zwischen Rechtsanw\u00e4lten und ihren Auftraggebern besteht auf Antrag die M\u00f6glichkeit der au\u00dfergerichtlichen Streitschlichtung bei der regionalen Rechtsanwaltskammer (gem\u00e4\u00df \u00a7 73 Abs. 2 Nr. 3 i.V.m. \u00a7 73 Abs. 5 BRAO) oder bei der Schlichtungsstelle der Rechtsanwaltschaft bei der Bundesrechtsanwaltskammer (\u00a7 191 f. BRAO) Sie finden im Internet weitere Informationen \u00fcber die Homepage der Bundesrechtsanwaltskammer (<a href=\"http:\/\/www.brak.de\/\" target=\"_blank\" rel=\"noreferrer noopener\">www.brak.de<\/a>\u00a0oder per E-Mail:\u00a0<a href=\"mailto::schlichtungsstelle@brak.de\" target=\"_blank\" rel=\"noreferrer noopener\">schlichtungsstelle@brak.de<\/a>).\u00a0Sowie \u00fcber die\u00a0<a href=\"http:\/\/www.schlichtungsstelle-der-rechtsanwaltschaft.de\/\" target=\"_blank\" rel=\"noreferrer noopener\">Schlichtungsstelle der Rechtsanwaltschaft<\/a>.<\/p>\n\n\n\n<p class=\"has-medium-font-size\">RECHTLICHE HINWEISE:<br>Wir \u00fcbernehmen keine Verantwortung f\u00fcr den Inhalt von anderen Websites, auf die durch direkte oder indirekte Verweisungen (&#8222;Links&#8220;) der Zugriff erm\u00f6glicht wird. Mit Urteil vom 12. Mai 1998 &#8211; 312 O 85\/98 &#8211; &#8222;Haftung f\u00fcr Links&#8220; hat das Landgericht Hamburg entschieden, dass man durch die Anbringung eines Links, die Inhalte der gelinkten Seite ggf. mit zu verantworten hat. Dies kann nur dadurch verhindert werden, dass man sich ausdr\u00fccklich von diesen Inhalten distanziert. Daher distanzieren wir uns hiermit ausdr\u00fccklich von allen Inhalten aller gelinkten Seiten auf unserer Website. F\u00fcr den Inhalt dieser gelinkten Seiten \u00fcbernehmen wir keine Verantwortung. Verantwortlich f\u00fcr den Inhalt dieser Links ist der Betreiber der jeweiligen Internet-Angebote.<\/p>\n\n\n\n<p class=\"has-medium-font-size\">Inhalt und Struktur der Websites sind urheberrechtlich gesch\u00fctzt. Die Vervielf\u00e4ltigung von Informationen oder Daten, insbesondere die Verwendung von Bildmaterial, Texten oder Textteilen bedarf der vorherigen Zustimmung der Kanzlei Rechtsanwalt Dr. Foerster und Partner.<\/p>\n","protected":false},"excerpt":{"rendered":"<p>Impressum Angaben gem\u00e4\u00df \u00a7 5 DDG Anbieter dieser Website:RAE Dr. Foerster und PartnerW\u00fcrzburger Str. 390762 F\u00fcrthTelefon: 0911\/73 10 87Telefax: 0911\/75 76 05Mail:&nbsp;info@ra-foerster.deWeb: www.ra-foerster.de Die Umsatz-ID-Nr. nach \u00a7 27a UStG lautet DE 218\/159\/50205, Finanzamt F\u00fcrth F\u00fcr den Inhalt dieser Seiten verantwortlich im Sinne des Mediendienstestaatsvertrags:RAin Annette LiebingW\u00fcrzburger Str. 390762 F\u00fcrth RAin Annette Liebing ist Mitglied der&nbsp;Rechtsanwaltskammer [&hellip;]<\/p>\n","protected":false},"author":1,"featured_media":0,"parent":0,"menu_order":0,"comment_status":"closed","ping_status":"closed","template":"","meta":{"footnotes":""},"class_list":["post-94","page","type-page","status-publish","hentry"],"yoast_head":"<!-- This site is optimized with the Yoast SEO plugin v27.4 - https:\/\/yoast.com\/product\/yoast-seo-wordpress\/ -->\n<title>Impressum | Dr. Foerster und Partner<\/title>\n<meta name=\"robots\" content=\"index, follow, max-snippet:-1, max-image-preview:large, max-video-preview:-1\" \/>\n<link rel=\"canonical\" href=\"https:\/\/www.ra-foerster.de\/wordpress\/impressum\/\" \/>\n<meta property=\"og:locale\" content=\"de_DE\" \/>\n<meta property=\"og:type\" content=\"article\" \/>\n<meta property=\"og:title\" content=\"Impressum | Dr. Foerster und Partner\" \/>\n<meta property=\"og:description\" content=\"Impressum Angaben gem\u00e4\u00df \u00a7 5 DDG Anbieter dieser Website:RAE Dr. Foerster und PartnerW\u00fcrzburger Str. 390762 F\u00fcrthTelefon: 0911\/73 10 87Telefax: 0911\/75 76 05Mail:&nbsp;info@ra-foerster.deWeb: www.ra-foerster.de Die Umsatz-ID-Nr. nach \u00a7 27a UStG lautet DE 218\/159\/50205, Finanzamt F\u00fcrth F\u00fcr den Inhalt dieser Seiten verantwortlich im Sinne des Mediendienstestaatsvertrags:RAin Annette LiebingW\u00fcrzburger Str. 390762 F\u00fcrth RAin Annette Liebing ist Mitglied der&nbsp;Rechtsanwaltskammer [&hellip;]\" \/>\n<meta property=\"og:url\" content=\"https:\/\/www.ra-foerster.de\/wordpress\/impressum\/\" \/>\n<meta property=\"og:site_name\" content=\"Dr. Foerster und Partner\" \/>\n<meta property=\"article:modified_time\" content=\"2025-07-29T12:01:50+00:00\" \/>\n<meta property=\"og:image\" content=\"https:\/\/www.ra-foerster.de\/wordpress\/wp-content\/uploads\/2025\/02\/cropped-Dreieck.gif\" \/>\n\t<meta property=\"og:image:width\" content=\"512\" \/>\n\t<meta property=\"og:image:height\" content=\"512\" \/>\n\t<meta property=\"og:image:type\" content=\"image\/gif\" \/>\n<meta name=\"twitter:card\" content=\"summary_large_image\" \/>\n<meta name=\"twitter:label1\" content=\"Gesch\u00e4tzte Lesezeit\" \/>\n\t<meta name=\"twitter:data1\" content=\"2\u00a0Minuten\" \/>\n<script type=\"application\/ld+json\" class=\"yoast-schema-graph\">{\"@context\":\"https:\\\/\\\/schema.org\",\"@graph\":[{\"@type\":\"WebPage\",\"@id\":\"https:\\\/\\\/www.ra-foerster.de\\\/wordpress\\\/impressum\\\/\",\"url\":\"https:\\\/\\\/www.ra-foerster.de\\\/wordpress\\\/impressum\\\/\",\"name\":\"Impressum | Dr. Foerster und Partner\",\"isPartOf\":{\"@id\":\"https:\\\/\\\/www.ra-foerster.de\\\/wordpress\\\/#website\"},\"datePublished\":\"2025-02-19T14:43:26+00:00\",\"dateModified\":\"2025-07-29T12:01:50+00:00\",\"breadcrumb\":{\"@id\":\"https:\\\/\\\/www.ra-foerster.de\\\/wordpress\\\/impressum\\\/#breadcrumb\"},\"inLanguage\":\"de\",\"potentialAction\":[{\"@type\":\"ReadAction\",\"target\":[\"https:\\\/\\\/www.ra-foerster.de\\\/wordpress\\\/impressum\\\/\"]}]},{\"@type\":\"BreadcrumbList\",\"@id\":\"https:\\\/\\\/www.ra-foerster.de\\\/wordpress\\\/impressum\\\/#breadcrumb\",\"itemListElement\":[{\"@type\":\"ListItem\",\"position\":1,\"name\":\"Startseite\",\"item\":\"https:\\\/\\\/www.ra-foerster.de\\\/wordpress\\\/\"},{\"@type\":\"ListItem\",\"position\":2,\"name\":\"Impressum\"}]},{\"@type\":\"WebSite\",\"@id\":\"https:\\\/\\\/www.ra-foerster.de\\\/wordpress\\\/#website\",\"url\":\"https:\\\/\\\/www.ra-foerster.de\\\/wordpress\\\/\",\"name\":\"Dr. Foerster und Partner\",\"description\":\"Rechtsanw\u00e4lte\",\"publisher\":{\"@id\":\"https:\\\/\\\/www.ra-foerster.de\\\/wordpress\\\/#organization\"},\"potentialAction\":[{\"@type\":\"SearchAction\",\"target\":{\"@type\":\"EntryPoint\",\"urlTemplate\":\"https:\\\/\\\/www.ra-foerster.de\\\/wordpress\\\/?s={search_term_string}\"},\"query-input\":{\"@type\":\"PropertyValueSpecification\",\"valueRequired\":true,\"valueName\":\"search_term_string\"}}],\"inLanguage\":\"de\"},{\"@type\":\"Organization\",\"@id\":\"https:\\\/\\\/www.ra-foerster.de\\\/wordpress\\\/#organization\",\"name\":\"Dr. Foerster und Partner\",\"url\":\"https:\\\/\\\/www.ra-foerster.de\\\/wordpress\\\/\",\"logo\":{\"@type\":\"ImageObject\",\"inLanguage\":\"de\",\"@id\":\"https:\\\/\\\/www.ra-foerster.de\\\/wordpress\\\/#\\\/schema\\\/logo\\\/image\\\/\",\"url\":\"https:\\\/\\\/www.ra-foerster.de\\\/wordpress\\\/wp-content\\\/uploads\\\/2025\\\/02\\\/cropped-Dreieck.gif\",\"contentUrl\":\"https:\\\/\\\/www.ra-foerster.de\\\/wordpress\\\/wp-content\\\/uploads\\\/2025\\\/02\\\/cropped-Dreieck.gif\",\"width\":512,\"height\":512,\"caption\":\"Dr. Foerster und Partner\"},\"image\":{\"@id\":\"https:\\\/\\\/www.ra-foerster.de\\\/wordpress\\\/#\\\/schema\\\/logo\\\/image\\\/\"}}]}<\/script>\n<!-- \/ Yoast SEO plugin. -->","yoast_head_json":{"title":"Impressum | Dr. Foerster und Partner","robots":{"index":"index","follow":"follow","max-snippet":"max-snippet:-1","max-image-preview":"max-image-preview:large","max-video-preview":"max-video-preview:-1"},"canonical":"https:\/\/www.ra-foerster.de\/wordpress\/impressum\/","og_locale":"de_DE","og_type":"article","og_title":"Impressum | Dr. Foerster und Partner","og_description":"Impressum Angaben gem\u00e4\u00df \u00a7 5 DDG Anbieter dieser Website:RAE Dr. Foerster und PartnerW\u00fcrzburger Str. 390762 F\u00fcrthTelefon: 0911\/73 10 87Telefax: 0911\/75 76 05Mail:&nbsp;info@ra-foerster.deWeb: www.ra-foerster.de Die Umsatz-ID-Nr. nach \u00a7 27a UStG lautet DE 218\/159\/50205, Finanzamt F\u00fcrth F\u00fcr den Inhalt dieser Seiten verantwortlich im Sinne des Mediendienstestaatsvertrags:RAin Annette LiebingW\u00fcrzburger Str. 390762 F\u00fcrth RAin Annette Liebing ist Mitglied der&nbsp;Rechtsanwaltskammer [&hellip;]","og_url":"https:\/\/www.ra-foerster.de\/wordpress\/impressum\/","og_site_name":"Dr. Foerster und Partner","article_modified_time":"2025-07-29T12:01:50+00:00","og_image":[{"width":512,"height":512,"url":"https:\/\/www.ra-foerster.de\/wordpress\/wp-content\/uploads\/2025\/02\/cropped-Dreieck.gif","type":"image\/gif"}],"twitter_card":"summary_large_image","twitter_misc":{"Gesch\u00e4tzte Lesezeit":"2\u00a0Minuten"},"schema":{"@context":"https:\/\/schema.org","@graph":[{"@type":"WebPage","@id":"https:\/\/www.ra-foerster.de\/wordpress\/impressum\/","url":"https:\/\/www.ra-foerster.de\/wordpress\/impressum\/","name":"Impressum | Dr. Foerster und Partner","isPartOf":{"@id":"https:\/\/www.ra-foerster.de\/wordpress\/#website"},"datePublished":"2025-02-19T14:43:26+00:00","dateModified":"2025-07-29T12:01:50+00:00","breadcrumb":{"@id":"https:\/\/www.ra-foerster.de\/wordpress\/impressum\/#breadcrumb"},"inLanguage":"de","potentialAction":[{"@type":"ReadAction","target":["https:\/\/www.ra-foerster.de\/wordpress\/impressum\/"]}]},{"@type":"BreadcrumbList","@id":"https:\/\/www.ra-foerster.de\/wordpress\/impressum\/#breadcrumb","itemListElement":[{"@type":"ListItem","position":1,"name":"Startseite","item":"https:\/\/www.ra-foerster.de\/wordpress\/"},{"@type":"ListItem","position":2,"name":"Impressum"}]},{"@type":"WebSite","@id":"https:\/\/www.ra-foerster.de\/wordpress\/#website","url":"https:\/\/www.ra-foerster.de\/wordpress\/","name":"Dr. Foerster und Partner","description":"Rechtsanw\u00e4lte","publisher":{"@id":"https:\/\/www.ra-foerster.de\/wordpress\/#organization"},"potentialAction":[{"@type":"SearchAction","target":{"@type":"EntryPoint","urlTemplate":"https:\/\/www.ra-foerster.de\/wordpress\/?s={search_term_string}"},"query-input":{"@type":"PropertyValueSpecification","valueRequired":true,"valueName":"search_term_string"}}],"inLanguage":"de"},{"@type":"Organization","@id":"https:\/\/www.ra-foerster.de\/wordpress\/#organization","name":"Dr. Foerster und Partner","url":"https:\/\/www.ra-foerster.de\/wordpress\/","logo":{"@type":"ImageObject","inLanguage":"de","@id":"https:\/\/www.ra-foerster.de\/wordpress\/#\/schema\/logo\/image\/","url":"https:\/\/www.ra-foerster.de\/wordpress\/wp-content\/uploads\/2025\/02\/cropped-Dreieck.gif","contentUrl":"https:\/\/www.ra-foerster.de\/wordpress\/wp-content\/uploads\/2025\/02\/cropped-Dreieck.gif","width":512,"height":512,"caption":"Dr. Foerster und Partner"},"image":{"@id":"https:\/\/www.ra-foerster.de\/wordpress\/#\/schema\/logo\/image\/"}}]}},"_links":{"self":[{"href":"https:\/\/www.ra-foerster.de\/wordpress\/wp-json\/wp\/v2\/pages\/94","targetHints":{"allow":["GET"]}}],"collection":[{"href":"https:\/\/www.ra-foerster.de\/wordpress\/wp-json\/wp\/v2\/pages"}],"about":[{"href":"https:\/\/www.ra-foerster.de\/wordpress\/wp-json\/wp\/v2\/types\/page"}],"author":[{"embeddable":true,"href":"https:\/\/www.ra-foerster.de\/wordpress\/wp-json\/wp\/v2\/users\/1"}],"replies":[{"embeddable":true,"href":"https:\/\/www.ra-foerster.de\/wordpress\/wp-json\/wp\/v2\/comments?post=94"}],"version-history":[{"count":7,"href":"https:\/\/www.ra-foerster.de\/wordpress\/wp-json\/wp\/v2\/pages\/94\/revisions"}],"predecessor-version":[{"id":374,"href":"https:\/\/www.ra-foerster.de\/wordpress\/wp-json\/wp\/v2\/pages\/94\/revisions\/374"}],"wp:attachment":[{"href":"https:\/\/www.ra-foerster.de\/wordpress\/wp-json\/wp\/v2\/media?parent=94"}],"curies":[{"name":"wp","href":"https:\/\/api.w.org\/{rel}","templated":true}]}}