{"id":263,"date":"2025-02-21T09:37:22","date_gmt":"2025-02-21T08:37:22","guid":{"rendered":"https:\/\/www.ra-foerster.de\/wordpress\/?page_id=263"},"modified":"2025-03-18T16:50:13","modified_gmt":"2025-03-18T15:50:13","slug":"mediation","status":"publish","type":"page","link":"https:\/\/www.ra-foerster.de\/wordpress\/mediation\/","title":{"rendered":"Mediation"},"content":{"rendered":"\n<h1 class=\"wp-block-heading\">Mediation<\/h1>\n\n\n\n<div style=\"height:2rem\" aria-hidden=\"true\" class=\"wp-block-spacer\"><\/div>\n\n\n\n<p class=\"has-medium-font-size\">Rechtsanw\u00e4ltin Annette Liebing hat sich im Bereich der Mediation fortgebildet.<\/p>\n\n\n\n<p class=\"has-medium-font-size\">Mediation (\u201eVermittlung\u201c) ist ein freiwilliges, au\u00dfergerichtliches Verfahren zur konstruktiven Beilegung eines Konfliktes. Die Konfliktparteien wollen mit Unterst\u00fctzung einer dritten neutralen Person (dem Mediator) zu einer gemeinsamen Vereinbarung gelangen, die ihren Bed\u00fcrfnissen und Interessen entspricht. Der Mediator trifft dabei keine eigenen Entscheidungen bez\u00fcglich des Konflikts, er ist unparteiisch und lediglich f\u00fcr das Verfahren verantwortlich.<br>Die Konfliktparteien versuchen, eigenverantwortlich eine ma\u00dfgeschneiderte, einvernehmliche und tragf\u00e4hige L\u00f6sung f\u00fcr ihren Konflikt zu finden.Der Mediator ist Vermittler zwischen den Interessen und nicht Interessenvertreter.<\/p>\n\n\n\n<p class=\"has-medium-font-size\">Besonders wichtig ist Mediation im famili\u00e4ren Umfeld, z.B. in F\u00e4llen von Trennung und Scheidung oder Erbauseinandersetzungen. Aber auch f\u00fcr die Regelung um Kinder und Geld bietet eine Mediatorin wirksame Hilfe.<\/p>\n\n\n\n<p class=\"has-medium-font-size\">Ein&nbsp;Rechtsanwalt\/eine Rechtsanw\u00e4ltin, der\/die als Mediator t\u00e4tig ist, unterliegt der anwaltlichen Verschwiegenheitspflicht.<\/p>\n\n\n\n<div style=\"height:2rem\" aria-hidden=\"true\" class=\"wp-block-spacer\"><\/div>\n\n\n\n<div class=\"wp-block-columns is-layout-flex wp-container-core-columns-is-layout-28f84493 wp-block-columns-is-layout-flex\">\n<div class=\"wp-block-column is-layout-flow wp-block-column-is-layout-flow\">\n<p>Kurzinformation  zu Mediation<\/p>\n\n\n\n<figure class=\"wp-block-embed is-type-video is-provider-youtube wp-block-embed-youtube wp-embed-aspect-16-9 wp-has-aspect-ratio\"><div class=\"wp-block-embed__wrapper\">\n<iframe loading=\"lazy\" title=\"Rechtsanw\u00e4ltin und Mediatorin Annette Liebing zum Thema Mediation\" width=\"500\" height=\"281\" src=\"https:\/\/www.youtube.com\/embed\/fv04PGXs4d0?feature=oembed\" frameborder=\"0\" allow=\"accelerometer; autoplay; clipboard-write; encrypted-media; gyroscope; picture-in-picture; web-share\" referrerpolicy=\"strict-origin-when-cross-origin\" allowfullscreen><\/iframe>\n<\/div><\/figure>\n<\/div>\n\n\n\n<div class=\"wp-block-column is-layout-flow wp-block-column-is-layout-flow\">\n<p>Kontakt<\/p>\n\n\n\n<figure class=\"wp-block-image size-full is-resized\"><img loading=\"lazy\" decoding=\"async\" width=\"2560\" height=\"2300\" src=\"https:\/\/www.ra-foerster.de\/wordpress\/wp-content\/uploads\/2025\/02\/webseite2-scaled.jpg\" alt=\"\" class=\"wp-image-302\" style=\"width:auto;height:258px\" srcset=\"https:\/\/www.ra-foerster.de\/wordpress\/wp-content\/uploads\/2025\/02\/webseite2-scaled.jpg 2560w, https:\/\/www.ra-foerster.de\/wordpress\/wp-content\/uploads\/2025\/02\/webseite2-300x270.jpg 300w, https:\/\/www.ra-foerster.de\/wordpress\/wp-content\/uploads\/2025\/02\/webseite2-1024x920.jpg 1024w, https:\/\/www.ra-foerster.de\/wordpress\/wp-content\/uploads\/2025\/02\/webseite2-768x690.jpg 768w, https:\/\/www.ra-foerster.de\/wordpress\/wp-content\/uploads\/2025\/02\/webseite2-1536x1380.jpg 1536w, https:\/\/www.ra-foerster.de\/wordpress\/wp-content\/uploads\/2025\/02\/webseite2-2048x1840.jpg 2048w\" sizes=\"auto, (max-width: 2560px) 100vw, 2560px\" \/><\/figure>\n\n\n\n<p class=\"has-medium-font-size\">Haben Sie Fragen zur Mediation, dann nehmen Sie bitte&nbsp;<a href=\"mailto:liebing@ra-foerster.de\">Kontakt<\/a>&nbsp;mit Anw\u00e4ltin Annette Liebing auf.<\/p>\n<\/div>\n<\/div>\n","protected":false},"excerpt":{"rendered":"<p>Mediation Rechtsanw\u00e4ltin Annette Liebing hat sich im Bereich der Mediation fortgebildet. Mediation (\u201eVermittlung\u201c) ist ein freiwilliges, au\u00dfergerichtliches Verfahren zur konstruktiven Beilegung eines Konfliktes. Die Konfliktparteien wollen mit Unterst\u00fctzung einer dritten neutralen Person (dem Mediator) zu einer gemeinsamen Vereinbarung gelangen, die ihren Bed\u00fcrfnissen und Interessen entspricht. Der Mediator trifft dabei keine eigenen Entscheidungen bez\u00fcglich des Konflikts, [&hellip;]<\/p>\n","protected":false},"author":1,"featured_media":0,"parent":0,"menu_order":0,"comment_status":"closed","ping_status":"closed","template":"","meta":{"footnotes":""},"class_list":["post-263","page","type-page","status-publish","hentry"],"yoast_head":"<!-- This site is optimized with the Yoast SEO plugin v27.4 - https:\/\/yoast.com\/product\/yoast-seo-wordpress\/ -->\n<title>Mediation | Dr. Foerster und Partner<\/title>\n<meta name=\"description\" content=\"Rechtsanw\u00e4ltin Annette Liebing vermittelt als Mediatorin zwischen Konfliktparteien, z.B. bei Trennung, Scheidung oder Erbauseinandersetzungen.\" \/>\n<meta name=\"robots\" content=\"index, follow, max-snippet:-1, max-image-preview:large, max-video-preview:-1\" \/>\n<link rel=\"canonical\" href=\"https:\/\/www.ra-foerster.de\/wordpress\/mediation\/\" \/>\n<meta property=\"og:locale\" content=\"de_DE\" \/>\n<meta property=\"og:type\" content=\"article\" \/>\n<meta property=\"og:title\" content=\"Mediation | Dr. Foerster und Partner\" \/>\n<meta property=\"og:description\" content=\"Rechtsanw\u00e4ltin Annette Liebing vermittelt als Mediatorin zwischen Konfliktparteien, z.B. bei Trennung, Scheidung oder Erbauseinandersetzungen.\" \/>\n<meta property=\"og:url\" content=\"https:\/\/www.ra-foerster.de\/wordpress\/mediation\/\" \/>\n<meta property=\"og:site_name\" content=\"Dr. Foerster und Partner\" \/>\n<meta property=\"article:modified_time\" content=\"2025-03-18T15:50:13+00:00\" \/>\n<meta property=\"og:image\" content=\"https:\/\/www.ra-foerster.de\/wordpress\/wp-content\/uploads\/2025\/02\/webseite2-scaled.jpg\" \/>\n<meta name=\"twitter:card\" content=\"summary_large_image\" \/>\n<meta name=\"twitter:label1\" content=\"Gesch\u00e4tzte Lesezeit\" \/>\n\t<meta name=\"twitter:data1\" content=\"2\u00a0Minuten\" \/>\n<script type=\"application\/ld+json\" class=\"yoast-schema-graph\">{\"@context\":\"https:\\\/\\\/schema.org\",\"@graph\":[{\"@type\":\"WebPage\",\"@id\":\"https:\\\/\\\/www.ra-foerster.de\\\/wordpress\\\/mediation\\\/\",\"url\":\"https:\\\/\\\/www.ra-foerster.de\\\/wordpress\\\/mediation\\\/\",\"name\":\"Mediation | Dr. Foerster und Partner\",\"isPartOf\":{\"@id\":\"https:\\\/\\\/www.ra-foerster.de\\\/wordpress\\\/#website\"},\"primaryImageOfPage\":{\"@id\":\"https:\\\/\\\/www.ra-foerster.de\\\/wordpress\\\/mediation\\\/#primaryimage\"},\"image\":{\"@id\":\"https:\\\/\\\/www.ra-foerster.de\\\/wordpress\\\/mediation\\\/#primaryimage\"},\"thumbnailUrl\":\"https:\\\/\\\/www.ra-foerster.de\\\/wordpress\\\/wp-content\\\/uploads\\\/2025\\\/02\\\/webseite2-scaled.jpg\",\"datePublished\":\"2025-02-21T08:37:22+00:00\",\"dateModified\":\"2025-03-18T15:50:13+00:00\",\"description\":\"Rechtsanw\u00e4ltin Annette Liebing vermittelt als Mediatorin zwischen Konfliktparteien, z.B. bei Trennung, Scheidung oder Erbauseinandersetzungen.\",\"breadcrumb\":{\"@id\":\"https:\\\/\\\/www.ra-foerster.de\\\/wordpress\\\/mediation\\\/#breadcrumb\"},\"inLanguage\":\"de\",\"potentialAction\":[{\"@type\":\"ReadAction\",\"target\":[\"https:\\\/\\\/www.ra-foerster.de\\\/wordpress\\\/mediation\\\/\"]}]},{\"@type\":\"ImageObject\",\"inLanguage\":\"de\",\"@id\":\"https:\\\/\\\/www.ra-foerster.de\\\/wordpress\\\/mediation\\\/#primaryimage\",\"url\":\"https:\\\/\\\/www.ra-foerster.de\\\/wordpress\\\/wp-content\\\/uploads\\\/2025\\\/02\\\/webseite2-scaled.jpg\",\"contentUrl\":\"https:\\\/\\\/www.ra-foerster.de\\\/wordpress\\\/wp-content\\\/uploads\\\/2025\\\/02\\\/webseite2-scaled.jpg\",\"width\":2560,\"height\":2300},{\"@type\":\"BreadcrumbList\",\"@id\":\"https:\\\/\\\/www.ra-foerster.de\\\/wordpress\\\/mediation\\\/#breadcrumb\",\"itemListElement\":[{\"@type\":\"ListItem\",\"position\":1,\"name\":\"Startseite\",\"item\":\"https:\\\/\\\/www.ra-foerster.de\\\/wordpress\\\/\"},{\"@type\":\"ListItem\",\"position\":2,\"name\":\"Mediation\"}]},{\"@type\":\"WebSite\",\"@id\":\"https:\\\/\\\/www.ra-foerster.de\\\/wordpress\\\/#website\",\"url\":\"https:\\\/\\\/www.ra-foerster.de\\\/wordpress\\\/\",\"name\":\"Dr. Foerster und Partner\",\"description\":\"Rechtsanw\u00e4lte\",\"publisher\":{\"@id\":\"https:\\\/\\\/www.ra-foerster.de\\\/wordpress\\\/#organization\"},\"potentialAction\":[{\"@type\":\"SearchAction\",\"target\":{\"@type\":\"EntryPoint\",\"urlTemplate\":\"https:\\\/\\\/www.ra-foerster.de\\\/wordpress\\\/?s={search_term_string}\"},\"query-input\":{\"@type\":\"PropertyValueSpecification\",\"valueRequired\":true,\"valueName\":\"search_term_string\"}}],\"inLanguage\":\"de\"},{\"@type\":\"Organization\",\"@id\":\"https:\\\/\\\/www.ra-foerster.de\\\/wordpress\\\/#organization\",\"name\":\"Dr. Foerster und Partner\",\"url\":\"https:\\\/\\\/www.ra-foerster.de\\\/wordpress\\\/\",\"logo\":{\"@type\":\"ImageObject\",\"inLanguage\":\"de\",\"@id\":\"https:\\\/\\\/www.ra-foerster.de\\\/wordpress\\\/#\\\/schema\\\/logo\\\/image\\\/\",\"url\":\"https:\\\/\\\/www.ra-foerster.de\\\/wordpress\\\/wp-content\\\/uploads\\\/2025\\\/02\\\/cropped-Dreieck.gif\",\"contentUrl\":\"https:\\\/\\\/www.ra-foerster.de\\\/wordpress\\\/wp-content\\\/uploads\\\/2025\\\/02\\\/cropped-Dreieck.gif\",\"width\":512,\"height\":512,\"caption\":\"Dr. Foerster und Partner\"},\"image\":{\"@id\":\"https:\\\/\\\/www.ra-foerster.de\\\/wordpress\\\/#\\\/schema\\\/logo\\\/image\\\/\"}}]}<\/script>\n<!-- \/ Yoast SEO plugin. -->","yoast_head_json":{"title":"Mediation | Dr. Foerster und Partner","description":"Rechtsanw\u00e4ltin Annette Liebing vermittelt als Mediatorin zwischen Konfliktparteien, z.B. bei Trennung, Scheidung oder Erbauseinandersetzungen.","robots":{"index":"index","follow":"follow","max-snippet":"max-snippet:-1","max-image-preview":"max-image-preview:large","max-video-preview":"max-video-preview:-1"},"canonical":"https:\/\/www.ra-foerster.de\/wordpress\/mediation\/","og_locale":"de_DE","og_type":"article","og_title":"Mediation | Dr. Foerster und Partner","og_description":"Rechtsanw\u00e4ltin Annette Liebing vermittelt als Mediatorin zwischen Konfliktparteien, z.B. bei Trennung, Scheidung oder Erbauseinandersetzungen.","og_url":"https:\/\/www.ra-foerster.de\/wordpress\/mediation\/","og_site_name":"Dr. Foerster und Partner","article_modified_time":"2025-03-18T15:50:13+00:00","og_image":[{"url":"https:\/\/www.ra-foerster.de\/wordpress\/wp-content\/uploads\/2025\/02\/webseite2-scaled.jpg","type":"","width":"","height":""}],"twitter_card":"summary_large_image","twitter_misc":{"Gesch\u00e4tzte Lesezeit":"2\u00a0Minuten"},"schema":{"@context":"https:\/\/schema.org","@graph":[{"@type":"WebPage","@id":"https:\/\/www.ra-foerster.de\/wordpress\/mediation\/","url":"https:\/\/www.ra-foerster.de\/wordpress\/mediation\/","name":"Mediation | Dr. Foerster und Partner","isPartOf":{"@id":"https:\/\/www.ra-foerster.de\/wordpress\/#website"},"primaryImageOfPage":{"@id":"https:\/\/www.ra-foerster.de\/wordpress\/mediation\/#primaryimage"},"image":{"@id":"https:\/\/www.ra-foerster.de\/wordpress\/mediation\/#primaryimage"},"thumbnailUrl":"https:\/\/www.ra-foerster.de\/wordpress\/wp-content\/uploads\/2025\/02\/webseite2-scaled.jpg","datePublished":"2025-02-21T08:37:22+00:00","dateModified":"2025-03-18T15:50:13+00:00","description":"Rechtsanw\u00e4ltin Annette Liebing vermittelt als Mediatorin zwischen Konfliktparteien, z.B. bei Trennung, Scheidung oder Erbauseinandersetzungen.","breadcrumb":{"@id":"https:\/\/www.ra-foerster.de\/wordpress\/mediation\/#breadcrumb"},"inLanguage":"de","potentialAction":[{"@type":"ReadAction","target":["https:\/\/www.ra-foerster.de\/wordpress\/mediation\/"]}]},{"@type":"ImageObject","inLanguage":"de","@id":"https:\/\/www.ra-foerster.de\/wordpress\/mediation\/#primaryimage","url":"https:\/\/www.ra-foerster.de\/wordpress\/wp-content\/uploads\/2025\/02\/webseite2-scaled.jpg","contentUrl":"https:\/\/www.ra-foerster.de\/wordpress\/wp-content\/uploads\/2025\/02\/webseite2-scaled.jpg","width":2560,"height":2300},{"@type":"BreadcrumbList","@id":"https:\/\/www.ra-foerster.de\/wordpress\/mediation\/#breadcrumb","itemListElement":[{"@type":"ListItem","position":1,"name":"Startseite","item":"https:\/\/www.ra-foerster.de\/wordpress\/"},{"@type":"ListItem","position":2,"name":"Mediation"}]},{"@type":"WebSite","@id":"https:\/\/www.ra-foerster.de\/wordpress\/#website","url":"https:\/\/www.ra-foerster.de\/wordpress\/","name":"Dr. Foerster und Partner","description":"Rechtsanw\u00e4lte","publisher":{"@id":"https:\/\/www.ra-foerster.de\/wordpress\/#organization"},"potentialAction":[{"@type":"SearchAction","target":{"@type":"EntryPoint","urlTemplate":"https:\/\/www.ra-foerster.de\/wordpress\/?s={search_term_string}"},"query-input":{"@type":"PropertyValueSpecification","valueRequired":true,"valueName":"search_term_string"}}],"inLanguage":"de"},{"@type":"Organization","@id":"https:\/\/www.ra-foerster.de\/wordpress\/#organization","name":"Dr. Foerster und Partner","url":"https:\/\/www.ra-foerster.de\/wordpress\/","logo":{"@type":"ImageObject","inLanguage":"de","@id":"https:\/\/www.ra-foerster.de\/wordpress\/#\/schema\/logo\/image\/","url":"https:\/\/www.ra-foerster.de\/wordpress\/wp-content\/uploads\/2025\/02\/cropped-Dreieck.gif","contentUrl":"https:\/\/www.ra-foerster.de\/wordpress\/wp-content\/uploads\/2025\/02\/cropped-Dreieck.gif","width":512,"height":512,"caption":"Dr. Foerster und Partner"},"image":{"@id":"https:\/\/www.ra-foerster.de\/wordpress\/#\/schema\/logo\/image\/"}}]}},"_links":{"self":[{"href":"https:\/\/www.ra-foerster.de\/wordpress\/wp-json\/wp\/v2\/pages\/263","targetHints":{"allow":["GET"]}}],"collection":[{"href":"https:\/\/www.ra-foerster.de\/wordpress\/wp-json\/wp\/v2\/pages"}],"about":[{"href":"https:\/\/www.ra-foerster.de\/wordpress\/wp-json\/wp\/v2\/types\/page"}],"author":[{"embeddable":true,"href":"https:\/\/www.ra-foerster.de\/wordpress\/wp-json\/wp\/v2\/users\/1"}],"replies":[{"embeddable":true,"href":"https:\/\/www.ra-foerster.de\/wordpress\/wp-json\/wp\/v2\/comments?post=263"}],"version-history":[{"count":3,"href":"https:\/\/www.ra-foerster.de\/wordpress\/wp-json\/wp\/v2\/pages\/263\/revisions"}],"predecessor-version":[{"id":314,"href":"https:\/\/www.ra-foerster.de\/wordpress\/wp-json\/wp\/v2\/pages\/263\/revisions\/314"}],"wp:attachment":[{"href":"https:\/\/www.ra-foerster.de\/wordpress\/wp-json\/wp\/v2\/media?parent=263"}],"curies":[{"name":"wp","href":"https:\/\/api.w.org\/{rel}","templated":true}]}}