{"id":250,"date":"2025-02-21T09:20:17","date_gmt":"2025-02-21T08:20:17","guid":{"rendered":"https:\/\/www.ra-foerster.de\/wordpress\/?page_id=250"},"modified":"2025-03-18T16:48:37","modified_gmt":"2025-03-18T15:48:37","slug":"versicherungsrecht","status":"publish","type":"page","link":"https:\/\/www.ra-foerster.de\/wordpress\/versicherungsrecht\/","title":{"rendered":"Versicherungsrecht"},"content":{"rendered":"\n<h1 class=\"wp-block-heading\">Versicherungsrecht<\/h1>\n\n\n\n<div style=\"height:2rem\" aria-hidden=\"true\" class=\"wp-block-spacer\"><\/div>\n\n\n\n<p class=\"has-medium-font-size\">Im&nbsp;<strong>Privatversicherungsrecht<\/strong>&nbsp;sind Sie als Verbraucher regelm\u00e4\u00dfig mit einer&nbsp;<strong>gro\u00dfen Versicherungsgesellschaft mit eigener Rechtsabteilung<\/strong>&nbsp;sowie&nbsp;<strong>mehrseitigen Versicherungsbedingungen<\/strong>&nbsp;mit juristischen Ausf\u00fchrungen im Kleingedruckten konfrontiert.<\/p>\n\n\n\n<p class=\"has-medium-font-size\"><strong>Im Versicherungsrecht vertreten wir ausschlie\u00dflich die Interessen von Versicherungsnehmerinnen und Versicherungsnehmern.<\/strong><\/p>\n\n\n\n<p class=\"has-medium-font-size\">Das richtige&nbsp;<strong>Verst\u00e4ndnis dieser Versicherungsbedingungen<\/strong>, die&nbsp;<strong>Durchsetzung Ihrer Anspr\u00fcche<\/strong>&nbsp;gegen\u00fcber den Versicherungen und die&nbsp;<strong>Aufkl\u00e4rung<\/strong>&nbsp;\u00fcber ihre&nbsp;<strong>Pflichten als Versicherungsnehmer&nbsp;<\/strong>stehen bei unseren Beratungen und Vertretungen in diesem Rechtsgebiet im Vordergrund.<\/p>\n\n\n\n<p class=\"has-medium-font-size\"><strong>Wir beraten und vertreten Sie in folgenden Fragen:<\/strong><\/p>\n\n\n\n<ul class=\"wp-block-list has-medium-font-size\">\n<li>Haftpflichtversicherung<\/li>\n\n\n\n<li>Geb\u00e4udeversicherung<\/li>\n\n\n\n<li>Private Krankenversicherung<\/li>\n\n\n\n<li>Krankenzusatzversicherung<\/li>\n\n\n\n<li>Unfallversicherung<\/li>\n\n\n\n<li>Berufsunf\u00e4higkeitsversicherung<\/li>\n\n\n\n<li>Lebensversicherung<\/li>\n\n\n\n<li>Private Rentenversicherung<\/li>\n\n\n\n<li>Kfz-Versicherung<\/li>\n\n\n\n<li>Reiser\u00fccktrittsversicherung<\/li>\n\n\n\n<li>Rechtsschutzversicherung<\/li>\n<\/ul>\n","protected":false},"excerpt":{"rendered":"<p>Versicherungsrecht Im&nbsp;Privatversicherungsrecht&nbsp;sind Sie als Verbraucher regelm\u00e4\u00dfig mit einer&nbsp;gro\u00dfen Versicherungsgesellschaft mit eigener Rechtsabteilung&nbsp;sowie&nbsp;mehrseitigen Versicherungsbedingungen&nbsp;mit juristischen Ausf\u00fchrungen im Kleingedruckten konfrontiert. Im Versicherungsrecht vertreten wir ausschlie\u00dflich die Interessen von Versicherungsnehmerinnen und Versicherungsnehmern. Das richtige&nbsp;Verst\u00e4ndnis dieser Versicherungsbedingungen, die&nbsp;Durchsetzung Ihrer Anspr\u00fcche&nbsp;gegen\u00fcber den Versicherungen und die&nbsp;Aufkl\u00e4rung&nbsp;\u00fcber ihre&nbsp;Pflichten als Versicherungsnehmer&nbsp;stehen bei unseren Beratungen und Vertretungen in diesem Rechtsgebiet im Vordergrund. Wir beraten [&hellip;]<\/p>\n","protected":false},"author":1,"featured_media":0,"parent":0,"menu_order":0,"comment_status":"closed","ping_status":"closed","template":"","meta":{"footnotes":""},"class_list":["post-250","page","type-page","status-publish","hentry"],"yoast_head":"<!-- This site is optimized with the Yoast SEO plugin v27.4 - https:\/\/yoast.com\/product\/yoast-seo-wordpress\/ -->\n<title>Versicherungsrecht | Dr. Foerster und Partner<\/title>\n<meta name=\"description\" content=\"Unsere Kanzlei ber\u00e4t und vertritt Sie in allen Fragen des Versicherungsrechts: z.B. Haftpflichtversicherung, Lebensversicherung, private Krankenversicherung\" \/>\n<meta name=\"robots\" content=\"index, follow, max-snippet:-1, max-image-preview:large, max-video-preview:-1\" \/>\n<link rel=\"canonical\" href=\"https:\/\/www.ra-foerster.de\/wordpress\/versicherungsrecht\/\" \/>\n<meta property=\"og:locale\" content=\"de_DE\" \/>\n<meta property=\"og:type\" content=\"article\" \/>\n<meta property=\"og:title\" content=\"Versicherungsrecht | Dr. Foerster und Partner\" \/>\n<meta property=\"og:description\" content=\"Unsere Kanzlei ber\u00e4t und vertritt Sie in allen Fragen des Versicherungsrechts: z.B. Haftpflichtversicherung, Lebensversicherung, private Krankenversicherung\" \/>\n<meta property=\"og:url\" content=\"https:\/\/www.ra-foerster.de\/wordpress\/versicherungsrecht\/\" \/>\n<meta property=\"og:site_name\" content=\"Dr. Foerster und Partner\" \/>\n<meta property=\"article:modified_time\" content=\"2025-03-18T15:48:37+00:00\" \/>\n<meta property=\"og:image\" content=\"https:\/\/www.ra-foerster.de\/wordpress\/wp-content\/uploads\/2025\/02\/cropped-Dreieck.gif\" \/>\n\t<meta property=\"og:image:width\" content=\"512\" \/>\n\t<meta property=\"og:image:height\" content=\"512\" \/>\n\t<meta property=\"og:image:type\" content=\"image\/gif\" \/>\n<meta name=\"twitter:card\" content=\"summary_large_image\" \/>\n<meta name=\"twitter:label1\" content=\"Gesch\u00e4tzte Lesezeit\" \/>\n\t<meta name=\"twitter:data1\" content=\"1\u00a0Minute\" \/>\n<script type=\"application\/ld+json\" class=\"yoast-schema-graph\">{\"@context\":\"https:\\\/\\\/schema.org\",\"@graph\":[{\"@type\":\"WebPage\",\"@id\":\"https:\\\/\\\/www.ra-foerster.de\\\/wordpress\\\/versicherungsrecht\\\/\",\"url\":\"https:\\\/\\\/www.ra-foerster.de\\\/wordpress\\\/versicherungsrecht\\\/\",\"name\":\"Versicherungsrecht | Dr. Foerster und Partner\",\"isPartOf\":{\"@id\":\"https:\\\/\\\/www.ra-foerster.de\\\/wordpress\\\/#website\"},\"datePublished\":\"2025-02-21T08:20:17+00:00\",\"dateModified\":\"2025-03-18T15:48:37+00:00\",\"description\":\"Unsere Kanzlei ber\u00e4t und vertritt Sie in allen Fragen des Versicherungsrechts: z.B. Haftpflichtversicherung, Lebensversicherung, private Krankenversicherung\",\"breadcrumb\":{\"@id\":\"https:\\\/\\\/www.ra-foerster.de\\\/wordpress\\\/versicherungsrecht\\\/#breadcrumb\"},\"inLanguage\":\"de\",\"potentialAction\":[{\"@type\":\"ReadAction\",\"target\":[\"https:\\\/\\\/www.ra-foerster.de\\\/wordpress\\\/versicherungsrecht\\\/\"]}]},{\"@type\":\"BreadcrumbList\",\"@id\":\"https:\\\/\\\/www.ra-foerster.de\\\/wordpress\\\/versicherungsrecht\\\/#breadcrumb\",\"itemListElement\":[{\"@type\":\"ListItem\",\"position\":1,\"name\":\"Startseite\",\"item\":\"https:\\\/\\\/www.ra-foerster.de\\\/wordpress\\\/\"},{\"@type\":\"ListItem\",\"position\":2,\"name\":\"Versicherungsrecht\"}]},{\"@type\":\"WebSite\",\"@id\":\"https:\\\/\\\/www.ra-foerster.de\\\/wordpress\\\/#website\",\"url\":\"https:\\\/\\\/www.ra-foerster.de\\\/wordpress\\\/\",\"name\":\"Dr. Foerster und Partner\",\"description\":\"Rechtsanw\u00e4lte\",\"publisher\":{\"@id\":\"https:\\\/\\\/www.ra-foerster.de\\\/wordpress\\\/#organization\"},\"potentialAction\":[{\"@type\":\"SearchAction\",\"target\":{\"@type\":\"EntryPoint\",\"urlTemplate\":\"https:\\\/\\\/www.ra-foerster.de\\\/wordpress\\\/?s={search_term_string}\"},\"query-input\":{\"@type\":\"PropertyValueSpecification\",\"valueRequired\":true,\"valueName\":\"search_term_string\"}}],\"inLanguage\":\"de\"},{\"@type\":\"Organization\",\"@id\":\"https:\\\/\\\/www.ra-foerster.de\\\/wordpress\\\/#organization\",\"name\":\"Dr. Foerster und Partner\",\"url\":\"https:\\\/\\\/www.ra-foerster.de\\\/wordpress\\\/\",\"logo\":{\"@type\":\"ImageObject\",\"inLanguage\":\"de\",\"@id\":\"https:\\\/\\\/www.ra-foerster.de\\\/wordpress\\\/#\\\/schema\\\/logo\\\/image\\\/\",\"url\":\"https:\\\/\\\/www.ra-foerster.de\\\/wordpress\\\/wp-content\\\/uploads\\\/2025\\\/02\\\/cropped-Dreieck.gif\",\"contentUrl\":\"https:\\\/\\\/www.ra-foerster.de\\\/wordpress\\\/wp-content\\\/uploads\\\/2025\\\/02\\\/cropped-Dreieck.gif\",\"width\":512,\"height\":512,\"caption\":\"Dr. Foerster und Partner\"},\"image\":{\"@id\":\"https:\\\/\\\/www.ra-foerster.de\\\/wordpress\\\/#\\\/schema\\\/logo\\\/image\\\/\"}}]}<\/script>\n<!-- \/ Yoast SEO plugin. -->","yoast_head_json":{"title":"Versicherungsrecht | Dr. Foerster und Partner","description":"Unsere Kanzlei ber\u00e4t und vertritt Sie in allen Fragen des Versicherungsrechts: z.B. Haftpflichtversicherung, Lebensversicherung, private Krankenversicherung","robots":{"index":"index","follow":"follow","max-snippet":"max-snippet:-1","max-image-preview":"max-image-preview:large","max-video-preview":"max-video-preview:-1"},"canonical":"https:\/\/www.ra-foerster.de\/wordpress\/versicherungsrecht\/","og_locale":"de_DE","og_type":"article","og_title":"Versicherungsrecht | Dr. Foerster und Partner","og_description":"Unsere Kanzlei ber\u00e4t und vertritt Sie in allen Fragen des Versicherungsrechts: z.B. Haftpflichtversicherung, Lebensversicherung, private Krankenversicherung","og_url":"https:\/\/www.ra-foerster.de\/wordpress\/versicherungsrecht\/","og_site_name":"Dr. Foerster und Partner","article_modified_time":"2025-03-18T15:48:37+00:00","og_image":[{"width":512,"height":512,"url":"https:\/\/www.ra-foerster.de\/wordpress\/wp-content\/uploads\/2025\/02\/cropped-Dreieck.gif","type":"image\/gif"}],"twitter_card":"summary_large_image","twitter_misc":{"Gesch\u00e4tzte Lesezeit":"1\u00a0Minute"},"schema":{"@context":"https:\/\/schema.org","@graph":[{"@type":"WebPage","@id":"https:\/\/www.ra-foerster.de\/wordpress\/versicherungsrecht\/","url":"https:\/\/www.ra-foerster.de\/wordpress\/versicherungsrecht\/","name":"Versicherungsrecht | Dr. Foerster und Partner","isPartOf":{"@id":"https:\/\/www.ra-foerster.de\/wordpress\/#website"},"datePublished":"2025-02-21T08:20:17+00:00","dateModified":"2025-03-18T15:48:37+00:00","description":"Unsere Kanzlei ber\u00e4t und vertritt Sie in allen Fragen des Versicherungsrechts: z.B. Haftpflichtversicherung, Lebensversicherung, private Krankenversicherung","breadcrumb":{"@id":"https:\/\/www.ra-foerster.de\/wordpress\/versicherungsrecht\/#breadcrumb"},"inLanguage":"de","potentialAction":[{"@type":"ReadAction","target":["https:\/\/www.ra-foerster.de\/wordpress\/versicherungsrecht\/"]}]},{"@type":"BreadcrumbList","@id":"https:\/\/www.ra-foerster.de\/wordpress\/versicherungsrecht\/#breadcrumb","itemListElement":[{"@type":"ListItem","position":1,"name":"Startseite","item":"https:\/\/www.ra-foerster.de\/wordpress\/"},{"@type":"ListItem","position":2,"name":"Versicherungsrecht"}]},{"@type":"WebSite","@id":"https:\/\/www.ra-foerster.de\/wordpress\/#website","url":"https:\/\/www.ra-foerster.de\/wordpress\/","name":"Dr. Foerster und Partner","description":"Rechtsanw\u00e4lte","publisher":{"@id":"https:\/\/www.ra-foerster.de\/wordpress\/#organization"},"potentialAction":[{"@type":"SearchAction","target":{"@type":"EntryPoint","urlTemplate":"https:\/\/www.ra-foerster.de\/wordpress\/?s={search_term_string}"},"query-input":{"@type":"PropertyValueSpecification","valueRequired":true,"valueName":"search_term_string"}}],"inLanguage":"de"},{"@type":"Organization","@id":"https:\/\/www.ra-foerster.de\/wordpress\/#organization","name":"Dr. Foerster und Partner","url":"https:\/\/www.ra-foerster.de\/wordpress\/","logo":{"@type":"ImageObject","inLanguage":"de","@id":"https:\/\/www.ra-foerster.de\/wordpress\/#\/schema\/logo\/image\/","url":"https:\/\/www.ra-foerster.de\/wordpress\/wp-content\/uploads\/2025\/02\/cropped-Dreieck.gif","contentUrl":"https:\/\/www.ra-foerster.de\/wordpress\/wp-content\/uploads\/2025\/02\/cropped-Dreieck.gif","width":512,"height":512,"caption":"Dr. Foerster und Partner"},"image":{"@id":"https:\/\/www.ra-foerster.de\/wordpress\/#\/schema\/logo\/image\/"}}]}},"_links":{"self":[{"href":"https:\/\/www.ra-foerster.de\/wordpress\/wp-json\/wp\/v2\/pages\/250","targetHints":{"allow":["GET"]}}],"collection":[{"href":"https:\/\/www.ra-foerster.de\/wordpress\/wp-json\/wp\/v2\/pages"}],"about":[{"href":"https:\/\/www.ra-foerster.de\/wordpress\/wp-json\/wp\/v2\/types\/page"}],"author":[{"embeddable":true,"href":"https:\/\/www.ra-foerster.de\/wordpress\/wp-json\/wp\/v2\/users\/1"}],"replies":[{"embeddable":true,"href":"https:\/\/www.ra-foerster.de\/wordpress\/wp-json\/wp\/v2\/comments?post=250"}],"version-history":[{"count":2,"href":"https:\/\/www.ra-foerster.de\/wordpress\/wp-json\/wp\/v2\/pages\/250\/revisions"}],"predecessor-version":[{"id":253,"href":"https:\/\/www.ra-foerster.de\/wordpress\/wp-json\/wp\/v2\/pages\/250\/revisions\/253"}],"wp:attachment":[{"href":"https:\/\/www.ra-foerster.de\/wordpress\/wp-json\/wp\/v2\/media?parent=250"}],"curies":[{"name":"wp","href":"https:\/\/api.w.org\/{rel}","templated":true}]}}