{"id":229,"date":"2025-02-21T08:50:14","date_gmt":"2025-02-21T07:50:14","guid":{"rendered":"https:\/\/www.ra-foerster.de\/wordpress\/?page_id=229"},"modified":"2025-03-18T16:46:17","modified_gmt":"2025-03-18T15:46:17","slug":"familienrecht","status":"publish","type":"page","link":"https:\/\/www.ra-foerster.de\/wordpress\/familienrecht\/","title":{"rendered":"Familienrecht"},"content":{"rendered":"\n<h1 class=\"wp-block-heading\">Familienrecht<\/h1>\n\n\n\n<div style=\"height:2rem\" aria-hidden=\"true\" class=\"wp-block-spacer\"><\/div>\n\n\n\n<div class=\"wp-block-columns is-layout-flex wp-container-core-columns-is-layout-28f84493 wp-block-columns-is-layout-flex\">\n<div class=\"wp-block-column is-layout-flow wp-block-column-is-layout-flow\">\n<figure class=\"wp-block-image alignright size-full\"><img loading=\"lazy\" decoding=\"async\" width=\"250\" height=\"188\" src=\"https:\/\/www.ra-foerster.de\/wordpress\/wp-content\/uploads\/2025\/02\/bgb.jpg\" alt=\"\" class=\"wp-image-232\" style=\"object-fit:cover\"\/><\/figure>\n\n\n\n<p class=\"has-medium-font-size\">F\u00fcr das&nbsp;<strong>Scheidungsverfahren<\/strong>&nbsp;selbst ist die&nbsp;<strong>Beauftragung eines Anwaltes unumg\u00e4nglich<\/strong>.<br>Aber auch f\u00fcr die&nbsp;<strong>Regelung<\/strong>&nbsp;der Fragen um&nbsp;<strong>Kinder<\/strong>&nbsp;und&nbsp;<strong>Geld<\/strong>&nbsp;brauchen Sie zuverl\u00e4ssige Informationen &#8211; und gegebenenfalls wirksame Hilfe.<br>Gleiches gilt nat\u00fcrlich f\u00fcr&nbsp;<strong>Lebenspartnerschaften<\/strong>.<\/p>\n\n\n\n<p class=\"has-medium-font-size\"><strong>Wir beraten und vertreten Sie in folgenden Fragen:<\/strong><\/p>\n\n\n\n<ul class=\"wp-block-list has-medium-font-size\">\n<li class=\"has-medium-font-size\">Ehescheidung<\/li>\n\n\n\n<li class=\"has-medium-font-size\">Unterhaltsrecht<\/li>\n\n\n\n<li class=\"has-medium-font-size\">Trennungsunterhalt<\/li>\n\n\n\n<li class=\"has-medium-font-size\">Nachehelicher Unterhalt<\/li>\n\n\n\n<li class=\"has-medium-font-size\">Kindesunterhalt<\/li>\n\n\n\n<li class=\"has-medium-font-size\">G\u00fcterrecht<\/li>\n\n\n\n<li class=\"has-medium-font-size\">Verm\u00f6gensauseinandersetzung<\/li>\n\n\n\n<li class=\"has-medium-font-size\">Zugewinnausgleich<\/li>\n\n\n\n<li class=\"has-medium-font-size\">Rentenausgleich<\/li>\n\n\n\n<li class=\"has-medium-font-size\">Versorgungsausgleich<\/li>\n\n\n\n<li class=\"has-medium-font-size\">Sorgerecht<\/li>\n\n\n\n<li class=\"has-medium-font-size\">Umgangsrecht<\/li>\n\n\n\n<li class=\"has-medium-font-size\">Hausrat u. Ehewohnung<\/li>\n\n\n\n<li class=\"has-medium-font-size\">Haushaltsaufteilung<\/li>\n\n\n\n<li class=\"has-medium-font-size\">Gewaltschutz<\/li>\n\n\n\n<li class=\"has-medium-font-size\">Recht der nichtehelichen<\/li>\n\n\n\n<li class=\"has-medium-font-size\">Lebensgemeinschaft<\/li>\n\n\n\n<li class=\"has-medium-font-size\">Adoptionsrecht<\/li>\n<\/ul>\n<\/div>\n<\/div>\n","protected":false},"excerpt":{"rendered":"<p>Familienrecht F\u00fcr das&nbsp;Scheidungsverfahren&nbsp;selbst ist die&nbsp;Beauftragung eines Anwaltes unumg\u00e4nglich.Aber auch f\u00fcr die&nbsp;Regelung&nbsp;der Fragen um&nbsp;Kinder&nbsp;und&nbsp;Geld&nbsp;brauchen Sie zuverl\u00e4ssige Informationen &#8211; und gegebenenfalls wirksame Hilfe.Gleiches gilt nat\u00fcrlich f\u00fcr&nbsp;Lebenspartnerschaften. Wir beraten und vertreten Sie in folgenden Fragen:<\/p>\n","protected":false},"author":1,"featured_media":0,"parent":0,"menu_order":0,"comment_status":"closed","ping_status":"closed","template":"","meta":{"footnotes":""},"class_list":["post-229","page","type-page","status-publish","hentry"],"yoast_head":"<!-- This site is optimized with the Yoast SEO plugin v27.4 - https:\/\/yoast.com\/product\/yoast-seo-wordpress\/ -->\n<title>Familienrecht | Dr. Foerster und Partner<\/title>\n<meta name=\"description\" content=\"Unsere Kanzlei ber\u00e4t und vertritt Sie in allen Fragen des Familienrechts: z.B. Scheidungen, Unterhalt, Sorgerecht, Zugewinnausgleich\" \/>\n<meta name=\"robots\" content=\"index, follow, max-snippet:-1, max-image-preview:large, max-video-preview:-1\" \/>\n<link rel=\"canonical\" href=\"https:\/\/www.ra-foerster.de\/wordpress\/familienrecht\/\" \/>\n<meta property=\"og:locale\" content=\"de_DE\" \/>\n<meta property=\"og:type\" content=\"article\" \/>\n<meta property=\"og:title\" content=\"Familienrecht | Dr. Foerster und Partner\" \/>\n<meta property=\"og:description\" content=\"Unsere Kanzlei ber\u00e4t und vertritt Sie in allen Fragen des Familienrechts: z.B. Scheidungen, Unterhalt, Sorgerecht, Zugewinnausgleich\" \/>\n<meta property=\"og:url\" content=\"https:\/\/www.ra-foerster.de\/wordpress\/familienrecht\/\" \/>\n<meta property=\"og:site_name\" content=\"Dr. Foerster und Partner\" \/>\n<meta property=\"article:modified_time\" content=\"2025-03-18T15:46:17+00:00\" \/>\n<meta property=\"og:image\" content=\"https:\/\/www.ra-foerster.de\/wordpress\/wp-content\/uploads\/2025\/02\/bgb.jpg\" \/>\n<meta name=\"twitter:card\" content=\"summary_large_image\" \/>\n<meta name=\"twitter:label1\" content=\"Gesch\u00e4tzte Lesezeit\" \/>\n\t<meta name=\"twitter:data1\" content=\"1\u00a0Minute\" \/>\n<script type=\"application\/ld+json\" class=\"yoast-schema-graph\">{\"@context\":\"https:\\\/\\\/schema.org\",\"@graph\":[{\"@type\":\"WebPage\",\"@id\":\"https:\\\/\\\/www.ra-foerster.de\\\/wordpress\\\/familienrecht\\\/\",\"url\":\"https:\\\/\\\/www.ra-foerster.de\\\/wordpress\\\/familienrecht\\\/\",\"name\":\"Familienrecht | Dr. Foerster und Partner\",\"isPartOf\":{\"@id\":\"https:\\\/\\\/www.ra-foerster.de\\\/wordpress\\\/#website\"},\"primaryImageOfPage\":{\"@id\":\"https:\\\/\\\/www.ra-foerster.de\\\/wordpress\\\/familienrecht\\\/#primaryimage\"},\"image\":{\"@id\":\"https:\\\/\\\/www.ra-foerster.de\\\/wordpress\\\/familienrecht\\\/#primaryimage\"},\"thumbnailUrl\":\"https:\\\/\\\/www.ra-foerster.de\\\/wordpress\\\/wp-content\\\/uploads\\\/2025\\\/02\\\/bgb.jpg\",\"datePublished\":\"2025-02-21T07:50:14+00:00\",\"dateModified\":\"2025-03-18T15:46:17+00:00\",\"description\":\"Unsere Kanzlei ber\u00e4t und vertritt Sie in allen Fragen des Familienrechts: z.B. Scheidungen, Unterhalt, Sorgerecht, Zugewinnausgleich\",\"breadcrumb\":{\"@id\":\"https:\\\/\\\/www.ra-foerster.de\\\/wordpress\\\/familienrecht\\\/#breadcrumb\"},\"inLanguage\":\"de\",\"potentialAction\":[{\"@type\":\"ReadAction\",\"target\":[\"https:\\\/\\\/www.ra-foerster.de\\\/wordpress\\\/familienrecht\\\/\"]}]},{\"@type\":\"ImageObject\",\"inLanguage\":\"de\",\"@id\":\"https:\\\/\\\/www.ra-foerster.de\\\/wordpress\\\/familienrecht\\\/#primaryimage\",\"url\":\"https:\\\/\\\/www.ra-foerster.de\\\/wordpress\\\/wp-content\\\/uploads\\\/2025\\\/02\\\/bgb.jpg\",\"contentUrl\":\"https:\\\/\\\/www.ra-foerster.de\\\/wordpress\\\/wp-content\\\/uploads\\\/2025\\\/02\\\/bgb.jpg\",\"width\":250,\"height\":188},{\"@type\":\"BreadcrumbList\",\"@id\":\"https:\\\/\\\/www.ra-foerster.de\\\/wordpress\\\/familienrecht\\\/#breadcrumb\",\"itemListElement\":[{\"@type\":\"ListItem\",\"position\":1,\"name\":\"Startseite\",\"item\":\"https:\\\/\\\/www.ra-foerster.de\\\/wordpress\\\/\"},{\"@type\":\"ListItem\",\"position\":2,\"name\":\"Familienrecht\"}]},{\"@type\":\"WebSite\",\"@id\":\"https:\\\/\\\/www.ra-foerster.de\\\/wordpress\\\/#website\",\"url\":\"https:\\\/\\\/www.ra-foerster.de\\\/wordpress\\\/\",\"name\":\"Dr. Foerster und Partner\",\"description\":\"Rechtsanw\u00e4lte\",\"publisher\":{\"@id\":\"https:\\\/\\\/www.ra-foerster.de\\\/wordpress\\\/#organization\"},\"potentialAction\":[{\"@type\":\"SearchAction\",\"target\":{\"@type\":\"EntryPoint\",\"urlTemplate\":\"https:\\\/\\\/www.ra-foerster.de\\\/wordpress\\\/?s={search_term_string}\"},\"query-input\":{\"@type\":\"PropertyValueSpecification\",\"valueRequired\":true,\"valueName\":\"search_term_string\"}}],\"inLanguage\":\"de\"},{\"@type\":\"Organization\",\"@id\":\"https:\\\/\\\/www.ra-foerster.de\\\/wordpress\\\/#organization\",\"name\":\"Dr. Foerster und Partner\",\"url\":\"https:\\\/\\\/www.ra-foerster.de\\\/wordpress\\\/\",\"logo\":{\"@type\":\"ImageObject\",\"inLanguage\":\"de\",\"@id\":\"https:\\\/\\\/www.ra-foerster.de\\\/wordpress\\\/#\\\/schema\\\/logo\\\/image\\\/\",\"url\":\"https:\\\/\\\/www.ra-foerster.de\\\/wordpress\\\/wp-content\\\/uploads\\\/2025\\\/02\\\/cropped-Dreieck.gif\",\"contentUrl\":\"https:\\\/\\\/www.ra-foerster.de\\\/wordpress\\\/wp-content\\\/uploads\\\/2025\\\/02\\\/cropped-Dreieck.gif\",\"width\":512,\"height\":512,\"caption\":\"Dr. Foerster und Partner\"},\"image\":{\"@id\":\"https:\\\/\\\/www.ra-foerster.de\\\/wordpress\\\/#\\\/schema\\\/logo\\\/image\\\/\"}}]}<\/script>\n<!-- \/ Yoast SEO plugin. -->","yoast_head_json":{"title":"Familienrecht | Dr. Foerster und Partner","description":"Unsere Kanzlei ber\u00e4t und vertritt Sie in allen Fragen des Familienrechts: z.B. Scheidungen, Unterhalt, Sorgerecht, Zugewinnausgleich","robots":{"index":"index","follow":"follow","max-snippet":"max-snippet:-1","max-image-preview":"max-image-preview:large","max-video-preview":"max-video-preview:-1"},"canonical":"https:\/\/www.ra-foerster.de\/wordpress\/familienrecht\/","og_locale":"de_DE","og_type":"article","og_title":"Familienrecht | Dr. Foerster und Partner","og_description":"Unsere Kanzlei ber\u00e4t und vertritt Sie in allen Fragen des Familienrechts: z.B. Scheidungen, Unterhalt, Sorgerecht, Zugewinnausgleich","og_url":"https:\/\/www.ra-foerster.de\/wordpress\/familienrecht\/","og_site_name":"Dr. Foerster und Partner","article_modified_time":"2025-03-18T15:46:17+00:00","og_image":[{"url":"https:\/\/www.ra-foerster.de\/wordpress\/wp-content\/uploads\/2025\/02\/bgb.jpg","type":"","width":"","height":""}],"twitter_card":"summary_large_image","twitter_misc":{"Gesch\u00e4tzte Lesezeit":"1\u00a0Minute"},"schema":{"@context":"https:\/\/schema.org","@graph":[{"@type":"WebPage","@id":"https:\/\/www.ra-foerster.de\/wordpress\/familienrecht\/","url":"https:\/\/www.ra-foerster.de\/wordpress\/familienrecht\/","name":"Familienrecht | Dr. Foerster und Partner","isPartOf":{"@id":"https:\/\/www.ra-foerster.de\/wordpress\/#website"},"primaryImageOfPage":{"@id":"https:\/\/www.ra-foerster.de\/wordpress\/familienrecht\/#primaryimage"},"image":{"@id":"https:\/\/www.ra-foerster.de\/wordpress\/familienrecht\/#primaryimage"},"thumbnailUrl":"https:\/\/www.ra-foerster.de\/wordpress\/wp-content\/uploads\/2025\/02\/bgb.jpg","datePublished":"2025-02-21T07:50:14+00:00","dateModified":"2025-03-18T15:46:17+00:00","description":"Unsere Kanzlei ber\u00e4t und vertritt Sie in allen Fragen des Familienrechts: z.B. Scheidungen, Unterhalt, Sorgerecht, Zugewinnausgleich","breadcrumb":{"@id":"https:\/\/www.ra-foerster.de\/wordpress\/familienrecht\/#breadcrumb"},"inLanguage":"de","potentialAction":[{"@type":"ReadAction","target":["https:\/\/www.ra-foerster.de\/wordpress\/familienrecht\/"]}]},{"@type":"ImageObject","inLanguage":"de","@id":"https:\/\/www.ra-foerster.de\/wordpress\/familienrecht\/#primaryimage","url":"https:\/\/www.ra-foerster.de\/wordpress\/wp-content\/uploads\/2025\/02\/bgb.jpg","contentUrl":"https:\/\/www.ra-foerster.de\/wordpress\/wp-content\/uploads\/2025\/02\/bgb.jpg","width":250,"height":188},{"@type":"BreadcrumbList","@id":"https:\/\/www.ra-foerster.de\/wordpress\/familienrecht\/#breadcrumb","itemListElement":[{"@type":"ListItem","position":1,"name":"Startseite","item":"https:\/\/www.ra-foerster.de\/wordpress\/"},{"@type":"ListItem","position":2,"name":"Familienrecht"}]},{"@type":"WebSite","@id":"https:\/\/www.ra-foerster.de\/wordpress\/#website","url":"https:\/\/www.ra-foerster.de\/wordpress\/","name":"Dr. Foerster und Partner","description":"Rechtsanw\u00e4lte","publisher":{"@id":"https:\/\/www.ra-foerster.de\/wordpress\/#organization"},"potentialAction":[{"@type":"SearchAction","target":{"@type":"EntryPoint","urlTemplate":"https:\/\/www.ra-foerster.de\/wordpress\/?s={search_term_string}"},"query-input":{"@type":"PropertyValueSpecification","valueRequired":true,"valueName":"search_term_string"}}],"inLanguage":"de"},{"@type":"Organization","@id":"https:\/\/www.ra-foerster.de\/wordpress\/#organization","name":"Dr. Foerster und Partner","url":"https:\/\/www.ra-foerster.de\/wordpress\/","logo":{"@type":"ImageObject","inLanguage":"de","@id":"https:\/\/www.ra-foerster.de\/wordpress\/#\/schema\/logo\/image\/","url":"https:\/\/www.ra-foerster.de\/wordpress\/wp-content\/uploads\/2025\/02\/cropped-Dreieck.gif","contentUrl":"https:\/\/www.ra-foerster.de\/wordpress\/wp-content\/uploads\/2025\/02\/cropped-Dreieck.gif","width":512,"height":512,"caption":"Dr. Foerster und Partner"},"image":{"@id":"https:\/\/www.ra-foerster.de\/wordpress\/#\/schema\/logo\/image\/"}}]}},"_links":{"self":[{"href":"https:\/\/www.ra-foerster.de\/wordpress\/wp-json\/wp\/v2\/pages\/229","targetHints":{"allow":["GET"]}}],"collection":[{"href":"https:\/\/www.ra-foerster.de\/wordpress\/wp-json\/wp\/v2\/pages"}],"about":[{"href":"https:\/\/www.ra-foerster.de\/wordpress\/wp-json\/wp\/v2\/types\/page"}],"author":[{"embeddable":true,"href":"https:\/\/www.ra-foerster.de\/wordpress\/wp-json\/wp\/v2\/users\/1"}],"replies":[{"embeddable":true,"href":"https:\/\/www.ra-foerster.de\/wordpress\/wp-json\/wp\/v2\/comments?post=229"}],"version-history":[{"count":3,"href":"https:\/\/www.ra-foerster.de\/wordpress\/wp-json\/wp\/v2\/pages\/229\/revisions"}],"predecessor-version":[{"id":234,"href":"https:\/\/www.ra-foerster.de\/wordpress\/wp-json\/wp\/v2\/pages\/229\/revisions\/234"}],"wp:attachment":[{"href":"https:\/\/www.ra-foerster.de\/wordpress\/wp-json\/wp\/v2\/media?parent=229"}],"curies":[{"name":"wp","href":"https:\/\/api.w.org\/{rel}","templated":true}]}}