{"id":222,"date":"2025-02-20T15:36:04","date_gmt":"2025-02-20T14:36:04","guid":{"rendered":"https:\/\/www.ra-foerster.de\/wordpress\/?page_id=222"},"modified":"2025-07-29T14:08:22","modified_gmt":"2025-07-29T12:08:22","slug":"dr-thomas-foerster","status":"publish","type":"page","link":"https:\/\/www.ra-foerster.de\/wordpress\/dr-thomas-foerster\/","title":{"rendered":"Dr. Thomas Foerster"},"content":{"rendered":"\n<h1 class=\"wp-block-heading\">Rechtsanwalt Dr. Thomas Foerster<\/h1>\n\n\n\n<div style=\"height:2rem\" aria-hidden=\"true\" class=\"wp-block-spacer\"><\/div>\n\n\n\n<div class=\"wp-block-columns is-layout-flex wp-container-core-columns-is-layout-25e8e569 wp-block-columns-is-layout-flex\" style=\"padding-bottom:2rem\">\n<div class=\"wp-block-column is-vertically-aligned-top is-layout-flow wp-block-column-is-layout-flow\">\n<figure class=\"wp-block-image size-full is-resized\"><img loading=\"lazy\" decoding=\"async\" width=\"1276\" height=\"1536\" src=\"https:\/\/www.ra-foerster.de\/wordpress\/wp-content\/uploads\/2025\/02\/signal-2025-02-19-13-48-09-910-1.jpg\" alt=\"\" class=\"wp-image-308\" style=\"width:400px\" srcset=\"https:\/\/www.ra-foerster.de\/wordpress\/wp-content\/uploads\/2025\/02\/signal-2025-02-19-13-48-09-910-1.jpg 1276w, https:\/\/www.ra-foerster.de\/wordpress\/wp-content\/uploads\/2025\/02\/signal-2025-02-19-13-48-09-910-1-249x300.jpg 249w, https:\/\/www.ra-foerster.de\/wordpress\/wp-content\/uploads\/2025\/02\/signal-2025-02-19-13-48-09-910-1-851x1024.jpg 851w, https:\/\/www.ra-foerster.de\/wordpress\/wp-content\/uploads\/2025\/02\/signal-2025-02-19-13-48-09-910-1-768x924.jpg 768w\" sizes=\"auto, (max-width: 1276px) 100vw, 1276px\" \/><\/figure>\n<\/div>\n\n\n\n<div class=\"wp-block-column is-vertically-aligned-top is-layout-flow wp-block-column-is-layout-flow\">\n<p class=\"has-medium-font-size\">Studium: Recht, Betriebswirtschaft, Psychologie<br>Anwaltszulassung seit 1978<\/p>\n\n\n\n<p class=\"has-medium-font-size\"><strong>Rechtsanwalt<\/strong><\/p>\n\n\n\n<p class=\"has-medium-font-size\"><strong>Schwerpunkte der juristischen T\u00e4tigkeit:<\/strong><br>S\u00e4mtliche familienrechtlichen Fragestellungen<br>(Scheidung, Unterhalt, Gewaltschutz, Trennung, Zugewinnausgleich, Sorgerecht, Verm\u00f6gensauseinandersetzung&#8230;)<\/p>\n\n\n\n<p class=\"has-medium-font-size\"><strong>Standespolitische Erfahrungen:<\/strong><br>\u00b7&nbsp;Pr\u00fcfungsausschuss f\u00fcr die Zulassung zum<br>&nbsp; Fachanwalt f\u00fcr Familienrecht<br>\u00b7&nbsp;Regionalbeauftragter der<br>&nbsp; Arbeitsgemeinschaft Familienrecht im<br>&nbsp; Deutschen Anwaltsverein<br>\u00b7&nbsp;Delegierter des Deutschen Anwaltsvereins<br>&nbsp; zur Bundesarbeitsgemeinschaft f\u00fcr<br>&nbsp; Familien-Mediation<\/p>\n\n\n\n<p class=\"has-medium-font-size\"><strong>Berufserfahrung:<\/strong><br>Richter, juristische Lehrt\u00e4tigkeit, Journalismus,&nbsp;Entwicklungshilfeprojekte in Afrika, Lateinamerika und Nahost<\/p>\n\n\n\n<p class=\"has-medium-font-size\"><strong>E-Mail:<\/strong>&nbsp;<a href=\"mailto:foerster@ra-foerster.de\" target=\"_blank\" rel=\"noreferrer noopener\">Dr. Thomas Foerster<\/a><\/p>\n<\/div>\n<\/div>\n\n\n\n<h2 class=\"wp-block-heading\">Ehrenbrief<\/h2>\n\n\n\n<figure class=\"wp-block-image size-large is-resized\"><img loading=\"lazy\" decoding=\"async\" width=\"724\" height=\"1024\" src=\"https:\/\/www.ra-foerster.de\/wordpress\/wp-content\/uploads\/2025\/02\/Ehrenbrief_ThomasFoerster_gr-724x1024.jpg\" alt=\"\" class=\"wp-image-66\" style=\"width:398px;height:auto\" srcset=\"https:\/\/www.ra-foerster.de\/wordpress\/wp-content\/uploads\/2025\/02\/Ehrenbrief_ThomasFoerster_gr-724x1024.jpg 724w, https:\/\/www.ra-foerster.de\/wordpress\/wp-content\/uploads\/2025\/02\/Ehrenbrief_ThomasFoerster_gr-212x300.jpg 212w, https:\/\/www.ra-foerster.de\/wordpress\/wp-content\/uploads\/2025\/02\/Ehrenbrief_ThomasFoerster_gr-768x1087.jpg 768w, https:\/\/www.ra-foerster.de\/wordpress\/wp-content\/uploads\/2025\/02\/Ehrenbrief_ThomasFoerster_gr.jpg 1000w\" sizes=\"auto, (max-width: 724px) 100vw, 724px\" \/><\/figure>\n","protected":false},"excerpt":{"rendered":"<p>Rechtsanwalt Dr. Thomas Foerster Studium: Recht, Betriebswirtschaft, PsychologieAnwaltszulassung seit 1978 Rechtsanwalt Schwerpunkte der juristischen T\u00e4tigkeit:S\u00e4mtliche familienrechtlichen Fragestellungen(Scheidung, Unterhalt, Gewaltschutz, Trennung, Zugewinnausgleich, Sorgerecht, Verm\u00f6gensauseinandersetzung&#8230;) Standespolitische Erfahrungen:\u00b7&nbsp;Pr\u00fcfungsausschuss f\u00fcr die Zulassung zum&nbsp; Fachanwalt f\u00fcr Familienrecht\u00b7&nbsp;Regionalbeauftragter der&nbsp; Arbeitsgemeinschaft Familienrecht im&nbsp; Deutschen Anwaltsverein\u00b7&nbsp;Delegierter des Deutschen Anwaltsvereins&nbsp; zur Bundesarbeitsgemeinschaft f\u00fcr&nbsp; Familien-Mediation Berufserfahrung:Richter, juristische Lehrt\u00e4tigkeit, Journalismus,&nbsp;Entwicklungshilfeprojekte in Afrika, Lateinamerika und Nahost E-Mail:&nbsp;Dr. [&hellip;]<\/p>\n","protected":false},"author":1,"featured_media":0,"parent":0,"menu_order":0,"comment_status":"closed","ping_status":"closed","template":"","meta":{"footnotes":""},"class_list":["post-222","page","type-page","status-publish","hentry"],"yoast_head":"<!-- This site is optimized with the Yoast SEO plugin v27.4 - https:\/\/yoast.com\/product\/yoast-seo-wordpress\/ -->\n<title>Dr. Thomas Foerster | Dr. Foerster und Partner<\/title>\n<meta name=\"description\" content=\"Dr. Thomas Foerster ber\u00e4t und vertritt Sie in vielen Fragen des Familienrechts.\" \/>\n<meta name=\"robots\" content=\"index, follow, max-snippet:-1, max-image-preview:large, max-video-preview:-1\" \/>\n<link rel=\"canonical\" href=\"https:\/\/www.ra-foerster.de\/wordpress\/dr-thomas-foerster\/\" \/>\n<meta property=\"og:locale\" content=\"de_DE\" \/>\n<meta property=\"og:type\" content=\"article\" \/>\n<meta property=\"og:title\" content=\"Dr. Thomas Foerster | Dr. Foerster und Partner\" \/>\n<meta property=\"og:description\" content=\"Dr. Thomas Foerster ber\u00e4t und vertritt Sie in vielen Fragen des Familienrechts.\" \/>\n<meta property=\"og:url\" content=\"https:\/\/www.ra-foerster.de\/wordpress\/dr-thomas-foerster\/\" \/>\n<meta property=\"og:site_name\" content=\"Dr. Foerster und Partner\" \/>\n<meta property=\"article:modified_time\" content=\"2025-07-29T12:08:22+00:00\" \/>\n<meta property=\"og:image\" content=\"https:\/\/www.ra-foerster.de\/wordpress\/wp-content\/uploads\/2025\/02\/signal-2025-02-19-13-48-09-910-1.jpg\" \/>\n\t<meta property=\"og:image:width\" content=\"1276\" \/>\n\t<meta property=\"og:image:height\" content=\"1536\" \/>\n\t<meta property=\"og:image:type\" content=\"image\/jpeg\" \/>\n<meta name=\"twitter:card\" content=\"summary_large_image\" \/>\n<meta name=\"twitter:label1\" content=\"Gesch\u00e4tzte Lesezeit\" \/>\n\t<meta name=\"twitter:data1\" content=\"1\u00a0Minute\" \/>\n<script type=\"application\/ld+json\" class=\"yoast-schema-graph\">{\"@context\":\"https:\\\/\\\/schema.org\",\"@graph\":[{\"@type\":\"WebPage\",\"@id\":\"https:\\\/\\\/www.ra-foerster.de\\\/wordpress\\\/dr-thomas-foerster\\\/\",\"url\":\"https:\\\/\\\/www.ra-foerster.de\\\/wordpress\\\/dr-thomas-foerster\\\/\",\"name\":\"Dr. Thomas Foerster | Dr. Foerster und Partner\",\"isPartOf\":{\"@id\":\"https:\\\/\\\/www.ra-foerster.de\\\/wordpress\\\/#website\"},\"primaryImageOfPage\":{\"@id\":\"https:\\\/\\\/www.ra-foerster.de\\\/wordpress\\\/dr-thomas-foerster\\\/#primaryimage\"},\"image\":{\"@id\":\"https:\\\/\\\/www.ra-foerster.de\\\/wordpress\\\/dr-thomas-foerster\\\/#primaryimage\"},\"thumbnailUrl\":\"https:\\\/\\\/www.ra-foerster.de\\\/wordpress\\\/wp-content\\\/uploads\\\/2025\\\/02\\\/signal-2025-02-19-13-48-09-910-1.jpg\",\"datePublished\":\"2025-02-20T14:36:04+00:00\",\"dateModified\":\"2025-07-29T12:08:22+00:00\",\"description\":\"Dr. Thomas Foerster ber\u00e4t und vertritt Sie in vielen Fragen des Familienrechts.\",\"breadcrumb\":{\"@id\":\"https:\\\/\\\/www.ra-foerster.de\\\/wordpress\\\/dr-thomas-foerster\\\/#breadcrumb\"},\"inLanguage\":\"de\",\"potentialAction\":[{\"@type\":\"ReadAction\",\"target\":[\"https:\\\/\\\/www.ra-foerster.de\\\/wordpress\\\/dr-thomas-foerster\\\/\"]}]},{\"@type\":\"ImageObject\",\"inLanguage\":\"de\",\"@id\":\"https:\\\/\\\/www.ra-foerster.de\\\/wordpress\\\/dr-thomas-foerster\\\/#primaryimage\",\"url\":\"https:\\\/\\\/www.ra-foerster.de\\\/wordpress\\\/wp-content\\\/uploads\\\/2025\\\/02\\\/signal-2025-02-19-13-48-09-910-1.jpg\",\"contentUrl\":\"https:\\\/\\\/www.ra-foerster.de\\\/wordpress\\\/wp-content\\\/uploads\\\/2025\\\/02\\\/signal-2025-02-19-13-48-09-910-1.jpg\",\"width\":1276,\"height\":1536},{\"@type\":\"BreadcrumbList\",\"@id\":\"https:\\\/\\\/www.ra-foerster.de\\\/wordpress\\\/dr-thomas-foerster\\\/#breadcrumb\",\"itemListElement\":[{\"@type\":\"ListItem\",\"position\":1,\"name\":\"Startseite\",\"item\":\"https:\\\/\\\/www.ra-foerster.de\\\/wordpress\\\/\"},{\"@type\":\"ListItem\",\"position\":2,\"name\":\"Dr. Thomas Foerster\"}]},{\"@type\":\"WebSite\",\"@id\":\"https:\\\/\\\/www.ra-foerster.de\\\/wordpress\\\/#website\",\"url\":\"https:\\\/\\\/www.ra-foerster.de\\\/wordpress\\\/\",\"name\":\"Dr. Foerster und Partner\",\"description\":\"Rechtsanw\u00e4lte\",\"publisher\":{\"@id\":\"https:\\\/\\\/www.ra-foerster.de\\\/wordpress\\\/#organization\"},\"potentialAction\":[{\"@type\":\"SearchAction\",\"target\":{\"@type\":\"EntryPoint\",\"urlTemplate\":\"https:\\\/\\\/www.ra-foerster.de\\\/wordpress\\\/?s={search_term_string}\"},\"query-input\":{\"@type\":\"PropertyValueSpecification\",\"valueRequired\":true,\"valueName\":\"search_term_string\"}}],\"inLanguage\":\"de\"},{\"@type\":\"Organization\",\"@id\":\"https:\\\/\\\/www.ra-foerster.de\\\/wordpress\\\/#organization\",\"name\":\"Dr. Foerster und Partner\",\"url\":\"https:\\\/\\\/www.ra-foerster.de\\\/wordpress\\\/\",\"logo\":{\"@type\":\"ImageObject\",\"inLanguage\":\"de\",\"@id\":\"https:\\\/\\\/www.ra-foerster.de\\\/wordpress\\\/#\\\/schema\\\/logo\\\/image\\\/\",\"url\":\"https:\\\/\\\/www.ra-foerster.de\\\/wordpress\\\/wp-content\\\/uploads\\\/2025\\\/02\\\/cropped-Dreieck.gif\",\"contentUrl\":\"https:\\\/\\\/www.ra-foerster.de\\\/wordpress\\\/wp-content\\\/uploads\\\/2025\\\/02\\\/cropped-Dreieck.gif\",\"width\":512,\"height\":512,\"caption\":\"Dr. Foerster und Partner\"},\"image\":{\"@id\":\"https:\\\/\\\/www.ra-foerster.de\\\/wordpress\\\/#\\\/schema\\\/logo\\\/image\\\/\"}}]}<\/script>\n<!-- \/ Yoast SEO plugin. -->","yoast_head_json":{"title":"Dr. Thomas Foerster | Dr. Foerster und Partner","description":"Dr. Thomas Foerster ber\u00e4t und vertritt Sie in vielen Fragen des Familienrechts.","robots":{"index":"index","follow":"follow","max-snippet":"max-snippet:-1","max-image-preview":"max-image-preview:large","max-video-preview":"max-video-preview:-1"},"canonical":"https:\/\/www.ra-foerster.de\/wordpress\/dr-thomas-foerster\/","og_locale":"de_DE","og_type":"article","og_title":"Dr. Thomas Foerster | Dr. Foerster und Partner","og_description":"Dr. Thomas Foerster ber\u00e4t und vertritt Sie in vielen Fragen des Familienrechts.","og_url":"https:\/\/www.ra-foerster.de\/wordpress\/dr-thomas-foerster\/","og_site_name":"Dr. Foerster und Partner","article_modified_time":"2025-07-29T12:08:22+00:00","og_image":[{"width":1276,"height":1536,"url":"https:\/\/www.ra-foerster.de\/wordpress\/wp-content\/uploads\/2025\/02\/signal-2025-02-19-13-48-09-910-1.jpg","type":"image\/jpeg"}],"twitter_card":"summary_large_image","twitter_misc":{"Gesch\u00e4tzte Lesezeit":"1\u00a0Minute"},"schema":{"@context":"https:\/\/schema.org","@graph":[{"@type":"WebPage","@id":"https:\/\/www.ra-foerster.de\/wordpress\/dr-thomas-foerster\/","url":"https:\/\/www.ra-foerster.de\/wordpress\/dr-thomas-foerster\/","name":"Dr. Thomas Foerster | Dr. Foerster und Partner","isPartOf":{"@id":"https:\/\/www.ra-foerster.de\/wordpress\/#website"},"primaryImageOfPage":{"@id":"https:\/\/www.ra-foerster.de\/wordpress\/dr-thomas-foerster\/#primaryimage"},"image":{"@id":"https:\/\/www.ra-foerster.de\/wordpress\/dr-thomas-foerster\/#primaryimage"},"thumbnailUrl":"https:\/\/www.ra-foerster.de\/wordpress\/wp-content\/uploads\/2025\/02\/signal-2025-02-19-13-48-09-910-1.jpg","datePublished":"2025-02-20T14:36:04+00:00","dateModified":"2025-07-29T12:08:22+00:00","description":"Dr. Thomas Foerster ber\u00e4t und vertritt Sie in vielen Fragen des Familienrechts.","breadcrumb":{"@id":"https:\/\/www.ra-foerster.de\/wordpress\/dr-thomas-foerster\/#breadcrumb"},"inLanguage":"de","potentialAction":[{"@type":"ReadAction","target":["https:\/\/www.ra-foerster.de\/wordpress\/dr-thomas-foerster\/"]}]},{"@type":"ImageObject","inLanguage":"de","@id":"https:\/\/www.ra-foerster.de\/wordpress\/dr-thomas-foerster\/#primaryimage","url":"https:\/\/www.ra-foerster.de\/wordpress\/wp-content\/uploads\/2025\/02\/signal-2025-02-19-13-48-09-910-1.jpg","contentUrl":"https:\/\/www.ra-foerster.de\/wordpress\/wp-content\/uploads\/2025\/02\/signal-2025-02-19-13-48-09-910-1.jpg","width":1276,"height":1536},{"@type":"BreadcrumbList","@id":"https:\/\/www.ra-foerster.de\/wordpress\/dr-thomas-foerster\/#breadcrumb","itemListElement":[{"@type":"ListItem","position":1,"name":"Startseite","item":"https:\/\/www.ra-foerster.de\/wordpress\/"},{"@type":"ListItem","position":2,"name":"Dr. Thomas Foerster"}]},{"@type":"WebSite","@id":"https:\/\/www.ra-foerster.de\/wordpress\/#website","url":"https:\/\/www.ra-foerster.de\/wordpress\/","name":"Dr. Foerster und Partner","description":"Rechtsanw\u00e4lte","publisher":{"@id":"https:\/\/www.ra-foerster.de\/wordpress\/#organization"},"potentialAction":[{"@type":"SearchAction","target":{"@type":"EntryPoint","urlTemplate":"https:\/\/www.ra-foerster.de\/wordpress\/?s={search_term_string}"},"query-input":{"@type":"PropertyValueSpecification","valueRequired":true,"valueName":"search_term_string"}}],"inLanguage":"de"},{"@type":"Organization","@id":"https:\/\/www.ra-foerster.de\/wordpress\/#organization","name":"Dr. Foerster und Partner","url":"https:\/\/www.ra-foerster.de\/wordpress\/","logo":{"@type":"ImageObject","inLanguage":"de","@id":"https:\/\/www.ra-foerster.de\/wordpress\/#\/schema\/logo\/image\/","url":"https:\/\/www.ra-foerster.de\/wordpress\/wp-content\/uploads\/2025\/02\/cropped-Dreieck.gif","contentUrl":"https:\/\/www.ra-foerster.de\/wordpress\/wp-content\/uploads\/2025\/02\/cropped-Dreieck.gif","width":512,"height":512,"caption":"Dr. Foerster und Partner"},"image":{"@id":"https:\/\/www.ra-foerster.de\/wordpress\/#\/schema\/logo\/image\/"}}]}},"_links":{"self":[{"href":"https:\/\/www.ra-foerster.de\/wordpress\/wp-json\/wp\/v2\/pages\/222","targetHints":{"allow":["GET"]}}],"collection":[{"href":"https:\/\/www.ra-foerster.de\/wordpress\/wp-json\/wp\/v2\/pages"}],"about":[{"href":"https:\/\/www.ra-foerster.de\/wordpress\/wp-json\/wp\/v2\/types\/page"}],"author":[{"embeddable":true,"href":"https:\/\/www.ra-foerster.de\/wordpress\/wp-json\/wp\/v2\/users\/1"}],"replies":[{"embeddable":true,"href":"https:\/\/www.ra-foerster.de\/wordpress\/wp-json\/wp\/v2\/comments?post=222"}],"version-history":[{"count":8,"href":"https:\/\/www.ra-foerster.de\/wordpress\/wp-json\/wp\/v2\/pages\/222\/revisions"}],"predecessor-version":[{"id":378,"href":"https:\/\/www.ra-foerster.de\/wordpress\/wp-json\/wp\/v2\/pages\/222\/revisions\/378"}],"wp:attachment":[{"href":"https:\/\/www.ra-foerster.de\/wordpress\/wp-json\/wp\/v2\/media?parent=222"}],"curies":[{"name":"wp","href":"https:\/\/api.w.org\/{rel}","templated":true}]}}