{"id":216,"date":"2025-02-20T15:32:57","date_gmt":"2025-02-20T14:32:57","guid":{"rendered":"https:\/\/www.ra-foerster.de\/wordpress\/?page_id=216"},"modified":"2025-07-29T14:12:55","modified_gmt":"2025-07-29T12:12:55","slug":"susanne-dohring","status":"publish","type":"page","link":"https:\/\/www.ra-foerster.de\/wordpress\/susanne-dohring\/","title":{"rendered":"SUSANNE D\u00d6HRING"},"content":{"rendered":"\n<h1 class=\"wp-block-heading\">Rechtsanw\u00e4ltin Susanne D\u00f6hring<\/h1>\n\n\n\n<div style=\"height:2rem\" aria-hidden=\"true\" class=\"wp-block-spacer\"><\/div>\n\n\n\n<div class=\"wp-block-columns is-layout-flex wp-container-core-columns-is-layout-25e8e569 wp-block-columns-is-layout-flex\" style=\"padding-bottom:2rem\">\n<div class=\"wp-block-column is-vertically-aligned-top is-layout-flow wp-block-column-is-layout-flow\">\n<figure class=\"wp-block-image size-full is-resized\"><img loading=\"lazy\" decoding=\"async\" width=\"2095\" height=\"2225\" src=\"https:\/\/www.ra-foerster.de\/wordpress\/wp-content\/uploads\/2025\/02\/Susanne-bearb.jpg\" alt=\"\" class=\"wp-image-306\" style=\"width:400px\" srcset=\"https:\/\/www.ra-foerster.de\/wordpress\/wp-content\/uploads\/2025\/02\/Susanne-bearb.jpg 2095w, https:\/\/www.ra-foerster.de\/wordpress\/wp-content\/uploads\/2025\/02\/Susanne-bearb-282x300.jpg 282w, https:\/\/www.ra-foerster.de\/wordpress\/wp-content\/uploads\/2025\/02\/Susanne-bearb-964x1024.jpg 964w, https:\/\/www.ra-foerster.de\/wordpress\/wp-content\/uploads\/2025\/02\/Susanne-bearb-768x816.jpg 768w, https:\/\/www.ra-foerster.de\/wordpress\/wp-content\/uploads\/2025\/02\/Susanne-bearb-1446x1536.jpg 1446w, https:\/\/www.ra-foerster.de\/wordpress\/wp-content\/uploads\/2025\/02\/Susanne-bearb-1928x2048.jpg 1928w\" sizes=\"auto, (max-width: 2095px) 100vw, 2095px\" \/><\/figure>\n<\/div>\n\n\n\n<div class=\"wp-block-column is-vertically-aligned-top is-layout-flow wp-block-column-is-layout-flow\">\n<p class=\"has-medium-font-size\">Geboren: 1977 in Dresden<br>Studium: Recht<br>Anwaltszulassung seit 2003<br><br><strong>Fachanw\u00e4ltin f\u00fcr Arbeitsrecht<\/strong><br>(K\u00fcndigung, Abmahnung, Lohn und Urlaub, Tarifvertrag&#8230;)<\/p>\n\n\n\n<p class=\"has-medium-font-size\"><strong>Schwerpunkte der juristischen T\u00e4tigkeit:<\/strong><br><strong>\u00b7 Arbeitsrecht<\/strong><br><strong>\u00b7 allgemeines Zivilrecht<\/strong><br><strong>\u00b7 Versicherungsrecht<\/strong><br>\u00a0\u00a0\u00a0 \u2013 Versicherungsvertrag<br>\u00a0\u00a0\u00a0 \u2013 Haftpflichtversicherung<br>\u00a0\u00a0\u00a0 \u2013 Reiser\u00fccktrittsversicherung<br>\u00a0\u00a0\u00a0 \u2013 Geb\u00e4udeversicherung<br>\u00a0\u00a0\u00a0 \u2013 Krankenversicherung<br>\u00a0\u00a0\u00a0 \u2013 Unfallversicherung<br>\u00a0\u00a0\u00a0 \u2013 Lebensversicherung<br><strong>\u00b7 Verkehrsrecht<\/strong> (Unfall, Schadenersatz und Schmerzensgeld&#8230;)<strong>\u00a0<\/strong><br><strong>\u00b7 Vertragsrecht<\/strong><br><strong>\u00b7 Mietrecht<\/strong><\/p>\n\n\n\n<p class=\"has-medium-font-size\">RAin&nbsp;<strong>Susanne D\u00f6hring<\/strong>&nbsp;bietet als ans\u00e4ssige Dietenhofenerin auch Beratungen und Vertretungen in und um&nbsp;<strong>Dietenhofen&nbsp;<\/strong>(Landkreis Ansbach) an.<br><br><strong>Berufliche Mitgliedschaften<\/strong>:<br>\u00b7&nbsp;<a href=\"https:\/\/anwaltverein.de\/de\/\" target=\"_blank\" rel=\"noreferrer noopener\">Deutscher Anwaltverein<br><\/a>\u00b7&nbsp;<a href=\"https:\/\/www.rak-nbg.de\/\" target=\"_blank\" rel=\"noreferrer noopener\">Rechtsanwaltskammer N\u00fcrnberg<\/a><a href=\"http:\/\/www.arbeitsrecht.de\/\"><br><\/a>\u00b7&nbsp;<a href=\"https:\/\/ag-arbeitsrecht.de\/de\/\" target=\"_blank\" rel=\"noreferrer noopener\">Arbeitsgemeinschaft Arbeitsrecht<\/a><br>\u00b7 <a href=\"https:\/\/www.bafm-mediation.de\/\" target=\"_blank\" rel=\"noreferrer noopener\">Bundes-Arbeitsgemeinschaft f\u00fcr Familien-Mediation<\/a><\/p>\n\n\n\n<p class=\"has-medium-font-size\"><strong>E-Mail:<\/strong>&nbsp;<a href=\"mailto:doehring@ra-foerster.de\" target=\"_blank\" rel=\"noreferrer noopener\">RAin Susanne D\u00f6hring<\/a><\/p>\n<\/div>\n<\/div>\n\n\n\n<div class=\"wp-block-columns are-vertically-aligned-center is-layout-flex wp-container-core-columns-is-layout-7853ee72 wp-block-columns-is-layout-flex\" style=\"padding-top:2rem\">\n<div class=\"wp-block-column is-vertically-aligned-center is-layout-flow wp-block-column-is-layout-flow\">\n<h2 class=\"wp-block-heading has-text-align-center\">Kurzinformation zum Arbeitsrecht<strong>&nbsp;<\/strong><\/h2>\n\n\n\n<figure class=\"wp-block-embed is-type-video is-provider-youtube wp-block-embed-youtube wp-embed-aspect-16-9 wp-has-aspect-ratio\" style=\"margin-right:5rem;margin-left:5rem\"><div class=\"wp-block-embed__wrapper\">\n<iframe loading=\"lazy\" title=\"Rechtsanw\u00e4ltin Susanne D\u00f6hring zum Thema Arbeitsrecht -  Kanzlei Dr. Foerster und Partner F\u00fcrth\" width=\"500\" height=\"281\" src=\"https:\/\/www.youtube.com\/embed\/YKrjEHmfCbI?feature=oembed\" frameborder=\"0\" allow=\"accelerometer; autoplay; clipboard-write; encrypted-media; gyroscope; picture-in-picture; web-share\" referrerpolicy=\"strict-origin-when-cross-origin\" allowfullscreen><\/iframe>\n<\/div><\/figure>\n<\/div>\n<\/div>\n","protected":false},"excerpt":{"rendered":"<p>Rechtsanw\u00e4ltin Susanne D\u00f6hring Geboren: 1977 in DresdenStudium: RechtAnwaltszulassung seit 2003 Fachanw\u00e4ltin f\u00fcr Arbeitsrecht(K\u00fcndigung, Abmahnung, Lohn und Urlaub, Tarifvertrag&#8230;) Schwerpunkte der juristischen T\u00e4tigkeit:\u00b7 Arbeitsrecht\u00b7 allgemeines Zivilrecht\u00b7 Versicherungsrecht\u00a0\u00a0\u00a0 \u2013 Versicherungsvertrag\u00a0\u00a0\u00a0 \u2013 Haftpflichtversicherung\u00a0\u00a0\u00a0 \u2013 Reiser\u00fccktrittsversicherung\u00a0\u00a0\u00a0 \u2013 Geb\u00e4udeversicherung\u00a0\u00a0\u00a0 \u2013 Krankenversicherung\u00a0\u00a0\u00a0 \u2013 Unfallversicherung\u00a0\u00a0\u00a0 \u2013 Lebensversicherung\u00b7 Verkehrsrecht (Unfall, Schadenersatz und Schmerzensgeld&#8230;)\u00a0\u00b7 Vertragsrecht\u00b7 Mietrecht RAin&nbsp;Susanne D\u00f6hring&nbsp;bietet als ans\u00e4ssige Dietenhofenerin auch Beratungen und [&hellip;]<\/p>\n","protected":false},"author":1,"featured_media":0,"parent":0,"menu_order":0,"comment_status":"closed","ping_status":"closed","template":"","meta":{"footnotes":""},"class_list":["post-216","page","type-page","status-publish","hentry"],"yoast_head":"<!-- This site is optimized with the Yoast SEO plugin v27.4 - https:\/\/yoast.com\/product\/yoast-seo-wordpress\/ -->\n<title>SUSANNE D\u00d6HRING | Dr. Foerster und Partner<\/title>\n<meta name=\"description\" content=\"Susanne D\u00f6hring: Fachanw\u00e4ltin f\u00fcr Arbeitsrecht, weitere T\u00e4tigkeitsschwerpunkte: allgemeines Zivilrecht, Versicherungsrecht und Verkehrsrecht - Beratung und Vertretung auch in Dietenhofen\" \/>\n<meta name=\"robots\" content=\"index, follow, max-snippet:-1, max-image-preview:large, max-video-preview:-1\" \/>\n<link rel=\"canonical\" href=\"https:\/\/www.ra-foerster.de\/wordpress\/susanne-dohring\/\" \/>\n<meta property=\"og:locale\" content=\"de_DE\" \/>\n<meta property=\"og:type\" content=\"article\" \/>\n<meta property=\"og:title\" content=\"SUSANNE D\u00d6HRING | Dr. Foerster und Partner\" \/>\n<meta property=\"og:description\" content=\"Susanne D\u00f6hring: Fachanw\u00e4ltin f\u00fcr Arbeitsrecht, weitere T\u00e4tigkeitsschwerpunkte: allgemeines Zivilrecht, Versicherungsrecht und Verkehrsrecht - Beratung und Vertretung auch in Dietenhofen\" \/>\n<meta property=\"og:url\" content=\"https:\/\/www.ra-foerster.de\/wordpress\/susanne-dohring\/\" \/>\n<meta property=\"og:site_name\" content=\"Dr. Foerster und Partner\" \/>\n<meta property=\"article:modified_time\" content=\"2025-07-29T12:12:55+00:00\" \/>\n<meta property=\"og:image\" content=\"https:\/\/www.ra-foerster.de\/wordpress\/wp-content\/uploads\/2025\/02\/Susanne-bearb.jpg\" \/>\n\t<meta property=\"og:image:width\" content=\"2095\" \/>\n\t<meta property=\"og:image:height\" content=\"2225\" \/>\n\t<meta property=\"og:image:type\" content=\"image\/jpeg\" \/>\n<meta name=\"twitter:card\" content=\"summary_large_image\" \/>\n<meta name=\"twitter:label1\" content=\"Gesch\u00e4tzte Lesezeit\" \/>\n\t<meta name=\"twitter:data1\" content=\"1\u00a0Minute\" \/>\n<script type=\"application\/ld+json\" class=\"yoast-schema-graph\">{\"@context\":\"https:\\\/\\\/schema.org\",\"@graph\":[{\"@type\":\"WebPage\",\"@id\":\"https:\\\/\\\/www.ra-foerster.de\\\/wordpress\\\/susanne-dohring\\\/\",\"url\":\"https:\\\/\\\/www.ra-foerster.de\\\/wordpress\\\/susanne-dohring\\\/\",\"name\":\"SUSANNE D\u00d6HRING | Dr. Foerster und Partner\",\"isPartOf\":{\"@id\":\"https:\\\/\\\/www.ra-foerster.de\\\/wordpress\\\/#website\"},\"primaryImageOfPage\":{\"@id\":\"https:\\\/\\\/www.ra-foerster.de\\\/wordpress\\\/susanne-dohring\\\/#primaryimage\"},\"image\":{\"@id\":\"https:\\\/\\\/www.ra-foerster.de\\\/wordpress\\\/susanne-dohring\\\/#primaryimage\"},\"thumbnailUrl\":\"https:\\\/\\\/www.ra-foerster.de\\\/wordpress\\\/wp-content\\\/uploads\\\/2025\\\/02\\\/Susanne-bearb.jpg\",\"datePublished\":\"2025-02-20T14:32:57+00:00\",\"dateModified\":\"2025-07-29T12:12:55+00:00\",\"description\":\"Susanne D\u00f6hring: Fachanw\u00e4ltin f\u00fcr Arbeitsrecht, weitere T\u00e4tigkeitsschwerpunkte: allgemeines Zivilrecht, Versicherungsrecht und Verkehrsrecht - Beratung und Vertretung auch in Dietenhofen\",\"breadcrumb\":{\"@id\":\"https:\\\/\\\/www.ra-foerster.de\\\/wordpress\\\/susanne-dohring\\\/#breadcrumb\"},\"inLanguage\":\"de\",\"potentialAction\":[{\"@type\":\"ReadAction\",\"target\":[\"https:\\\/\\\/www.ra-foerster.de\\\/wordpress\\\/susanne-dohring\\\/\"]}]},{\"@type\":\"ImageObject\",\"inLanguage\":\"de\",\"@id\":\"https:\\\/\\\/www.ra-foerster.de\\\/wordpress\\\/susanne-dohring\\\/#primaryimage\",\"url\":\"https:\\\/\\\/www.ra-foerster.de\\\/wordpress\\\/wp-content\\\/uploads\\\/2025\\\/02\\\/Susanne-bearb.jpg\",\"contentUrl\":\"https:\\\/\\\/www.ra-foerster.de\\\/wordpress\\\/wp-content\\\/uploads\\\/2025\\\/02\\\/Susanne-bearb.jpg\",\"width\":2095,\"height\":2225},{\"@type\":\"BreadcrumbList\",\"@id\":\"https:\\\/\\\/www.ra-foerster.de\\\/wordpress\\\/susanne-dohring\\\/#breadcrumb\",\"itemListElement\":[{\"@type\":\"ListItem\",\"position\":1,\"name\":\"Startseite\",\"item\":\"https:\\\/\\\/www.ra-foerster.de\\\/wordpress\\\/\"},{\"@type\":\"ListItem\",\"position\":2,\"name\":\"SUSANNE D\u00d6HRING\"}]},{\"@type\":\"WebSite\",\"@id\":\"https:\\\/\\\/www.ra-foerster.de\\\/wordpress\\\/#website\",\"url\":\"https:\\\/\\\/www.ra-foerster.de\\\/wordpress\\\/\",\"name\":\"Dr. Foerster und Partner\",\"description\":\"Rechtsanw\u00e4lte\",\"publisher\":{\"@id\":\"https:\\\/\\\/www.ra-foerster.de\\\/wordpress\\\/#organization\"},\"potentialAction\":[{\"@type\":\"SearchAction\",\"target\":{\"@type\":\"EntryPoint\",\"urlTemplate\":\"https:\\\/\\\/www.ra-foerster.de\\\/wordpress\\\/?s={search_term_string}\"},\"query-input\":{\"@type\":\"PropertyValueSpecification\",\"valueRequired\":true,\"valueName\":\"search_term_string\"}}],\"inLanguage\":\"de\"},{\"@type\":\"Organization\",\"@id\":\"https:\\\/\\\/www.ra-foerster.de\\\/wordpress\\\/#organization\",\"name\":\"Dr. Foerster und Partner\",\"url\":\"https:\\\/\\\/www.ra-foerster.de\\\/wordpress\\\/\",\"logo\":{\"@type\":\"ImageObject\",\"inLanguage\":\"de\",\"@id\":\"https:\\\/\\\/www.ra-foerster.de\\\/wordpress\\\/#\\\/schema\\\/logo\\\/image\\\/\",\"url\":\"https:\\\/\\\/www.ra-foerster.de\\\/wordpress\\\/wp-content\\\/uploads\\\/2025\\\/02\\\/cropped-Dreieck.gif\",\"contentUrl\":\"https:\\\/\\\/www.ra-foerster.de\\\/wordpress\\\/wp-content\\\/uploads\\\/2025\\\/02\\\/cropped-Dreieck.gif\",\"width\":512,\"height\":512,\"caption\":\"Dr. Foerster und Partner\"},\"image\":{\"@id\":\"https:\\\/\\\/www.ra-foerster.de\\\/wordpress\\\/#\\\/schema\\\/logo\\\/image\\\/\"}}]}<\/script>\n<!-- \/ Yoast SEO plugin. -->","yoast_head_json":{"title":"SUSANNE D\u00d6HRING | Dr. Foerster und Partner","description":"Susanne D\u00f6hring: Fachanw\u00e4ltin f\u00fcr Arbeitsrecht, weitere T\u00e4tigkeitsschwerpunkte: allgemeines Zivilrecht, Versicherungsrecht und Verkehrsrecht - Beratung und Vertretung auch in Dietenhofen","robots":{"index":"index","follow":"follow","max-snippet":"max-snippet:-1","max-image-preview":"max-image-preview:large","max-video-preview":"max-video-preview:-1"},"canonical":"https:\/\/www.ra-foerster.de\/wordpress\/susanne-dohring\/","og_locale":"de_DE","og_type":"article","og_title":"SUSANNE D\u00d6HRING | Dr. Foerster und Partner","og_description":"Susanne D\u00f6hring: Fachanw\u00e4ltin f\u00fcr Arbeitsrecht, weitere T\u00e4tigkeitsschwerpunkte: allgemeines Zivilrecht, Versicherungsrecht und Verkehrsrecht - Beratung und Vertretung auch in Dietenhofen","og_url":"https:\/\/www.ra-foerster.de\/wordpress\/susanne-dohring\/","og_site_name":"Dr. Foerster und Partner","article_modified_time":"2025-07-29T12:12:55+00:00","og_image":[{"width":2095,"height":2225,"url":"https:\/\/www.ra-foerster.de\/wordpress\/wp-content\/uploads\/2025\/02\/Susanne-bearb.jpg","type":"image\/jpeg"}],"twitter_card":"summary_large_image","twitter_misc":{"Gesch\u00e4tzte Lesezeit":"1\u00a0Minute"},"schema":{"@context":"https:\/\/schema.org","@graph":[{"@type":"WebPage","@id":"https:\/\/www.ra-foerster.de\/wordpress\/susanne-dohring\/","url":"https:\/\/www.ra-foerster.de\/wordpress\/susanne-dohring\/","name":"SUSANNE D\u00d6HRING | Dr. Foerster und Partner","isPartOf":{"@id":"https:\/\/www.ra-foerster.de\/wordpress\/#website"},"primaryImageOfPage":{"@id":"https:\/\/www.ra-foerster.de\/wordpress\/susanne-dohring\/#primaryimage"},"image":{"@id":"https:\/\/www.ra-foerster.de\/wordpress\/susanne-dohring\/#primaryimage"},"thumbnailUrl":"https:\/\/www.ra-foerster.de\/wordpress\/wp-content\/uploads\/2025\/02\/Susanne-bearb.jpg","datePublished":"2025-02-20T14:32:57+00:00","dateModified":"2025-07-29T12:12:55+00:00","description":"Susanne D\u00f6hring: Fachanw\u00e4ltin f\u00fcr Arbeitsrecht, weitere T\u00e4tigkeitsschwerpunkte: allgemeines Zivilrecht, Versicherungsrecht und Verkehrsrecht - Beratung und Vertretung auch in Dietenhofen","breadcrumb":{"@id":"https:\/\/www.ra-foerster.de\/wordpress\/susanne-dohring\/#breadcrumb"},"inLanguage":"de","potentialAction":[{"@type":"ReadAction","target":["https:\/\/www.ra-foerster.de\/wordpress\/susanne-dohring\/"]}]},{"@type":"ImageObject","inLanguage":"de","@id":"https:\/\/www.ra-foerster.de\/wordpress\/susanne-dohring\/#primaryimage","url":"https:\/\/www.ra-foerster.de\/wordpress\/wp-content\/uploads\/2025\/02\/Susanne-bearb.jpg","contentUrl":"https:\/\/www.ra-foerster.de\/wordpress\/wp-content\/uploads\/2025\/02\/Susanne-bearb.jpg","width":2095,"height":2225},{"@type":"BreadcrumbList","@id":"https:\/\/www.ra-foerster.de\/wordpress\/susanne-dohring\/#breadcrumb","itemListElement":[{"@type":"ListItem","position":1,"name":"Startseite","item":"https:\/\/www.ra-foerster.de\/wordpress\/"},{"@type":"ListItem","position":2,"name":"SUSANNE D\u00d6HRING"}]},{"@type":"WebSite","@id":"https:\/\/www.ra-foerster.de\/wordpress\/#website","url":"https:\/\/www.ra-foerster.de\/wordpress\/","name":"Dr. Foerster und Partner","description":"Rechtsanw\u00e4lte","publisher":{"@id":"https:\/\/www.ra-foerster.de\/wordpress\/#organization"},"potentialAction":[{"@type":"SearchAction","target":{"@type":"EntryPoint","urlTemplate":"https:\/\/www.ra-foerster.de\/wordpress\/?s={search_term_string}"},"query-input":{"@type":"PropertyValueSpecification","valueRequired":true,"valueName":"search_term_string"}}],"inLanguage":"de"},{"@type":"Organization","@id":"https:\/\/www.ra-foerster.de\/wordpress\/#organization","name":"Dr. Foerster und Partner","url":"https:\/\/www.ra-foerster.de\/wordpress\/","logo":{"@type":"ImageObject","inLanguage":"de","@id":"https:\/\/www.ra-foerster.de\/wordpress\/#\/schema\/logo\/image\/","url":"https:\/\/www.ra-foerster.de\/wordpress\/wp-content\/uploads\/2025\/02\/cropped-Dreieck.gif","contentUrl":"https:\/\/www.ra-foerster.de\/wordpress\/wp-content\/uploads\/2025\/02\/cropped-Dreieck.gif","width":512,"height":512,"caption":"Dr. Foerster und Partner"},"image":{"@id":"https:\/\/www.ra-foerster.de\/wordpress\/#\/schema\/logo\/image\/"}}]}},"_links":{"self":[{"href":"https:\/\/www.ra-foerster.de\/wordpress\/wp-json\/wp\/v2\/pages\/216","targetHints":{"allow":["GET"]}}],"collection":[{"href":"https:\/\/www.ra-foerster.de\/wordpress\/wp-json\/wp\/v2\/pages"}],"about":[{"href":"https:\/\/www.ra-foerster.de\/wordpress\/wp-json\/wp\/v2\/types\/page"}],"author":[{"embeddable":true,"href":"https:\/\/www.ra-foerster.de\/wordpress\/wp-json\/wp\/v2\/users\/1"}],"replies":[{"embeddable":true,"href":"https:\/\/www.ra-foerster.de\/wordpress\/wp-json\/wp\/v2\/comments?post=216"}],"version-history":[{"count":7,"href":"https:\/\/www.ra-foerster.de\/wordpress\/wp-json\/wp\/v2\/pages\/216\/revisions"}],"predecessor-version":[{"id":382,"href":"https:\/\/www.ra-foerster.de\/wordpress\/wp-json\/wp\/v2\/pages\/216\/revisions\/382"}],"wp:attachment":[{"href":"https:\/\/www.ra-foerster.de\/wordpress\/wp-json\/wp\/v2\/media?parent=216"}],"curies":[{"name":"wp","href":"https:\/\/api.w.org\/{rel}","templated":true}]}}