{"id":2,"date":"2025-02-17T14:36:53","date_gmt":"2025-02-17T13:36:53","guid":{"rendered":"https:\/\/www.ra-foerster.de\/wordpress\/?page_id=2"},"modified":"2025-07-29T14:38:46","modified_gmt":"2025-07-29T12:38:46","slug":"rechtsanwaelte-dr-foerster-und-partner","status":"publish","type":"page","link":"https:\/\/www.ra-foerster.de\/wordpress\/","title":{"rendered":"Rechtsanw\u00e4lte Dr. Foerster und Partner"},"content":{"rendered":"\n<h1 class=\"wp-block-heading\">Rechtsanw\u00e4lte Dr. Foerster und Partner<\/h1>\n\n\n\n<div class=\"wp-block-columns is-layout-flex wp-container-core-columns-is-layout-f300760e wp-block-columns-is-layout-flex\" style=\"padding-top:var(--wp--preset--spacing--50);padding-bottom:var(--wp--preset--spacing--50)\">\n<div class=\"wp-block-column is-layout-flow wp-block-column-is-layout-flow\">\n<figure class=\"wp-block-image size-full\"><img loading=\"lazy\" decoding=\"async\" width=\"2560\" height=\"1920\" src=\"https:\/\/www.ra-foerster.de\/wordpress\/wp-content\/uploads\/2025\/02\/web_dreier-scaled.jpg\" alt=\"\" class=\"wp-image-285\" srcset=\"https:\/\/www.ra-foerster.de\/wordpress\/wp-content\/uploads\/2025\/02\/web_dreier-scaled.jpg 2560w, https:\/\/www.ra-foerster.de\/wordpress\/wp-content\/uploads\/2025\/02\/web_dreier-300x225.jpg 300w, https:\/\/www.ra-foerster.de\/wordpress\/wp-content\/uploads\/2025\/02\/web_dreier-1024x768.jpg 1024w, https:\/\/www.ra-foerster.de\/wordpress\/wp-content\/uploads\/2025\/02\/web_dreier-768x576.jpg 768w, https:\/\/www.ra-foerster.de\/wordpress\/wp-content\/uploads\/2025\/02\/web_dreier-1536x1152.jpg 1536w, https:\/\/www.ra-foerster.de\/wordpress\/wp-content\/uploads\/2025\/02\/web_dreier-2048x1536.jpg 2048w\" sizes=\"auto, (max-width: 2560px) 100vw, 2560px\" \/><\/figure>\n<\/div>\n\n\n\n<div class=\"wp-block-column is-vertically-aligned-center is-layout-flow wp-block-column-is-layout-flow\" style=\"padding-top:2rem;padding-bottom:2rem\">\n<h3 class=\"wp-block-heading is-style-default has-x-large-font-size\">Herzlich willkommen<\/h3>\n\n\n\n<p class=\"is-style-default has-medium-font-size\">Wir sind ein zivilrechtlich t\u00e4tiges Anwaltsb\u00fcro in F\u00fcrth und beraten und vertreten Sie kompetent in juristischen Fragen.<\/p>\n<\/div>\n<\/div>\n\n\n\n<h2 class=\"wp-block-heading\">Unsere Schwerpunkte<\/h2>\n\n\n\n<div style=\"height:1rem\" aria-hidden=\"true\" class=\"wp-block-spacer\"><\/div>\n\n\n\n<h3 class=\"wp-block-heading has-large-font-size\">Rechtsanw\u00e4ltin Annette Liebing&nbsp;&amp;&nbsp;Rechtsanwalt Dr. Thomas Foerster<\/h3>\n\n\n\n<ul class=\"wp-block-list has-medium-font-size\">\n<li><strong>Familienrecht<\/strong><\/li>\n<\/ul>\n\n\n\n<div class=\"wp-block-buttons is-layout-flex wp-block-buttons-is-layout-flex\">\n<div class=\"wp-block-button\"><a class=\"wp-block-button__link has-accent-4-background-color has-background has-small-font-size has-custom-font-size wp-element-button\" href=\"https:\/\/www.ra-foerster.de\/wordpress\/annette-liebing\/\" style=\"border-radius:0px\">Mehr erfahren \u00fcber Annette Liebing<\/a><\/div>\n\n\n\n<div class=\"wp-block-button\"><a class=\"wp-block-button__link has-accent-4-background-color has-background has-small-font-size has-custom-font-size wp-element-button\" href=\"https:\/\/www.ra-foerster.de\/wordpress\/dr-thomas-foerster\/\" style=\"border-style:none;border-width:0px;border-radius:0px\">Mehr erfahren \u00fcber Dr. Thomas Foerster<\/a><\/div>\n<\/div>\n\n\n\n<div style=\"height:1rem\" aria-hidden=\"true\" class=\"wp-block-spacer\"><\/div>\n\n\n\n<h3 class=\"wp-block-heading has-large-font-size\">Rechtsanw\u00e4ltin Annette Liebing<\/h3>\n\n\n\n<ul class=\"wp-block-list has-medium-font-size\">\n<li><strong>Erbrecht<\/strong><\/li>\n\n\n\n<li><strong>Mediation<\/strong><\/li>\n<\/ul>\n\n\n\n<div class=\"wp-block-buttons is-layout-flex wp-block-buttons-is-layout-flex\">\n<div class=\"wp-block-button\"><a class=\"wp-block-button__link has-accent-4-background-color has-background has-small-font-size has-custom-font-size wp-element-button\" href=\"https:\/\/www.ra-foerster.de\/wordpress\/annette-liebing\/\" style=\"border-radius:0px\">Mehr erfahren \u00fcber Annette Liebing<\/a><\/div>\n<\/div>\n\n\n\n<div style=\"height:1rem\" aria-hidden=\"true\" class=\"wp-block-spacer\"><\/div>\n\n\n\n<h3 class=\"wp-block-heading has-large-font-size\">Rechtsanw\u00e4ltin Susanne D\u00f6hring<\/h3>\n\n\n\n<ul class=\"wp-block-list has-medium-font-size\">\n<li><strong>Arbeitsrecht<\/strong>&nbsp;<\/li>\n\n\n\n<li><strong>Allgemeines Zivilrecht<\/strong><\/li>\n\n\n\n<li><strong>Verkehrsrecht&nbsp;<\/strong><\/li>\n\n\n\n<li><strong>Versicherungsrecht<\/strong><\/li>\n\n\n\n<li><strong>Vertragsrecht<\/strong><\/li>\n\n\n\n<li><strong>Mietrecht<\/strong><\/li>\n<\/ul>\n\n\n\n<div class=\"wp-block-buttons is-layout-flex wp-block-buttons-is-layout-flex\">\n<div class=\"wp-block-button\"><a class=\"wp-block-button__link has-accent-4-background-color has-background has-small-font-size has-custom-font-size wp-element-button\" href=\"https:\/\/www.ra-foerster.de\/wordpress\/susanne-dohring\/\" style=\"border-radius:0px\">Mehr erfahren \u00fcber Susanne D\u00f6hring<\/a><\/div>\n<\/div>\n\n\n\n<div style=\"height:1rem\" aria-hidden=\"true\" class=\"wp-block-spacer\"><\/div>\n\n\n\n<div style=\"height:0px\" aria-hidden=\"true\" class=\"wp-block-spacer\"><\/div>\n\n\n\n<figure class=\"wp-block-table is-style-regular has-medium-font-size\"><table class=\"has-fixed-layout\" style=\"border-style:none;border-width:0px\"><tbody><tr><td class=\"has-text-align-center\" data-align=\"center\"><strong>Wir vergeben unsere Termine kurzfristig.<\/strong><br>Unsere&nbsp;<strong>Kanzlei<\/strong>&nbsp;in der&nbsp;<strong>Foersterm\u00fchle<\/strong>&nbsp;ist in F\u00fcrth zentral gelegen&nbsp;und hervorragend mit \u00f6ffentlichen Verkehrsmitteln oder dem Pkw erreichbar.<br><strong>Direkt an der U1\/Stadthalle, <\/strong><strong>eigene Parkpl\u00e4tze<\/strong>.<\/td><\/tr><\/tbody><\/table><\/figure>\n\n\n\n<ul class=\"wp-block-social-links aligncenter is-layout-flex wp-block-social-links-is-layout-flex\"><li class=\"wp-social-link wp-social-link-youtube  wp-block-social-link\"><a href=\"https:\/\/www.ra-foerster.de\/wordpress\/kanzlei-praesenation-yt\/\" class=\"wp-block-social-link-anchor\"><svg width=\"24\" height=\"24\" viewBox=\"0 0 24 24\" version=\"1.1\" xmlns=\"http:\/\/www.w3.org\/2000\/svg\" aria-hidden=\"true\" focusable=\"false\"><path d=\"M21.8,8.001c0,0-0.195-1.378-0.795-1.985c-0.76-0.797-1.613-0.801-2.004-0.847c-2.799-0.202-6.997-0.202-6.997-0.202 h-0.009c0,0-4.198,0-6.997,0.202C4.608,5.216,3.756,5.22,2.995,6.016C2.395,6.623,2.2,8.001,2.2,8.001S2,9.62,2,11.238v1.517 c0,1.618,0.2,3.237,0.2,3.237s0.195,1.378,0.795,1.985c0.761,0.797,1.76,0.771,2.205,0.855c1.6,0.153,6.8,0.201,6.8,0.201 s4.203-0.006,7.001-0.209c0.391-0.047,1.243-0.051,2.004-0.847c0.6-0.607,0.795-1.985,0.795-1.985s0.2-1.618,0.2-3.237v-1.517 C22,9.62,21.8,8.001,21.8,8.001z M9.935,14.594l-0.001-5.62l5.404,2.82L9.935,14.594z\"><\/path><\/svg><span class=\"wp-block-social-link-label screen-reader-text\">YouTube<\/span><\/a><\/li><\/ul>\n\n\n\n<p class=\"has-text-align-center has-medium-font-size\"><a href=\"https:\/\/www.ra-foerster.de\/wordpress\/kanzlei-praesenation-yt\/\">Unsere Kanzleipr\u00e4sentation als Videoclip<\/a><\/p>\n\n\n\n<p><\/p>\n","protected":false},"excerpt":{"rendered":"<p>Rechtsanw\u00e4lte Dr. Foerster und Partner Herzlich willkommen Wir sind ein zivilrechtlich t\u00e4tiges Anwaltsb\u00fcro in F\u00fcrth und beraten und vertreten Sie kompetent in juristischen Fragen. Unsere Schwerpunkte Rechtsanw\u00e4ltin Annette Liebing&nbsp;&amp;&nbsp;Rechtsanwalt Dr. Thomas Foerster Rechtsanw\u00e4ltin Annette Liebing Rechtsanw\u00e4ltin Susanne D\u00f6hring Wir vergeben unsere Termine kurzfristig.Unsere&nbsp;Kanzlei&nbsp;in der&nbsp;Foersterm\u00fchle&nbsp;ist in F\u00fcrth zentral gelegen&nbsp;und hervorragend mit \u00f6ffentlichen Verkehrsmitteln oder dem Pkw [&hellip;]<\/p>\n","protected":false},"author":1,"featured_media":0,"parent":0,"menu_order":0,"comment_status":"closed","ping_status":"open","template":"","meta":{"footnotes":""},"class_list":["post-2","page","type-page","status-publish","hentry"],"yoast_head":"<!-- This site is optimized with the Yoast SEO plugin v27.4 - https:\/\/yoast.com\/product\/yoast-seo-wordpress\/ -->\n<title>Rechtsanw\u00e4lte Dr. Foerster und Partner | Dr. Foerster und Partner<\/title>\n<meta name=\"description\" content=\"Rechtsanw\u00e4lte Dr. Foerster und Partner in F\u00fcrth: Familienrecht, Erbrecht, Arbeitsrecht, Versicherungsrecht, Verkehrsrecht, allgemeines Zivilrecht und Mediation. Anwalt \/ Anw\u00e4ltin\/ Anw\u00e4lte F\u00fcrth\" \/>\n<meta name=\"robots\" content=\"index, follow, max-snippet:-1, max-image-preview:large, max-video-preview:-1\" \/>\n<link rel=\"canonical\" href=\"https:\/\/www.ra-foerster.de\/wordpress\/\" \/>\n<meta property=\"og:locale\" content=\"de_DE\" \/>\n<meta property=\"og:type\" content=\"article\" \/>\n<meta property=\"og:title\" content=\"Rechtsanw\u00e4lte Dr. Foerster und Partner | Dr. Foerster und Partner\" \/>\n<meta property=\"og:description\" content=\"Rechtsanw\u00e4lte Dr. Foerster und Partner in F\u00fcrth: Familienrecht, Erbrecht, Arbeitsrecht, Versicherungsrecht, Verkehrsrecht, allgemeines Zivilrecht und Mediation. Anwalt \/ Anw\u00e4ltin\/ Anw\u00e4lte F\u00fcrth\" \/>\n<meta property=\"og:url\" content=\"https:\/\/www.ra-foerster.de\/wordpress\/\" \/>\n<meta property=\"og:site_name\" content=\"Dr. Foerster und Partner\" \/>\n<meta property=\"article:modified_time\" content=\"2025-07-29T12:38:46+00:00\" \/>\n<meta property=\"og:image\" content=\"https:\/\/www.ra-foerster.de\/wordpress\/wp-content\/uploads\/2025\/02\/web_dreier-scaled.jpg\" \/>\n\t<meta property=\"og:image:width\" content=\"2560\" \/>\n\t<meta property=\"og:image:height\" content=\"1920\" \/>\n\t<meta property=\"og:image:type\" content=\"image\/jpeg\" \/>\n<meta name=\"twitter:card\" content=\"summary_large_image\" \/>\n<meta name=\"twitter:label1\" content=\"Gesch\u00e4tzte Lesezeit\" \/>\n\t<meta name=\"twitter:data1\" content=\"1\u00a0Minute\" \/>\n<script type=\"application\/ld+json\" class=\"yoast-schema-graph\">{\"@context\":\"https:\\\/\\\/schema.org\",\"@graph\":[{\"@type\":\"WebPage\",\"@id\":\"https:\\\/\\\/www.ra-foerster.de\\\/wordpress\\\/\",\"url\":\"https:\\\/\\\/www.ra-foerster.de\\\/wordpress\\\/\",\"name\":\"Rechtsanw\u00e4lte Dr. Foerster und Partner | Dr. Foerster und Partner\",\"isPartOf\":{\"@id\":\"https:\\\/\\\/www.ra-foerster.de\\\/wordpress\\\/#website\"},\"primaryImageOfPage\":{\"@id\":\"https:\\\/\\\/www.ra-foerster.de\\\/wordpress\\\/#primaryimage\"},\"image\":{\"@id\":\"https:\\\/\\\/www.ra-foerster.de\\\/wordpress\\\/#primaryimage\"},\"thumbnailUrl\":\"https:\\\/\\\/www.ra-foerster.de\\\/wordpress\\\/wp-content\\\/uploads\\\/2025\\\/02\\\/web_dreier-scaled.jpg\",\"datePublished\":\"2025-02-17T13:36:53+00:00\",\"dateModified\":\"2025-07-29T12:38:46+00:00\",\"description\":\"Rechtsanw\u00e4lte Dr. Foerster und Partner in F\u00fcrth: Familienrecht, Erbrecht, Arbeitsrecht, Versicherungsrecht, Verkehrsrecht, allgemeines Zivilrecht und Mediation. Anwalt \\\/ Anw\u00e4ltin\\\/ Anw\u00e4lte F\u00fcrth\",\"breadcrumb\":{\"@id\":\"https:\\\/\\\/www.ra-foerster.de\\\/wordpress\\\/#breadcrumb\"},\"inLanguage\":\"de\",\"potentialAction\":[{\"@type\":\"ReadAction\",\"target\":[\"https:\\\/\\\/www.ra-foerster.de\\\/wordpress\\\/\"]}]},{\"@type\":\"ImageObject\",\"inLanguage\":\"de\",\"@id\":\"https:\\\/\\\/www.ra-foerster.de\\\/wordpress\\\/#primaryimage\",\"url\":\"https:\\\/\\\/www.ra-foerster.de\\\/wordpress\\\/wp-content\\\/uploads\\\/2025\\\/02\\\/web_dreier-scaled.jpg\",\"contentUrl\":\"https:\\\/\\\/www.ra-foerster.de\\\/wordpress\\\/wp-content\\\/uploads\\\/2025\\\/02\\\/web_dreier-scaled.jpg\",\"width\":2560,\"height\":1920},{\"@type\":\"BreadcrumbList\",\"@id\":\"https:\\\/\\\/www.ra-foerster.de\\\/wordpress\\\/#breadcrumb\",\"itemListElement\":[{\"@type\":\"ListItem\",\"position\":1,\"name\":\"Startseite\",\"item\":\"https:\\\/\\\/www.ra-foerster.de\\\/wordpress\\\/\"},{\"@type\":\"ListItem\",\"position\":2,\"name\":\"Rechtsanw\u00e4lte Dr. Foerster und Partner\"}]},{\"@type\":\"WebSite\",\"@id\":\"https:\\\/\\\/www.ra-foerster.de\\\/wordpress\\\/#website\",\"url\":\"https:\\\/\\\/www.ra-foerster.de\\\/wordpress\\\/\",\"name\":\"Dr. Foerster und Partner\",\"description\":\"Rechtsanw\u00e4lte\",\"publisher\":{\"@id\":\"https:\\\/\\\/www.ra-foerster.de\\\/wordpress\\\/#organization\"},\"potentialAction\":[{\"@type\":\"SearchAction\",\"target\":{\"@type\":\"EntryPoint\",\"urlTemplate\":\"https:\\\/\\\/www.ra-foerster.de\\\/wordpress\\\/?s={search_term_string}\"},\"query-input\":{\"@type\":\"PropertyValueSpecification\",\"valueRequired\":true,\"valueName\":\"search_term_string\"}}],\"inLanguage\":\"de\"},{\"@type\":\"Organization\",\"@id\":\"https:\\\/\\\/www.ra-foerster.de\\\/wordpress\\\/#organization\",\"name\":\"Dr. Foerster und Partner\",\"url\":\"https:\\\/\\\/www.ra-foerster.de\\\/wordpress\\\/\",\"logo\":{\"@type\":\"ImageObject\",\"inLanguage\":\"de\",\"@id\":\"https:\\\/\\\/www.ra-foerster.de\\\/wordpress\\\/#\\\/schema\\\/logo\\\/image\\\/\",\"url\":\"https:\\\/\\\/www.ra-foerster.de\\\/wordpress\\\/wp-content\\\/uploads\\\/2025\\\/02\\\/cropped-Dreieck.gif\",\"contentUrl\":\"https:\\\/\\\/www.ra-foerster.de\\\/wordpress\\\/wp-content\\\/uploads\\\/2025\\\/02\\\/cropped-Dreieck.gif\",\"width\":512,\"height\":512,\"caption\":\"Dr. Foerster und Partner\"},\"image\":{\"@id\":\"https:\\\/\\\/www.ra-foerster.de\\\/wordpress\\\/#\\\/schema\\\/logo\\\/image\\\/\"}}]}<\/script>\n<!-- \/ Yoast SEO plugin. -->","yoast_head_json":{"title":"Rechtsanw\u00e4lte Dr. Foerster und Partner | Dr. Foerster und Partner","description":"Rechtsanw\u00e4lte Dr. Foerster und Partner in F\u00fcrth: Familienrecht, Erbrecht, Arbeitsrecht, Versicherungsrecht, Verkehrsrecht, allgemeines Zivilrecht und Mediation. Anwalt \/ Anw\u00e4ltin\/ Anw\u00e4lte F\u00fcrth","robots":{"index":"index","follow":"follow","max-snippet":"max-snippet:-1","max-image-preview":"max-image-preview:large","max-video-preview":"max-video-preview:-1"},"canonical":"https:\/\/www.ra-foerster.de\/wordpress\/","og_locale":"de_DE","og_type":"article","og_title":"Rechtsanw\u00e4lte Dr. Foerster und Partner | Dr. Foerster und Partner","og_description":"Rechtsanw\u00e4lte Dr. Foerster und Partner in F\u00fcrth: Familienrecht, Erbrecht, Arbeitsrecht, Versicherungsrecht, Verkehrsrecht, allgemeines Zivilrecht und Mediation. Anwalt \/ Anw\u00e4ltin\/ Anw\u00e4lte F\u00fcrth","og_url":"https:\/\/www.ra-foerster.de\/wordpress\/","og_site_name":"Dr. Foerster und Partner","article_modified_time":"2025-07-29T12:38:46+00:00","og_image":[{"width":2560,"height":1920,"url":"https:\/\/www.ra-foerster.de\/wordpress\/wp-content\/uploads\/2025\/02\/web_dreier-scaled.jpg","type":"image\/jpeg"}],"twitter_card":"summary_large_image","twitter_misc":{"Gesch\u00e4tzte Lesezeit":"1\u00a0Minute"},"schema":{"@context":"https:\/\/schema.org","@graph":[{"@type":"WebPage","@id":"https:\/\/www.ra-foerster.de\/wordpress\/","url":"https:\/\/www.ra-foerster.de\/wordpress\/","name":"Rechtsanw\u00e4lte Dr. Foerster und Partner | Dr. Foerster und Partner","isPartOf":{"@id":"https:\/\/www.ra-foerster.de\/wordpress\/#website"},"primaryImageOfPage":{"@id":"https:\/\/www.ra-foerster.de\/wordpress\/#primaryimage"},"image":{"@id":"https:\/\/www.ra-foerster.de\/wordpress\/#primaryimage"},"thumbnailUrl":"https:\/\/www.ra-foerster.de\/wordpress\/wp-content\/uploads\/2025\/02\/web_dreier-scaled.jpg","datePublished":"2025-02-17T13:36:53+00:00","dateModified":"2025-07-29T12:38:46+00:00","description":"Rechtsanw\u00e4lte Dr. Foerster und Partner in F\u00fcrth: Familienrecht, Erbrecht, Arbeitsrecht, Versicherungsrecht, Verkehrsrecht, allgemeines Zivilrecht und Mediation. Anwalt \/ Anw\u00e4ltin\/ Anw\u00e4lte F\u00fcrth","breadcrumb":{"@id":"https:\/\/www.ra-foerster.de\/wordpress\/#breadcrumb"},"inLanguage":"de","potentialAction":[{"@type":"ReadAction","target":["https:\/\/www.ra-foerster.de\/wordpress\/"]}]},{"@type":"ImageObject","inLanguage":"de","@id":"https:\/\/www.ra-foerster.de\/wordpress\/#primaryimage","url":"https:\/\/www.ra-foerster.de\/wordpress\/wp-content\/uploads\/2025\/02\/web_dreier-scaled.jpg","contentUrl":"https:\/\/www.ra-foerster.de\/wordpress\/wp-content\/uploads\/2025\/02\/web_dreier-scaled.jpg","width":2560,"height":1920},{"@type":"BreadcrumbList","@id":"https:\/\/www.ra-foerster.de\/wordpress\/#breadcrumb","itemListElement":[{"@type":"ListItem","position":1,"name":"Startseite","item":"https:\/\/www.ra-foerster.de\/wordpress\/"},{"@type":"ListItem","position":2,"name":"Rechtsanw\u00e4lte Dr. Foerster und Partner"}]},{"@type":"WebSite","@id":"https:\/\/www.ra-foerster.de\/wordpress\/#website","url":"https:\/\/www.ra-foerster.de\/wordpress\/","name":"Dr. Foerster und Partner","description":"Rechtsanw\u00e4lte","publisher":{"@id":"https:\/\/www.ra-foerster.de\/wordpress\/#organization"},"potentialAction":[{"@type":"SearchAction","target":{"@type":"EntryPoint","urlTemplate":"https:\/\/www.ra-foerster.de\/wordpress\/?s={search_term_string}"},"query-input":{"@type":"PropertyValueSpecification","valueRequired":true,"valueName":"search_term_string"}}],"inLanguage":"de"},{"@type":"Organization","@id":"https:\/\/www.ra-foerster.de\/wordpress\/#organization","name":"Dr. Foerster und Partner","url":"https:\/\/www.ra-foerster.de\/wordpress\/","logo":{"@type":"ImageObject","inLanguage":"de","@id":"https:\/\/www.ra-foerster.de\/wordpress\/#\/schema\/logo\/image\/","url":"https:\/\/www.ra-foerster.de\/wordpress\/wp-content\/uploads\/2025\/02\/cropped-Dreieck.gif","contentUrl":"https:\/\/www.ra-foerster.de\/wordpress\/wp-content\/uploads\/2025\/02\/cropped-Dreieck.gif","width":512,"height":512,"caption":"Dr. Foerster und Partner"},"image":{"@id":"https:\/\/www.ra-foerster.de\/wordpress\/#\/schema\/logo\/image\/"}}]}},"_links":{"self":[{"href":"https:\/\/www.ra-foerster.de\/wordpress\/wp-json\/wp\/v2\/pages\/2","targetHints":{"allow":["GET"]}}],"collection":[{"href":"https:\/\/www.ra-foerster.de\/wordpress\/wp-json\/wp\/v2\/pages"}],"about":[{"href":"https:\/\/www.ra-foerster.de\/wordpress\/wp-json\/wp\/v2\/types\/page"}],"author":[{"embeddable":true,"href":"https:\/\/www.ra-foerster.de\/wordpress\/wp-json\/wp\/v2\/users\/1"}],"replies":[{"embeddable":true,"href":"https:\/\/www.ra-foerster.de\/wordpress\/wp-json\/wp\/v2\/comments?post=2"}],"version-history":[{"count":46,"href":"https:\/\/www.ra-foerster.de\/wordpress\/wp-json\/wp\/v2\/pages\/2\/revisions"}],"predecessor-version":[{"id":394,"href":"https:\/\/www.ra-foerster.de\/wordpress\/wp-json\/wp\/v2\/pages\/2\/revisions\/394"}],"wp:attachment":[{"href":"https:\/\/www.ra-foerster.de\/wordpress\/wp-json\/wp\/v2\/media?parent=2"}],"curies":[{"name":"wp","href":"https:\/\/api.w.org\/{rel}","templated":true}]}}