{"id":192,"date":"2025-02-20T13:15:04","date_gmt":"2025-02-20T12:15:04","guid":{"rendered":"https:\/\/www.ra-foerster.de\/wordpress\/?page_id=192"},"modified":"2025-02-28T16:03:20","modified_gmt":"2025-02-28T15:03:20","slug":"philosophie","status":"publish","type":"page","link":"https:\/\/www.ra-foerster.de\/wordpress\/philosophie\/","title":{"rendered":"Philosophie"},"content":{"rendered":"\n<h1 class=\"wp-block-heading\">Unsere Philosophie<\/h1>\n\n\n\n<div style=\"height:2rem\" aria-hidden=\"true\" class=\"wp-block-spacer\"><\/div>\n\n\n\n<p class=\"has-medium-font-size\"><strong>F<\/strong><strong>achliche Qualit\u00e4t<\/strong><br>Alle Anw\u00e4lte der Kanzlei arbeiten innerhalb ihrer jeweiligen Spezialgebiete. In diesen Bereichen wird intensiv Fortbildung betrieben. Wir reden Klartext &#8211; selbstverst\u00e4ndlich informieren wir Sie schon beim Erstgespr\u00e4ch \u00fcber die Chancen und Risiken Ihrer rechtlichen und tats\u00e4chlichen Situation.<br>F\u00fcr Mandate in Rechtsgebieten, die wir nicht abdecken, verweisen wir Sie gerne an Kollegen, denen wir im jeweiligen Bereich besondere Qualit\u00e4t zutrauen.<\/p>\n\n\n\n<div class=\"wp-block-columns is-layout-flex wp-container-core-columns-is-layout-51a53174 wp-block-columns-is-layout-flex\" style=\"padding-top:2rem;padding-bottom:2rem\">\n<div class=\"wp-block-column is-layout-flow wp-block-column-is-layout-flow\">\n<figure class=\"wp-block-image aligncenter size-full is-resized\" style=\"margin-right:0;margin-left:0\"><img loading=\"lazy\" decoding=\"async\" width=\"2560\" height=\"1920\" src=\"https:\/\/www.ra-foerster.de\/wordpress\/wp-content\/uploads\/2025\/02\/web_dreier-scaled.jpg\" alt=\"\" class=\"wp-image-285\" style=\"width:500px\" srcset=\"https:\/\/www.ra-foerster.de\/wordpress\/wp-content\/uploads\/2025\/02\/web_dreier-scaled.jpg 2560w, https:\/\/www.ra-foerster.de\/wordpress\/wp-content\/uploads\/2025\/02\/web_dreier-300x225.jpg 300w, https:\/\/www.ra-foerster.de\/wordpress\/wp-content\/uploads\/2025\/02\/web_dreier-1024x768.jpg 1024w, https:\/\/www.ra-foerster.de\/wordpress\/wp-content\/uploads\/2025\/02\/web_dreier-768x576.jpg 768w, https:\/\/www.ra-foerster.de\/wordpress\/wp-content\/uploads\/2025\/02\/web_dreier-1536x1152.jpg 1536w, https:\/\/www.ra-foerster.de\/wordpress\/wp-content\/uploads\/2025\/02\/web_dreier-2048x1536.jpg 2048w\" sizes=\"auto, (max-width: 2560px) 100vw, 2560px\" \/><\/figure>\n<\/div>\n<\/div>\n\n\n\n<p class=\"has-medium-font-size\"><strong>Zuverl\u00e4ssigkeit<\/strong><br>Sie k\u00f6nnen sich darauf verlassen, dass bei uns jeder Vorfall am Eingangstag, sp\u00e4testens am Folgetag, bearbeitet wird. Alle Akten werden in individuell abgestimmten Intervallen \u00fcberpr\u00fcft,<br>ob und wie wir ein Verfahren beschleunigen k\u00f6nnen. Von jedem wesentlichen Vorgang informieren wir Sie umgehend.<\/p>\n\n\n\n<p class=\"has-medium-font-size\"><strong>Konfliktl\u00f6sung<\/strong><br>Viele Rechtsprobleme lassen sich bei Einschaltung eines besonnenen Dritten &#8211; und als solchen verstehen wir uns &#8211; ohne wirklichen Streit besser l\u00f6sen, durch sachkundigen Austausch von Argumenten.<br>Dies ist unser grunds\u00e4tzliches Anliegen, vor allem auch in Familiensachen. Nicht in allen F\u00e4llen, nicht mit jedem Gegner ist das m\u00f6glich. Wenn und solange wirklich H\u00e4rte erforderlich ist, wenden wir sie auch an. Dennoch bleibt es in Ihrem Interesse unser Ziel, dass aus Ihrem Gegner nicht Ihr Feind wird.<\/p>\n\n\n\n<p class=\"has-medium-font-size\"><strong>Verschwiegenheit\/Diskretion\/Referenzen<\/strong><br>Wir nehmen unsere anwaltliche Verschwiegenheitspflicht au\u00dferordentlich ernst.<br>Das geht so weit, dass wir niemandem gegen\u00fcber offenbaren, dass ein Mandant uns beauftragt hat &#8211; solange und soweit der Mandant dies nicht ausdr\u00fccklich von uns w\u00fcnscht. Gerade im fr\u00fchen Stadium von Familien- und Arbeitssachen halten wir dies f\u00fcr unumg\u00e4nglich.<\/p>\n\n\n\n<p class=\"has-medium-font-size\"><strong>Kosten<\/strong><br>Das Honorar eines Fachanwaltes berechnet sich nach dem Rechtsanwaltsverg\u00fctungsgesetz und ist nicht h\u00f6her als das eines Anwaltes ohne Fachanwaltsqualifikation.<\/p>\n","protected":false},"excerpt":{"rendered":"<p>Unsere Philosophie Fachliche Qualit\u00e4tAlle Anw\u00e4lte der Kanzlei arbeiten innerhalb ihrer jeweiligen Spezialgebiete. In diesen Bereichen wird intensiv Fortbildung betrieben. Wir reden Klartext &#8211; selbstverst\u00e4ndlich informieren wir Sie schon beim Erstgespr\u00e4ch \u00fcber die Chancen und Risiken Ihrer rechtlichen und tats\u00e4chlichen Situation.F\u00fcr Mandate in Rechtsgebieten, die wir nicht abdecken, verweisen wir Sie gerne an Kollegen, denen wir [&hellip;]<\/p>\n","protected":false},"author":1,"featured_media":0,"parent":0,"menu_order":0,"comment_status":"closed","ping_status":"closed","template":"","meta":{"footnotes":""},"class_list":["post-192","page","type-page","status-publish","hentry"],"yoast_head":"<!-- This site is optimized with the Yoast SEO plugin v27.4 - https:\/\/yoast.com\/product\/yoast-seo-wordpress\/ -->\n<title>Philosophie | Dr. Foerster und Partner<\/title>\n<meta name=\"robots\" content=\"index, follow, max-snippet:-1, max-image-preview:large, max-video-preview:-1\" \/>\n<link rel=\"canonical\" href=\"https:\/\/www.ra-foerster.de\/wordpress\/philosophie\/\" \/>\n<meta property=\"og:locale\" content=\"de_DE\" \/>\n<meta property=\"og:type\" content=\"article\" \/>\n<meta property=\"og:title\" content=\"Philosophie | Dr. Foerster und Partner\" \/>\n<meta property=\"og:description\" content=\"Unsere Philosophie Fachliche Qualit\u00e4tAlle Anw\u00e4lte der Kanzlei arbeiten innerhalb ihrer jeweiligen Spezialgebiete. In diesen Bereichen wird intensiv Fortbildung betrieben. Wir reden Klartext &#8211; selbstverst\u00e4ndlich informieren wir Sie schon beim Erstgespr\u00e4ch \u00fcber die Chancen und Risiken Ihrer rechtlichen und tats\u00e4chlichen Situation.F\u00fcr Mandate in Rechtsgebieten, die wir nicht abdecken, verweisen wir Sie gerne an Kollegen, denen wir [&hellip;]\" \/>\n<meta property=\"og:url\" content=\"https:\/\/www.ra-foerster.de\/wordpress\/philosophie\/\" \/>\n<meta property=\"og:site_name\" content=\"Dr. Foerster und Partner\" \/>\n<meta property=\"article:modified_time\" content=\"2025-02-28T15:03:20+00:00\" \/>\n<meta property=\"og:image\" content=\"https:\/\/www.ra-foerster.de\/wordpress\/wp-content\/uploads\/2025\/02\/web_dreier-scaled.jpg\" \/>\n<meta name=\"twitter:card\" content=\"summary_large_image\" \/>\n<meta name=\"twitter:label1\" content=\"Gesch\u00e4tzte Lesezeit\" \/>\n\t<meta name=\"twitter:data1\" content=\"1\u00a0Minute\" \/>\n<script type=\"application\/ld+json\" class=\"yoast-schema-graph\">{\"@context\":\"https:\\\/\\\/schema.org\",\"@graph\":[{\"@type\":\"WebPage\",\"@id\":\"https:\\\/\\\/www.ra-foerster.de\\\/wordpress\\\/philosophie\\\/\",\"url\":\"https:\\\/\\\/www.ra-foerster.de\\\/wordpress\\\/philosophie\\\/\",\"name\":\"Philosophie | Dr. Foerster und Partner\",\"isPartOf\":{\"@id\":\"https:\\\/\\\/www.ra-foerster.de\\\/wordpress\\\/#website\"},\"primaryImageOfPage\":{\"@id\":\"https:\\\/\\\/www.ra-foerster.de\\\/wordpress\\\/philosophie\\\/#primaryimage\"},\"image\":{\"@id\":\"https:\\\/\\\/www.ra-foerster.de\\\/wordpress\\\/philosophie\\\/#primaryimage\"},\"thumbnailUrl\":\"https:\\\/\\\/www.ra-foerster.de\\\/wordpress\\\/wp-content\\\/uploads\\\/2025\\\/02\\\/web_dreier-scaled.jpg\",\"datePublished\":\"2025-02-20T12:15:04+00:00\",\"dateModified\":\"2025-02-28T15:03:20+00:00\",\"breadcrumb\":{\"@id\":\"https:\\\/\\\/www.ra-foerster.de\\\/wordpress\\\/philosophie\\\/#breadcrumb\"},\"inLanguage\":\"de\",\"potentialAction\":[{\"@type\":\"ReadAction\",\"target\":[\"https:\\\/\\\/www.ra-foerster.de\\\/wordpress\\\/philosophie\\\/\"]}]},{\"@type\":\"ImageObject\",\"inLanguage\":\"de\",\"@id\":\"https:\\\/\\\/www.ra-foerster.de\\\/wordpress\\\/philosophie\\\/#primaryimage\",\"url\":\"https:\\\/\\\/www.ra-foerster.de\\\/wordpress\\\/wp-content\\\/uploads\\\/2025\\\/02\\\/web_dreier-scaled.jpg\",\"contentUrl\":\"https:\\\/\\\/www.ra-foerster.de\\\/wordpress\\\/wp-content\\\/uploads\\\/2025\\\/02\\\/web_dreier-scaled.jpg\",\"width\":2560,\"height\":1920},{\"@type\":\"BreadcrumbList\",\"@id\":\"https:\\\/\\\/www.ra-foerster.de\\\/wordpress\\\/philosophie\\\/#breadcrumb\",\"itemListElement\":[{\"@type\":\"ListItem\",\"position\":1,\"name\":\"Startseite\",\"item\":\"https:\\\/\\\/www.ra-foerster.de\\\/wordpress\\\/\"},{\"@type\":\"ListItem\",\"position\":2,\"name\":\"Philosophie\"}]},{\"@type\":\"WebSite\",\"@id\":\"https:\\\/\\\/www.ra-foerster.de\\\/wordpress\\\/#website\",\"url\":\"https:\\\/\\\/www.ra-foerster.de\\\/wordpress\\\/\",\"name\":\"Dr. Foerster und Partner\",\"description\":\"Rechtsanw\u00e4lte\",\"publisher\":{\"@id\":\"https:\\\/\\\/www.ra-foerster.de\\\/wordpress\\\/#organization\"},\"potentialAction\":[{\"@type\":\"SearchAction\",\"target\":{\"@type\":\"EntryPoint\",\"urlTemplate\":\"https:\\\/\\\/www.ra-foerster.de\\\/wordpress\\\/?s={search_term_string}\"},\"query-input\":{\"@type\":\"PropertyValueSpecification\",\"valueRequired\":true,\"valueName\":\"search_term_string\"}}],\"inLanguage\":\"de\"},{\"@type\":\"Organization\",\"@id\":\"https:\\\/\\\/www.ra-foerster.de\\\/wordpress\\\/#organization\",\"name\":\"Dr. Foerster und Partner\",\"url\":\"https:\\\/\\\/www.ra-foerster.de\\\/wordpress\\\/\",\"logo\":{\"@type\":\"ImageObject\",\"inLanguage\":\"de\",\"@id\":\"https:\\\/\\\/www.ra-foerster.de\\\/wordpress\\\/#\\\/schema\\\/logo\\\/image\\\/\",\"url\":\"https:\\\/\\\/www.ra-foerster.de\\\/wordpress\\\/wp-content\\\/uploads\\\/2025\\\/02\\\/cropped-Dreieck.gif\",\"contentUrl\":\"https:\\\/\\\/www.ra-foerster.de\\\/wordpress\\\/wp-content\\\/uploads\\\/2025\\\/02\\\/cropped-Dreieck.gif\",\"width\":512,\"height\":512,\"caption\":\"Dr. Foerster und Partner\"},\"image\":{\"@id\":\"https:\\\/\\\/www.ra-foerster.de\\\/wordpress\\\/#\\\/schema\\\/logo\\\/image\\\/\"}}]}<\/script>\n<!-- \/ Yoast SEO plugin. -->","yoast_head_json":{"title":"Philosophie | Dr. Foerster und Partner","robots":{"index":"index","follow":"follow","max-snippet":"max-snippet:-1","max-image-preview":"max-image-preview:large","max-video-preview":"max-video-preview:-1"},"canonical":"https:\/\/www.ra-foerster.de\/wordpress\/philosophie\/","og_locale":"de_DE","og_type":"article","og_title":"Philosophie | Dr. Foerster und Partner","og_description":"Unsere Philosophie Fachliche Qualit\u00e4tAlle Anw\u00e4lte der Kanzlei arbeiten innerhalb ihrer jeweiligen Spezialgebiete. In diesen Bereichen wird intensiv Fortbildung betrieben. Wir reden Klartext &#8211; selbstverst\u00e4ndlich informieren wir Sie schon beim Erstgespr\u00e4ch \u00fcber die Chancen und Risiken Ihrer rechtlichen und tats\u00e4chlichen Situation.F\u00fcr Mandate in Rechtsgebieten, die wir nicht abdecken, verweisen wir Sie gerne an Kollegen, denen wir [&hellip;]","og_url":"https:\/\/www.ra-foerster.de\/wordpress\/philosophie\/","og_site_name":"Dr. Foerster und Partner","article_modified_time":"2025-02-28T15:03:20+00:00","og_image":[{"url":"https:\/\/www.ra-foerster.de\/wordpress\/wp-content\/uploads\/2025\/02\/web_dreier-scaled.jpg","type":"","width":"","height":""}],"twitter_card":"summary_large_image","twitter_misc":{"Gesch\u00e4tzte Lesezeit":"1\u00a0Minute"},"schema":{"@context":"https:\/\/schema.org","@graph":[{"@type":"WebPage","@id":"https:\/\/www.ra-foerster.de\/wordpress\/philosophie\/","url":"https:\/\/www.ra-foerster.de\/wordpress\/philosophie\/","name":"Philosophie | Dr. Foerster und Partner","isPartOf":{"@id":"https:\/\/www.ra-foerster.de\/wordpress\/#website"},"primaryImageOfPage":{"@id":"https:\/\/www.ra-foerster.de\/wordpress\/philosophie\/#primaryimage"},"image":{"@id":"https:\/\/www.ra-foerster.de\/wordpress\/philosophie\/#primaryimage"},"thumbnailUrl":"https:\/\/www.ra-foerster.de\/wordpress\/wp-content\/uploads\/2025\/02\/web_dreier-scaled.jpg","datePublished":"2025-02-20T12:15:04+00:00","dateModified":"2025-02-28T15:03:20+00:00","breadcrumb":{"@id":"https:\/\/www.ra-foerster.de\/wordpress\/philosophie\/#breadcrumb"},"inLanguage":"de","potentialAction":[{"@type":"ReadAction","target":["https:\/\/www.ra-foerster.de\/wordpress\/philosophie\/"]}]},{"@type":"ImageObject","inLanguage":"de","@id":"https:\/\/www.ra-foerster.de\/wordpress\/philosophie\/#primaryimage","url":"https:\/\/www.ra-foerster.de\/wordpress\/wp-content\/uploads\/2025\/02\/web_dreier-scaled.jpg","contentUrl":"https:\/\/www.ra-foerster.de\/wordpress\/wp-content\/uploads\/2025\/02\/web_dreier-scaled.jpg","width":2560,"height":1920},{"@type":"BreadcrumbList","@id":"https:\/\/www.ra-foerster.de\/wordpress\/philosophie\/#breadcrumb","itemListElement":[{"@type":"ListItem","position":1,"name":"Startseite","item":"https:\/\/www.ra-foerster.de\/wordpress\/"},{"@type":"ListItem","position":2,"name":"Philosophie"}]},{"@type":"WebSite","@id":"https:\/\/www.ra-foerster.de\/wordpress\/#website","url":"https:\/\/www.ra-foerster.de\/wordpress\/","name":"Dr. Foerster und Partner","description":"Rechtsanw\u00e4lte","publisher":{"@id":"https:\/\/www.ra-foerster.de\/wordpress\/#organization"},"potentialAction":[{"@type":"SearchAction","target":{"@type":"EntryPoint","urlTemplate":"https:\/\/www.ra-foerster.de\/wordpress\/?s={search_term_string}"},"query-input":{"@type":"PropertyValueSpecification","valueRequired":true,"valueName":"search_term_string"}}],"inLanguage":"de"},{"@type":"Organization","@id":"https:\/\/www.ra-foerster.de\/wordpress\/#organization","name":"Dr. Foerster und Partner","url":"https:\/\/www.ra-foerster.de\/wordpress\/","logo":{"@type":"ImageObject","inLanguage":"de","@id":"https:\/\/www.ra-foerster.de\/wordpress\/#\/schema\/logo\/image\/","url":"https:\/\/www.ra-foerster.de\/wordpress\/wp-content\/uploads\/2025\/02\/cropped-Dreieck.gif","contentUrl":"https:\/\/www.ra-foerster.de\/wordpress\/wp-content\/uploads\/2025\/02\/cropped-Dreieck.gif","width":512,"height":512,"caption":"Dr. Foerster und Partner"},"image":{"@id":"https:\/\/www.ra-foerster.de\/wordpress\/#\/schema\/logo\/image\/"}}]}},"_links":{"self":[{"href":"https:\/\/www.ra-foerster.de\/wordpress\/wp-json\/wp\/v2\/pages\/192","targetHints":{"allow":["GET"]}}],"collection":[{"href":"https:\/\/www.ra-foerster.de\/wordpress\/wp-json\/wp\/v2\/pages"}],"about":[{"href":"https:\/\/www.ra-foerster.de\/wordpress\/wp-json\/wp\/v2\/types\/page"}],"author":[{"embeddable":true,"href":"https:\/\/www.ra-foerster.de\/wordpress\/wp-json\/wp\/v2\/users\/1"}],"replies":[{"embeddable":true,"href":"https:\/\/www.ra-foerster.de\/wordpress\/wp-json\/wp\/v2\/comments?post=192"}],"version-history":[{"count":4,"href":"https:\/\/www.ra-foerster.de\/wordpress\/wp-json\/wp\/v2\/pages\/192\/revisions"}],"predecessor-version":[{"id":310,"href":"https:\/\/www.ra-foerster.de\/wordpress\/wp-json\/wp\/v2\/pages\/192\/revisions\/310"}],"wp:attachment":[{"href":"https:\/\/www.ra-foerster.de\/wordpress\/wp-json\/wp\/v2\/media?parent=192"}],"curies":[{"name":"wp","href":"https:\/\/api.w.org\/{rel}","templated":true}]}}