{"id":172,"date":"2025-02-20T11:16:00","date_gmt":"2025-02-20T10:16:00","guid":{"rendered":"https:\/\/www.ra-foerster.de\/wordpress\/?page_id=172"},"modified":"2025-03-18T15:27:40","modified_gmt":"2025-03-18T14:27:40","slug":"kontakt","status":"publish","type":"page","link":"https:\/\/www.ra-foerster.de\/wordpress\/kontakt\/","title":{"rendered":"Kontakt"},"content":{"rendered":"\n<h1 class=\"wp-block-heading\">Kontakt<\/h1>\n\n\n\n<div style=\"height:2rem\" aria-hidden=\"true\" class=\"wp-block-spacer\"><\/div>\n\n\n\n<div class=\"wp-block-columns are-vertically-aligned-center is-layout-flex wp-container-core-columns-is-layout-28f84493 wp-block-columns-is-layout-flex\">\n<div class=\"wp-block-column is-vertically-aligned-center is-layout-flow wp-block-column-is-layout-flow\">\n<figure class=\"wp-block-image size-full is-resized\"><img loading=\"lazy\" decoding=\"async\" width=\"2560\" height=\"1920\" src=\"https:\/\/www.ra-foerster.de\/wordpress\/wp-content\/uploads\/2025\/02\/IMG_9260-scaled.jpg\" alt=\"\" class=\"wp-image-311\" style=\"width:400px\" srcset=\"https:\/\/www.ra-foerster.de\/wordpress\/wp-content\/uploads\/2025\/02\/IMG_9260-scaled.jpg 2560w, https:\/\/www.ra-foerster.de\/wordpress\/wp-content\/uploads\/2025\/02\/IMG_9260-300x225.jpg 300w, https:\/\/www.ra-foerster.de\/wordpress\/wp-content\/uploads\/2025\/02\/IMG_9260-1024x768.jpg 1024w, https:\/\/www.ra-foerster.de\/wordpress\/wp-content\/uploads\/2025\/02\/IMG_9260-768x576.jpg 768w, https:\/\/www.ra-foerster.de\/wordpress\/wp-content\/uploads\/2025\/02\/IMG_9260-1536x1152.jpg 1536w, https:\/\/www.ra-foerster.de\/wordpress\/wp-content\/uploads\/2025\/02\/IMG_9260-2048x1536.jpg 2048w\" sizes=\"auto, (max-width: 2560px) 100vw, 2560px\" \/><\/figure>\n<\/div>\n\n\n\n<div class=\"wp-block-column is-vertically-aligned-center is-layout-flow wp-block-column-is-layout-flow\">\n<p class=\"has-medium-font-size\"><strong>Terminvergabe<\/strong><br><br>B\u00fcrozeiten:<br>Mo &#8211; Do 9 &#8211; 17 Uhr<br>Fr&nbsp;&nbsp;&nbsp;&nbsp;&nbsp;&nbsp;&nbsp;&nbsp;&nbsp; 9 &#8211; 14 Uhr<\/p>\n\n\n\n<p class=\"has-medium-font-size\">Telefon:&nbsp;<a href=\"tel:+49911731087\">0911\/73 10 87<\/a><br><br>Telefax: 0911\/ 75 76 05<\/p>\n\n\n\n<p class=\"has-medium-font-size\">E-Mail:&nbsp;<a href=\"mailto:info@ra-foerster.de\">info@ra-foerster.de<\/a><\/p>\n<\/div>\n<\/div>\n\n\n\n<div style=\"height:2rem\" aria-hidden=\"true\" class=\"wp-block-spacer\"><\/div>\n\n\n\n<p class=\"has-medium-font-size\"><strong>Wir vergeben unsere Termine kurzfristig.<\/strong><br><br>Bei Anfragen und Nachrichten in Abwesenheit der Anw\u00e4lte rufen wir Sie zuverl\u00e4ssig und schnell zur\u00fcck.<\/p>\n\n\n\n<div style=\"height:2rem\" aria-hidden=\"true\" class=\"wp-block-spacer\"><\/div>\n\n\n\n<hr class=\"wp-block-separator has-alpha-channel-opacity\" id=\"anfahrt\"\/>\n\n\n\n<div style=\"height:2rem\" aria-hidden=\"true\" class=\"wp-block-spacer\"><\/div>\n\n\n\n<h1 class=\"wp-block-heading\">Anfahrt<\/h1>\n\n\n\n<div style=\"height:2rem\" aria-hidden=\"true\" class=\"wp-block-spacer\"><\/div>\n\n\n\n<div class=\"wp-block-columns are-vertically-aligned-center is-layout-flex wp-container-core-columns-is-layout-28f84493 wp-block-columns-is-layout-flex\">\n<div class=\"wp-block-column is-vertically-aligned-center is-layout-flow wp-block-column-is-layout-flow\">\n<figure class=\"wp-block-image size-full is-resized\"><img loading=\"lazy\" decoding=\"async\" width=\"250\" height=\"184\" src=\"https:\/\/www.ra-foerster.de\/wordpress\/wp-content\/uploads\/2025\/02\/UBahn.jpg\" alt=\"\" class=\"wp-image-181\" style=\"width:300px\"\/><\/figure>\n<\/div>\n\n\n\n<div class=\"wp-block-column is-vertically-aligned-center is-layout-flow wp-block-column-is-layout-flow\">\n<p class=\"has-medium-font-size\"><strong>Parkpl\u00e4tze<\/strong>:<br>Eigene Parkpl\u00e4tze in dem Str\u00e4\u00dfchen Foersterm\u00fchle, zwischen W\u00fcrzburgerstra\u00dfe 5 und 7, Richtung Kursana.<\/p>\n\n\n\n<p class=\"has-medium-font-size\"><strong>Mit \u00f6ffentlichen Verkehrsmitteln:<\/strong><br>U-Bahn-Linie 1, Station \u201eF\u00fcrth-Stadthalle\u201c.<br>Die Kanzlei liegt&nbsp;direkt gegen<br>\u00fcber dem U-Bahn-Aufgang.Mit den Buslinien 172 und 175, Haltestelle &#8222;Kulturforum&#8220;.<\/p>\n\n\n\n<p class=\"has-medium-font-size\"><strong>Unsere Rechtsanwalts-Kanzlei ist<br>gut erreichbar f\u00fcr Mandanten aus:<br><\/strong>F\u00fcrth &#8211; N\u00fcrnberg &#8211; Erlangen &#8211; Roth &#8211; Landkreis F\u00fcrth &#8211; Forchheim &#8211; Bamberg &#8211; Ansbach &#8211; Herzogenaurach &#8211; Schwabach &#8211; Metropolregion N\u00fcrnberg<\/p>\n<\/div>\n<\/div>\n","protected":false},"excerpt":{"rendered":"<p>Kontakt Terminvergabe B\u00fcrozeiten:Mo &#8211; Do 9 &#8211; 17 UhrFr&nbsp;&nbsp;&nbsp;&nbsp;&nbsp;&nbsp;&nbsp;&nbsp;&nbsp; 9 &#8211; 14 Uhr Telefon:&nbsp;0911\/73 10 87 Telefax: 0911\/ 75 76 05 E-Mail:&nbsp;info@ra-foerster.de Wir vergeben unsere Termine kurzfristig. Bei Anfragen und Nachrichten in Abwesenheit der Anw\u00e4lte rufen wir Sie zuverl\u00e4ssig und schnell zur\u00fcck. Anfahrt Parkpl\u00e4tze:Eigene Parkpl\u00e4tze in dem Str\u00e4\u00dfchen Foersterm\u00fchle, zwischen W\u00fcrzburgerstra\u00dfe 5 und 7, Richtung [&hellip;]<\/p>\n","protected":false},"author":1,"featured_media":0,"parent":0,"menu_order":0,"comment_status":"closed","ping_status":"closed","template":"","meta":{"footnotes":""},"class_list":["post-172","page","type-page","status-publish","hentry"],"yoast_head":"<!-- This site is optimized with the Yoast SEO plugin v27.4 - https:\/\/yoast.com\/product\/yoast-seo-wordpress\/ -->\n<title>Kontakt | Dr. Foerster und Partner<\/title>\n<meta name=\"robots\" content=\"index, follow, max-snippet:-1, max-image-preview:large, max-video-preview:-1\" \/>\n<link rel=\"canonical\" href=\"https:\/\/www.ra-foerster.de\/wordpress\/kontakt\/\" \/>\n<meta property=\"og:locale\" content=\"de_DE\" \/>\n<meta property=\"og:type\" content=\"article\" \/>\n<meta property=\"og:title\" content=\"Kontakt | Dr. Foerster und Partner\" \/>\n<meta property=\"og:description\" content=\"Kontakt Terminvergabe B\u00fcrozeiten:Mo &#8211; Do 9 &#8211; 17 UhrFr&nbsp;&nbsp;&nbsp;&nbsp;&nbsp;&nbsp;&nbsp;&nbsp;&nbsp; 9 &#8211; 14 Uhr Telefon:&nbsp;0911\/73 10 87 Telefax: 0911\/ 75 76 05 E-Mail:&nbsp;info@ra-foerster.de Wir vergeben unsere Termine kurzfristig. Bei Anfragen und Nachrichten in Abwesenheit der Anw\u00e4lte rufen wir Sie zuverl\u00e4ssig und schnell zur\u00fcck. Anfahrt Parkpl\u00e4tze:Eigene Parkpl\u00e4tze in dem Str\u00e4\u00dfchen Foersterm\u00fchle, zwischen W\u00fcrzburgerstra\u00dfe 5 und 7, Richtung [&hellip;]\" \/>\n<meta property=\"og:url\" content=\"https:\/\/www.ra-foerster.de\/wordpress\/kontakt\/\" \/>\n<meta property=\"og:site_name\" content=\"Dr. Foerster und Partner\" \/>\n<meta property=\"article:modified_time\" content=\"2025-03-18T14:27:40+00:00\" \/>\n<meta property=\"og:image\" content=\"https:\/\/www.ra-foerster.de\/wordpress\/wp-content\/uploads\/2025\/02\/IMG_9260-scaled.jpg\" \/>\n<meta name=\"twitter:card\" content=\"summary_large_image\" \/>\n<meta name=\"twitter:label1\" content=\"Gesch\u00e4tzte Lesezeit\" \/>\n\t<meta name=\"twitter:data1\" content=\"1\u00a0Minute\" \/>\n<script type=\"application\/ld+json\" class=\"yoast-schema-graph\">{\"@context\":\"https:\\\/\\\/schema.org\",\"@graph\":[{\"@type\":\"WebPage\",\"@id\":\"https:\\\/\\\/www.ra-foerster.de\\\/wordpress\\\/kontakt\\\/\",\"url\":\"https:\\\/\\\/www.ra-foerster.de\\\/wordpress\\\/kontakt\\\/\",\"name\":\"Kontakt | Dr. Foerster und Partner\",\"isPartOf\":{\"@id\":\"https:\\\/\\\/www.ra-foerster.de\\\/wordpress\\\/#website\"},\"primaryImageOfPage\":{\"@id\":\"https:\\\/\\\/www.ra-foerster.de\\\/wordpress\\\/kontakt\\\/#primaryimage\"},\"image\":{\"@id\":\"https:\\\/\\\/www.ra-foerster.de\\\/wordpress\\\/kontakt\\\/#primaryimage\"},\"thumbnailUrl\":\"https:\\\/\\\/www.ra-foerster.de\\\/wordpress\\\/wp-content\\\/uploads\\\/2025\\\/02\\\/IMG_9260-scaled.jpg\",\"datePublished\":\"2025-02-20T10:16:00+00:00\",\"dateModified\":\"2025-03-18T14:27:40+00:00\",\"breadcrumb\":{\"@id\":\"https:\\\/\\\/www.ra-foerster.de\\\/wordpress\\\/kontakt\\\/#breadcrumb\"},\"inLanguage\":\"de\",\"potentialAction\":[{\"@type\":\"ReadAction\",\"target\":[\"https:\\\/\\\/www.ra-foerster.de\\\/wordpress\\\/kontakt\\\/\"]}]},{\"@type\":\"ImageObject\",\"inLanguage\":\"de\",\"@id\":\"https:\\\/\\\/www.ra-foerster.de\\\/wordpress\\\/kontakt\\\/#primaryimage\",\"url\":\"https:\\\/\\\/www.ra-foerster.de\\\/wordpress\\\/wp-content\\\/uploads\\\/2025\\\/02\\\/IMG_9260-scaled.jpg\",\"contentUrl\":\"https:\\\/\\\/www.ra-foerster.de\\\/wordpress\\\/wp-content\\\/uploads\\\/2025\\\/02\\\/IMG_9260-scaled.jpg\",\"width\":2560,\"height\":1920},{\"@type\":\"BreadcrumbList\",\"@id\":\"https:\\\/\\\/www.ra-foerster.de\\\/wordpress\\\/kontakt\\\/#breadcrumb\",\"itemListElement\":[{\"@type\":\"ListItem\",\"position\":1,\"name\":\"Startseite\",\"item\":\"https:\\\/\\\/www.ra-foerster.de\\\/wordpress\\\/\"},{\"@type\":\"ListItem\",\"position\":2,\"name\":\"Kontakt\"}]},{\"@type\":\"WebSite\",\"@id\":\"https:\\\/\\\/www.ra-foerster.de\\\/wordpress\\\/#website\",\"url\":\"https:\\\/\\\/www.ra-foerster.de\\\/wordpress\\\/\",\"name\":\"Dr. Foerster und Partner\",\"description\":\"Rechtsanw\u00e4lte\",\"publisher\":{\"@id\":\"https:\\\/\\\/www.ra-foerster.de\\\/wordpress\\\/#organization\"},\"potentialAction\":[{\"@type\":\"SearchAction\",\"target\":{\"@type\":\"EntryPoint\",\"urlTemplate\":\"https:\\\/\\\/www.ra-foerster.de\\\/wordpress\\\/?s={search_term_string}\"},\"query-input\":{\"@type\":\"PropertyValueSpecification\",\"valueRequired\":true,\"valueName\":\"search_term_string\"}}],\"inLanguage\":\"de\"},{\"@type\":\"Organization\",\"@id\":\"https:\\\/\\\/www.ra-foerster.de\\\/wordpress\\\/#organization\",\"name\":\"Dr. Foerster und Partner\",\"url\":\"https:\\\/\\\/www.ra-foerster.de\\\/wordpress\\\/\",\"logo\":{\"@type\":\"ImageObject\",\"inLanguage\":\"de\",\"@id\":\"https:\\\/\\\/www.ra-foerster.de\\\/wordpress\\\/#\\\/schema\\\/logo\\\/image\\\/\",\"url\":\"https:\\\/\\\/www.ra-foerster.de\\\/wordpress\\\/wp-content\\\/uploads\\\/2025\\\/02\\\/cropped-Dreieck.gif\",\"contentUrl\":\"https:\\\/\\\/www.ra-foerster.de\\\/wordpress\\\/wp-content\\\/uploads\\\/2025\\\/02\\\/cropped-Dreieck.gif\",\"width\":512,\"height\":512,\"caption\":\"Dr. Foerster und Partner\"},\"image\":{\"@id\":\"https:\\\/\\\/www.ra-foerster.de\\\/wordpress\\\/#\\\/schema\\\/logo\\\/image\\\/\"}}]}<\/script>\n<!-- \/ Yoast SEO plugin. -->","yoast_head_json":{"title":"Kontakt | Dr. Foerster und Partner","robots":{"index":"index","follow":"follow","max-snippet":"max-snippet:-1","max-image-preview":"max-image-preview:large","max-video-preview":"max-video-preview:-1"},"canonical":"https:\/\/www.ra-foerster.de\/wordpress\/kontakt\/","og_locale":"de_DE","og_type":"article","og_title":"Kontakt | Dr. Foerster und Partner","og_description":"Kontakt Terminvergabe B\u00fcrozeiten:Mo &#8211; Do 9 &#8211; 17 UhrFr&nbsp;&nbsp;&nbsp;&nbsp;&nbsp;&nbsp;&nbsp;&nbsp;&nbsp; 9 &#8211; 14 Uhr Telefon:&nbsp;0911\/73 10 87 Telefax: 0911\/ 75 76 05 E-Mail:&nbsp;info@ra-foerster.de Wir vergeben unsere Termine kurzfristig. Bei Anfragen und Nachrichten in Abwesenheit der Anw\u00e4lte rufen wir Sie zuverl\u00e4ssig und schnell zur\u00fcck. Anfahrt Parkpl\u00e4tze:Eigene Parkpl\u00e4tze in dem Str\u00e4\u00dfchen Foersterm\u00fchle, zwischen W\u00fcrzburgerstra\u00dfe 5 und 7, Richtung [&hellip;]","og_url":"https:\/\/www.ra-foerster.de\/wordpress\/kontakt\/","og_site_name":"Dr. Foerster und Partner","article_modified_time":"2025-03-18T14:27:40+00:00","og_image":[{"url":"https:\/\/www.ra-foerster.de\/wordpress\/wp-content\/uploads\/2025\/02\/IMG_9260-scaled.jpg","type":"","width":"","height":""}],"twitter_card":"summary_large_image","twitter_misc":{"Gesch\u00e4tzte Lesezeit":"1\u00a0Minute"},"schema":{"@context":"https:\/\/schema.org","@graph":[{"@type":"WebPage","@id":"https:\/\/www.ra-foerster.de\/wordpress\/kontakt\/","url":"https:\/\/www.ra-foerster.de\/wordpress\/kontakt\/","name":"Kontakt | Dr. Foerster und Partner","isPartOf":{"@id":"https:\/\/www.ra-foerster.de\/wordpress\/#website"},"primaryImageOfPage":{"@id":"https:\/\/www.ra-foerster.de\/wordpress\/kontakt\/#primaryimage"},"image":{"@id":"https:\/\/www.ra-foerster.de\/wordpress\/kontakt\/#primaryimage"},"thumbnailUrl":"https:\/\/www.ra-foerster.de\/wordpress\/wp-content\/uploads\/2025\/02\/IMG_9260-scaled.jpg","datePublished":"2025-02-20T10:16:00+00:00","dateModified":"2025-03-18T14:27:40+00:00","breadcrumb":{"@id":"https:\/\/www.ra-foerster.de\/wordpress\/kontakt\/#breadcrumb"},"inLanguage":"de","potentialAction":[{"@type":"ReadAction","target":["https:\/\/www.ra-foerster.de\/wordpress\/kontakt\/"]}]},{"@type":"ImageObject","inLanguage":"de","@id":"https:\/\/www.ra-foerster.de\/wordpress\/kontakt\/#primaryimage","url":"https:\/\/www.ra-foerster.de\/wordpress\/wp-content\/uploads\/2025\/02\/IMG_9260-scaled.jpg","contentUrl":"https:\/\/www.ra-foerster.de\/wordpress\/wp-content\/uploads\/2025\/02\/IMG_9260-scaled.jpg","width":2560,"height":1920},{"@type":"BreadcrumbList","@id":"https:\/\/www.ra-foerster.de\/wordpress\/kontakt\/#breadcrumb","itemListElement":[{"@type":"ListItem","position":1,"name":"Startseite","item":"https:\/\/www.ra-foerster.de\/wordpress\/"},{"@type":"ListItem","position":2,"name":"Kontakt"}]},{"@type":"WebSite","@id":"https:\/\/www.ra-foerster.de\/wordpress\/#website","url":"https:\/\/www.ra-foerster.de\/wordpress\/","name":"Dr. Foerster und Partner","description":"Rechtsanw\u00e4lte","publisher":{"@id":"https:\/\/www.ra-foerster.de\/wordpress\/#organization"},"potentialAction":[{"@type":"SearchAction","target":{"@type":"EntryPoint","urlTemplate":"https:\/\/www.ra-foerster.de\/wordpress\/?s={search_term_string}"},"query-input":{"@type":"PropertyValueSpecification","valueRequired":true,"valueName":"search_term_string"}}],"inLanguage":"de"},{"@type":"Organization","@id":"https:\/\/www.ra-foerster.de\/wordpress\/#organization","name":"Dr. Foerster und Partner","url":"https:\/\/www.ra-foerster.de\/wordpress\/","logo":{"@type":"ImageObject","inLanguage":"de","@id":"https:\/\/www.ra-foerster.de\/wordpress\/#\/schema\/logo\/image\/","url":"https:\/\/www.ra-foerster.de\/wordpress\/wp-content\/uploads\/2025\/02\/cropped-Dreieck.gif","contentUrl":"https:\/\/www.ra-foerster.de\/wordpress\/wp-content\/uploads\/2025\/02\/cropped-Dreieck.gif","width":512,"height":512,"caption":"Dr. Foerster und Partner"},"image":{"@id":"https:\/\/www.ra-foerster.de\/wordpress\/#\/schema\/logo\/image\/"}}]}},"_links":{"self":[{"href":"https:\/\/www.ra-foerster.de\/wordpress\/wp-json\/wp\/v2\/pages\/172","targetHints":{"allow":["GET"]}}],"collection":[{"href":"https:\/\/www.ra-foerster.de\/wordpress\/wp-json\/wp\/v2\/pages"}],"about":[{"href":"https:\/\/www.ra-foerster.de\/wordpress\/wp-json\/wp\/v2\/types\/page"}],"author":[{"embeddable":true,"href":"https:\/\/www.ra-foerster.de\/wordpress\/wp-json\/wp\/v2\/users\/1"}],"replies":[{"embeddable":true,"href":"https:\/\/www.ra-foerster.de\/wordpress\/wp-json\/wp\/v2\/comments?post=172"}],"version-history":[{"count":14,"href":"https:\/\/www.ra-foerster.de\/wordpress\/wp-json\/wp\/v2\/pages\/172\/revisions"}],"predecessor-version":[{"id":362,"href":"https:\/\/www.ra-foerster.de\/wordpress\/wp-json\/wp\/v2\/pages\/172\/revisions\/362"}],"wp:attachment":[{"href":"https:\/\/www.ra-foerster.de\/wordpress\/wp-json\/wp\/v2\/media?parent=172"}],"curies":[{"name":"wp","href":"https:\/\/api.w.org\/{rel}","templated":true}]}}