{"id":150,"date":"2025-02-20T10:48:58","date_gmt":"2025-02-20T09:48:58","guid":{"rendered":"https:\/\/www.ra-foerster.de\/wordpress\/?page_id=150"},"modified":"2025-03-18T14:56:37","modified_gmt":"2025-03-18T13:56:37","slug":"raeume","status":"publish","type":"page","link":"https:\/\/www.ra-foerster.de\/wordpress\/raeume\/","title":{"rendered":"R\u00e4ume"},"content":{"rendered":"\n<h1 class=\"wp-block-heading\">Kanzleigeb\u00e4ude<\/h1>\n\n\n\n<p>Das Kanzleigeb\u00e4ude in der Foersterm\u00fchle<\/p>\n\n\n\n<div style=\"height:2rem\" aria-hidden=\"true\" class=\"wp-block-spacer\"><\/div>\n\n\n\n<div class=\"wp-block-columns are-vertically-aligned-center is-layout-flex wp-container-core-columns-is-layout-28f84493 wp-block-columns-is-layout-flex\">\n<div class=\"wp-block-column is-vertically-aligned-center is-layout-flow wp-block-column-is-layout-flow\">\n<figure class=\"wp-block-image size-full is-resized\"><img loading=\"lazy\" decoding=\"async\" width=\"250\" height=\"188\" src=\"https:\/\/www.ra-foerster.de\/wordpress\/wp-content\/uploads\/2025\/02\/muehlevorne.jpg\" alt=\"\" class=\"wp-image-153\" style=\"width:300px\"\/><\/figure>\n<\/div>\n\n\n\n<div class=\"wp-block-column is-vertically-aligned-center is-layout-flow wp-block-column-is-layout-flow\">\n<p class=\"has-medium-font-size\">Die Kanzlei befindet sich in einem denkmalgesch\u00fctzten Geb\u00e4ude aus dem Jahre 1780, dem ehemaligen Wohn- und Verwaltungsgeb\u00e4ude der fr\u00fcheren Foersterm\u00fchle. Diese hat &#8211; anfangs unter dem Namen \u201eUntere M\u00fchle\u201c &#8211; seit 1706 existiert und bis ins Jahr 1974 Mehl produziert.<\/p>\n<\/div>\n<\/div>\n\n\n\n<div class=\"wp-block-columns are-vertically-aligned-center is-layout-flex wp-container-core-columns-is-layout-3fa70fb0 wp-block-columns-is-layout-flex\" style=\"padding-top:2rem;padding-right:0;padding-bottom:2rem;padding-left:0\">\n<div class=\"wp-block-column is-vertically-aligned-center is-layout-flow wp-block-column-is-layout-flow\">\n<figure class=\"wp-block-image size-full is-resized\"><img loading=\"lazy\" decoding=\"async\" width=\"250\" height=\"188\" src=\"https:\/\/www.ra-foerster.de\/wordpress\/wp-content\/uploads\/2025\/02\/garten.jpg\" alt=\"\" class=\"wp-image-154\" style=\"width:300px\"\/><\/figure>\n<\/div>\n\n\n\n<div class=\"wp-block-column is-vertically-aligned-center is-layout-flow wp-block-column-is-layout-flow\">\n<p class=\"has-medium-font-size\">Das Geb\u00e4ude wurde unter denkmalsch\u00fctzerischen Gesichtspunkten bewusst schlicht und funktional, aber einf\u00fchlsam restauriert und beherbergt au\u00dfer dem Anwaltsb\u00fcro noch einige Wohnungen.<br>Weitergehende Informationen zur Geschichte der Foersterm\u00fchle finden Sie in der Online-Enzyklop\u00e4die&nbsp;<a href=\"http:\/\/www.fuerthwiki.de\/wiki\/index.php\/Foersterm%C3%BChle\" target=\"_blank\" rel=\"noreferrer noopener\">F\u00fcrthWiki<\/a>.<\/p>\n<\/div>\n<\/div>\n\n\n\n<div class=\"wp-block-columns are-vertically-aligned-center is-layout-flex wp-container-core-columns-is-layout-28f84493 wp-block-columns-is-layout-flex\">\n<div class=\"wp-block-column is-vertically-aligned-center is-layout-flow wp-block-column-is-layout-flow\">\n<figure class=\"wp-block-image size-full is-resized\"><img loading=\"lazy\" decoding=\"async\" width=\"300\" height=\"225\" src=\"https:\/\/www.ra-foerster.de\/wordpress\/wp-content\/uploads\/2025\/02\/fluss.jpg\" alt=\"\" class=\"wp-image-155\" style=\"width:300px\"\/><\/figure>\n<\/div>\n\n\n\n<div class=\"wp-block-column is-vertically-aligned-center is-layout-flow wp-block-column-is-layout-flow\">\n<p class=\"has-medium-font-size\">Der dazugeh\u00f6rige Garten grenzt direkt an den Fluss Rednitz. Die Foersterm\u00fchle liegt unmittelbar an der Maxbr\u00fccke und damit unweit der Stelle, an der die fr\u00fchere Furt &#8211; die Fluss\u00fcberquerung auf der Stra\u00dfe von Frankfurt nach N\u00fcrnberg &#8211; lag. Die Stadt F\u00fcrth hat daher wohl ihren Namen.<\/p>\n\n\n\n<p class=\"has-medium-font-size\">Die unmittelbaren Nachbarn des Anwesens sind das Kulturforum F\u00fcrth, das Hotel am Forum, die Seniorenresidenz Kursana und &#8211; jenseits der Rednitz &#8211; die Stadthalle.<\/p>\n<\/div>\n<\/div>\n","protected":false},"excerpt":{"rendered":"<p>Kanzleigeb\u00e4ude Das Kanzleigeb\u00e4ude in der Foersterm\u00fchle Die Kanzlei befindet sich in einem denkmalgesch\u00fctzten Geb\u00e4ude aus dem Jahre 1780, dem ehemaligen Wohn- und Verwaltungsgeb\u00e4ude der fr\u00fcheren Foersterm\u00fchle. Diese hat &#8211; anfangs unter dem Namen \u201eUntere M\u00fchle\u201c &#8211; seit 1706 existiert und bis ins Jahr 1974 Mehl produziert. Das Geb\u00e4ude wurde unter denkmalsch\u00fctzerischen Gesichtspunkten bewusst schlicht und [&hellip;]<\/p>\n","protected":false},"author":1,"featured_media":0,"parent":0,"menu_order":0,"comment_status":"closed","ping_status":"closed","template":"","meta":{"footnotes":""},"class_list":["post-150","page","type-page","status-publish","hentry"],"yoast_head":"<!-- This site is optimized with the Yoast SEO plugin v27.4 - https:\/\/yoast.com\/product\/yoast-seo-wordpress\/ -->\n<title>R\u00e4ume | Dr. Foerster und Partner<\/title>\n<meta name=\"robots\" content=\"index, follow, max-snippet:-1, max-image-preview:large, max-video-preview:-1\" \/>\n<link rel=\"canonical\" href=\"https:\/\/www.ra-foerster.de\/wordpress\/raeume\/\" \/>\n<meta property=\"og:locale\" content=\"de_DE\" \/>\n<meta property=\"og:type\" content=\"article\" \/>\n<meta property=\"og:title\" content=\"R\u00e4ume | Dr. Foerster und Partner\" \/>\n<meta property=\"og:description\" content=\"Kanzleigeb\u00e4ude Das Kanzleigeb\u00e4ude in der Foersterm\u00fchle Die Kanzlei befindet sich in einem denkmalgesch\u00fctzten Geb\u00e4ude aus dem Jahre 1780, dem ehemaligen Wohn- und Verwaltungsgeb\u00e4ude der fr\u00fcheren Foersterm\u00fchle. Diese hat &#8211; anfangs unter dem Namen \u201eUntere M\u00fchle\u201c &#8211; seit 1706 existiert und bis ins Jahr 1974 Mehl produziert. Das Geb\u00e4ude wurde unter denkmalsch\u00fctzerischen Gesichtspunkten bewusst schlicht und [&hellip;]\" \/>\n<meta property=\"og:url\" content=\"https:\/\/www.ra-foerster.de\/wordpress\/raeume\/\" \/>\n<meta property=\"og:site_name\" content=\"Dr. Foerster und Partner\" \/>\n<meta property=\"article:modified_time\" content=\"2025-03-18T13:56:37+00:00\" \/>\n<meta property=\"og:image\" content=\"https:\/\/www.ra-foerster.de\/wordpress\/wp-content\/uploads\/2025\/02\/muehlevorne.jpg\" \/>\n<meta name=\"twitter:card\" content=\"summary_large_image\" \/>\n<meta name=\"twitter:label1\" content=\"Gesch\u00e4tzte Lesezeit\" \/>\n\t<meta name=\"twitter:data1\" content=\"1\u00a0Minute\" \/>\n<script type=\"application\/ld+json\" class=\"yoast-schema-graph\">{\"@context\":\"https:\\\/\\\/schema.org\",\"@graph\":[{\"@type\":\"WebPage\",\"@id\":\"https:\\\/\\\/www.ra-foerster.de\\\/wordpress\\\/raeume\\\/\",\"url\":\"https:\\\/\\\/www.ra-foerster.de\\\/wordpress\\\/raeume\\\/\",\"name\":\"R\u00e4ume | Dr. Foerster und Partner\",\"isPartOf\":{\"@id\":\"https:\\\/\\\/www.ra-foerster.de\\\/wordpress\\\/#website\"},\"primaryImageOfPage\":{\"@id\":\"https:\\\/\\\/www.ra-foerster.de\\\/wordpress\\\/raeume\\\/#primaryimage\"},\"image\":{\"@id\":\"https:\\\/\\\/www.ra-foerster.de\\\/wordpress\\\/raeume\\\/#primaryimage\"},\"thumbnailUrl\":\"https:\\\/\\\/www.ra-foerster.de\\\/wordpress\\\/wp-content\\\/uploads\\\/2025\\\/02\\\/muehlevorne.jpg\",\"datePublished\":\"2025-02-20T09:48:58+00:00\",\"dateModified\":\"2025-03-18T13:56:37+00:00\",\"breadcrumb\":{\"@id\":\"https:\\\/\\\/www.ra-foerster.de\\\/wordpress\\\/raeume\\\/#breadcrumb\"},\"inLanguage\":\"de\",\"potentialAction\":[{\"@type\":\"ReadAction\",\"target\":[\"https:\\\/\\\/www.ra-foerster.de\\\/wordpress\\\/raeume\\\/\"]}]},{\"@type\":\"ImageObject\",\"inLanguage\":\"de\",\"@id\":\"https:\\\/\\\/www.ra-foerster.de\\\/wordpress\\\/raeume\\\/#primaryimage\",\"url\":\"https:\\\/\\\/www.ra-foerster.de\\\/wordpress\\\/wp-content\\\/uploads\\\/2025\\\/02\\\/muehlevorne.jpg\",\"contentUrl\":\"https:\\\/\\\/www.ra-foerster.de\\\/wordpress\\\/wp-content\\\/uploads\\\/2025\\\/02\\\/muehlevorne.jpg\",\"width\":250,\"height\":188},{\"@type\":\"BreadcrumbList\",\"@id\":\"https:\\\/\\\/www.ra-foerster.de\\\/wordpress\\\/raeume\\\/#breadcrumb\",\"itemListElement\":[{\"@type\":\"ListItem\",\"position\":1,\"name\":\"Startseite\",\"item\":\"https:\\\/\\\/www.ra-foerster.de\\\/wordpress\\\/\"},{\"@type\":\"ListItem\",\"position\":2,\"name\":\"R\u00e4ume\"}]},{\"@type\":\"WebSite\",\"@id\":\"https:\\\/\\\/www.ra-foerster.de\\\/wordpress\\\/#website\",\"url\":\"https:\\\/\\\/www.ra-foerster.de\\\/wordpress\\\/\",\"name\":\"Dr. Foerster und Partner\",\"description\":\"Rechtsanw\u00e4lte\",\"publisher\":{\"@id\":\"https:\\\/\\\/www.ra-foerster.de\\\/wordpress\\\/#organization\"},\"potentialAction\":[{\"@type\":\"SearchAction\",\"target\":{\"@type\":\"EntryPoint\",\"urlTemplate\":\"https:\\\/\\\/www.ra-foerster.de\\\/wordpress\\\/?s={search_term_string}\"},\"query-input\":{\"@type\":\"PropertyValueSpecification\",\"valueRequired\":true,\"valueName\":\"search_term_string\"}}],\"inLanguage\":\"de\"},{\"@type\":\"Organization\",\"@id\":\"https:\\\/\\\/www.ra-foerster.de\\\/wordpress\\\/#organization\",\"name\":\"Dr. Foerster und Partner\",\"url\":\"https:\\\/\\\/www.ra-foerster.de\\\/wordpress\\\/\",\"logo\":{\"@type\":\"ImageObject\",\"inLanguage\":\"de\",\"@id\":\"https:\\\/\\\/www.ra-foerster.de\\\/wordpress\\\/#\\\/schema\\\/logo\\\/image\\\/\",\"url\":\"https:\\\/\\\/www.ra-foerster.de\\\/wordpress\\\/wp-content\\\/uploads\\\/2025\\\/02\\\/cropped-Dreieck.gif\",\"contentUrl\":\"https:\\\/\\\/www.ra-foerster.de\\\/wordpress\\\/wp-content\\\/uploads\\\/2025\\\/02\\\/cropped-Dreieck.gif\",\"width\":512,\"height\":512,\"caption\":\"Dr. Foerster und Partner\"},\"image\":{\"@id\":\"https:\\\/\\\/www.ra-foerster.de\\\/wordpress\\\/#\\\/schema\\\/logo\\\/image\\\/\"}}]}<\/script>\n<!-- \/ Yoast SEO plugin. -->","yoast_head_json":{"title":"R\u00e4ume | Dr. Foerster und Partner","robots":{"index":"index","follow":"follow","max-snippet":"max-snippet:-1","max-image-preview":"max-image-preview:large","max-video-preview":"max-video-preview:-1"},"canonical":"https:\/\/www.ra-foerster.de\/wordpress\/raeume\/","og_locale":"de_DE","og_type":"article","og_title":"R\u00e4ume | Dr. Foerster und Partner","og_description":"Kanzleigeb\u00e4ude Das Kanzleigeb\u00e4ude in der Foersterm\u00fchle Die Kanzlei befindet sich in einem denkmalgesch\u00fctzten Geb\u00e4ude aus dem Jahre 1780, dem ehemaligen Wohn- und Verwaltungsgeb\u00e4ude der fr\u00fcheren Foersterm\u00fchle. Diese hat &#8211; anfangs unter dem Namen \u201eUntere M\u00fchle\u201c &#8211; seit 1706 existiert und bis ins Jahr 1974 Mehl produziert. Das Geb\u00e4ude wurde unter denkmalsch\u00fctzerischen Gesichtspunkten bewusst schlicht und [&hellip;]","og_url":"https:\/\/www.ra-foerster.de\/wordpress\/raeume\/","og_site_name":"Dr. Foerster und Partner","article_modified_time":"2025-03-18T13:56:37+00:00","og_image":[{"url":"https:\/\/www.ra-foerster.de\/wordpress\/wp-content\/uploads\/2025\/02\/muehlevorne.jpg","type":"","width":"","height":""}],"twitter_card":"summary_large_image","twitter_misc":{"Gesch\u00e4tzte Lesezeit":"1\u00a0Minute"},"schema":{"@context":"https:\/\/schema.org","@graph":[{"@type":"WebPage","@id":"https:\/\/www.ra-foerster.de\/wordpress\/raeume\/","url":"https:\/\/www.ra-foerster.de\/wordpress\/raeume\/","name":"R\u00e4ume | Dr. Foerster und Partner","isPartOf":{"@id":"https:\/\/www.ra-foerster.de\/wordpress\/#website"},"primaryImageOfPage":{"@id":"https:\/\/www.ra-foerster.de\/wordpress\/raeume\/#primaryimage"},"image":{"@id":"https:\/\/www.ra-foerster.de\/wordpress\/raeume\/#primaryimage"},"thumbnailUrl":"https:\/\/www.ra-foerster.de\/wordpress\/wp-content\/uploads\/2025\/02\/muehlevorne.jpg","datePublished":"2025-02-20T09:48:58+00:00","dateModified":"2025-03-18T13:56:37+00:00","breadcrumb":{"@id":"https:\/\/www.ra-foerster.de\/wordpress\/raeume\/#breadcrumb"},"inLanguage":"de","potentialAction":[{"@type":"ReadAction","target":["https:\/\/www.ra-foerster.de\/wordpress\/raeume\/"]}]},{"@type":"ImageObject","inLanguage":"de","@id":"https:\/\/www.ra-foerster.de\/wordpress\/raeume\/#primaryimage","url":"https:\/\/www.ra-foerster.de\/wordpress\/wp-content\/uploads\/2025\/02\/muehlevorne.jpg","contentUrl":"https:\/\/www.ra-foerster.de\/wordpress\/wp-content\/uploads\/2025\/02\/muehlevorne.jpg","width":250,"height":188},{"@type":"BreadcrumbList","@id":"https:\/\/www.ra-foerster.de\/wordpress\/raeume\/#breadcrumb","itemListElement":[{"@type":"ListItem","position":1,"name":"Startseite","item":"https:\/\/www.ra-foerster.de\/wordpress\/"},{"@type":"ListItem","position":2,"name":"R\u00e4ume"}]},{"@type":"WebSite","@id":"https:\/\/www.ra-foerster.de\/wordpress\/#website","url":"https:\/\/www.ra-foerster.de\/wordpress\/","name":"Dr. Foerster und Partner","description":"Rechtsanw\u00e4lte","publisher":{"@id":"https:\/\/www.ra-foerster.de\/wordpress\/#organization"},"potentialAction":[{"@type":"SearchAction","target":{"@type":"EntryPoint","urlTemplate":"https:\/\/www.ra-foerster.de\/wordpress\/?s={search_term_string}"},"query-input":{"@type":"PropertyValueSpecification","valueRequired":true,"valueName":"search_term_string"}}],"inLanguage":"de"},{"@type":"Organization","@id":"https:\/\/www.ra-foerster.de\/wordpress\/#organization","name":"Dr. Foerster und Partner","url":"https:\/\/www.ra-foerster.de\/wordpress\/","logo":{"@type":"ImageObject","inLanguage":"de","@id":"https:\/\/www.ra-foerster.de\/wordpress\/#\/schema\/logo\/image\/","url":"https:\/\/www.ra-foerster.de\/wordpress\/wp-content\/uploads\/2025\/02\/cropped-Dreieck.gif","contentUrl":"https:\/\/www.ra-foerster.de\/wordpress\/wp-content\/uploads\/2025\/02\/cropped-Dreieck.gif","width":512,"height":512,"caption":"Dr. Foerster und Partner"},"image":{"@id":"https:\/\/www.ra-foerster.de\/wordpress\/#\/schema\/logo\/image\/"}}]}},"_links":{"self":[{"href":"https:\/\/www.ra-foerster.de\/wordpress\/wp-json\/wp\/v2\/pages\/150","targetHints":{"allow":["GET"]}}],"collection":[{"href":"https:\/\/www.ra-foerster.de\/wordpress\/wp-json\/wp\/v2\/pages"}],"about":[{"href":"https:\/\/www.ra-foerster.de\/wordpress\/wp-json\/wp\/v2\/types\/page"}],"author":[{"embeddable":true,"href":"https:\/\/www.ra-foerster.de\/wordpress\/wp-json\/wp\/v2\/users\/1"}],"replies":[{"embeddable":true,"href":"https:\/\/www.ra-foerster.de\/wordpress\/wp-json\/wp\/v2\/comments?post=150"}],"version-history":[{"count":6,"href":"https:\/\/www.ra-foerster.de\/wordpress\/wp-json\/wp\/v2\/pages\/150\/revisions"}],"predecessor-version":[{"id":339,"href":"https:\/\/www.ra-foerster.de\/wordpress\/wp-json\/wp\/v2\/pages\/150\/revisions\/339"}],"wp:attachment":[{"href":"https:\/\/www.ra-foerster.de\/wordpress\/wp-json\/wp\/v2\/media?parent=150"}],"curies":[{"name":"wp","href":"https:\/\/api.w.org\/{rel}","templated":true}]}}