{"id":136,"date":"2025-02-20T10:25:57","date_gmt":"2025-02-20T09:25:57","guid":{"rendered":"https:\/\/www.ra-foerster.de\/wordpress\/?page_id=136"},"modified":"2025-02-20T10:33:34","modified_gmt":"2025-02-20T09:33:34","slug":"feedback","status":"publish","type":"page","link":"https:\/\/www.ra-foerster.de\/wordpress\/feedback\/","title":{"rendered":"Feedback"},"content":{"rendered":"\n<h1 class=\"wp-block-heading\">Feedback<\/h1>\n\n\n\n<div style=\"height:2rem\" aria-hidden=\"true\" class=\"wp-block-spacer\"><\/div>\n\n\n\n<div class=\"wp-block-cb-carousel cb-single-slide\" data-slick=\"{&quot;slidesToShow&quot;:1,&quot;slidesToScroll&quot;:1,&quot;speed&quot;:300,&quot;arrows&quot;:true,&quot;dots&quot;:true,&quot;autoplay&quot;:false,&quot;autoplaySpeed&quot;:3000,&quot;infinite&quot;:false,&quot;responsive&quot;:[{&quot;breakpoint&quot;:769,&quot;settings&quot;:{&quot;slidesToShow&quot;:1,&quot;slidesToScroll&quot;:1}}]}\">\n<div class=\"wp-block-cb-slide\">\n<blockquote class=\"wp-block-quote is-layout-flow wp-block-quote-is-layout-flow\">\n<p>&#8222;Danke f\u00fcr Ihre tolle Arbeit, Ihre Hilfe und Unterst\u00fctzung! So haben Sie mir zu Beginn &#8211; was ich fast schon vergessen habe &#8211; nicht nur die Angst vor weitreichenden und schwerwiegenden Folgen f\u00fcr meine Berufsaus\u00fcbung genommen, sondern auch noch ein gerechteres, angemesseneres Arbeitszeugnis verschafft. Sollte ich im Berufsleben noch einmal juristische Hilfe ben\u00f6tigen &#8211; was ich nicht hoffe &#8211; so werde ich mich wieder vertrauensvoll an Sie wenden und Sie auch ansonsten gerne weiterempfehlen!<br>Vielen Dank und alles Gute!&#8220;<br><em>Herr D. aus F.<\/em><\/p>\n<\/blockquote>\n<\/div>\n\n\n\n<div class=\"wp-block-cb-slide\">\n<blockquote class=\"wp-block-quote is-layout-flow wp-block-quote-is-layout-flow\">\n<p>&#8222;Recht herzlichen Dank f\u00fcr Ihre hervorragende Arbeit.&#8220;<br><em>Herr K. aus L.<\/em><\/p>\n<\/blockquote>\n<\/div>\n\n\n\n<div class=\"wp-block-cb-slide\">\n<blockquote class=\"wp-block-quote is-layout-flow wp-block-quote-is-layout-flow\">\n<p>Hallo Frau D\u00f6hring,<br>das haben Sie verdammt gut gemacht. Spitzenleistung, h\u00e4tte ich niemals damit gerechnet. Ich kann Sie nur dauernd weiterempfehlen. Bis zum n\u00e4chsten \u201eFall&#8220;.&#8220;<br><em>Herr K. aus N.<\/em><\/p>\n<\/blockquote>\n<\/div>\n\n\n\n<div class=\"wp-block-cb-slide\">\n<blockquote class=\"wp-block-quote is-layout-flow wp-block-quote-is-layout-flow\">\n<p>&#8222;Sehr geehrte Frau Liebing,<br>wir m\u00f6chten uns auch f\u00fcr die vertrauensvolle Begleitung in der Erbangelegenheit unserer Mutter recht herzlich bedanken. Seit Ende 2018 haben Sie unsere Mutter bis zum Ende begleitet. Es ist so in der Form gut gelaufen und hat weitgehend unsere Nerven geschont.&#8220;<br><em>Herr P. aus W.<\/em><\/p>\n<\/blockquote>\n<\/div>\n\n\n\n<div class=\"wp-block-cb-slide\">\n<blockquote class=\"wp-block-quote is-layout-flow wp-block-quote-is-layout-flow\">\n<p>&#8222;Ich m\u00f6chte mich noch einmal ganz herzlich bei Ihnen f\u00fcr die super Arbeit bedanken. Sie haben mit Ihrer ruhigen Art mir sehr geholfen. Auch m\u00f6chte ich mich bei Ihren Mitarbeiterinnen bedanken, die immer freundlich und zuvorkommend waren. Ich w\u00fcnsche Ihnen und Ihrem Team alles Gute f\u00fcr die Zukunft.\u201c<br><em>Herr L. aus F.<\/em><\/p>\n<\/blockquote>\n<\/div>\n\n\n\n<div class=\"wp-block-cb-slide\">\n<blockquote class=\"wp-block-quote is-layout-flow wp-block-quote-is-layout-flow\">\n<p>&#8222;Danke f\u00fcr Ihren unerm\u00fcdlichen Einsatz! Danke auch an das ganze Dr. Foerster-Team, trotz des ganzen Elends um uns herum, f\u00fchlt man sich bei Euch wohl und verstanden.&#8220;\u201c<br><em>Frau S. aus N.<\/em><\/p>\n<\/blockquote>\n<\/div>\n\n\n\n<div class=\"wp-block-cb-slide\">\n<blockquote class=\"wp-block-quote is-layout-flow wp-block-quote-is-layout-flow\">\n<p>&#8222;Sehr geehrte Frau Liebing,<br>vielen Dank f\u00fcr die sehr gute Aus\u00fcbung des \u00fcbertragenen Mandats. Ich werde Sie weiterempfehlen und auf Ihre Dienste zur\u00fcckgreifen, sollten sich beratungsbed\u00fcrftige Sachverhalte ergeben.&#8220;\u201c<br><em>Herr G. aus F.<\/em><\/p>\n<\/blockquote>\n<\/div>\n\n\n\n<div class=\"wp-block-cb-slide\">\n<blockquote class=\"wp-block-quote is-layout-flow wp-block-quote-is-layout-flow\">\n<p>\u201eF\u00fcr Ihre Super-Arbeit f\u00fcr mich m\u00f6chte ich mich bei Ihnen und Ihrem Team recht herzlich bedanken. Gute und professionelle Arbeit sollte gew\u00fcrdigt werden und in meinem Fall empfinde ich das so.\u201c<br><em>Herr L. aus F.<\/em><\/p>\n<\/blockquote>\n<\/div>\n\n\n\n<div class=\"wp-block-cb-slide\">\n<blockquote class=\"wp-block-quote is-layout-flow wp-block-quote-is-layout-flow\">\n<p>Hallo Frau Liebing,<br>ich habe mich bei Ihnen sehr gut aufgehoben gef\u00fchlt und Ihre nette, ruhige Art tut sehr gut.&#8220;<br><em>Frau H. aus G..<\/em><\/p>\n<\/blockquote>\n<\/div>\n\n\n\n<div class=\"wp-block-cb-slide\">\n<blockquote class=\"wp-block-quote is-layout-flow wp-block-quote-is-layout-flow\">\n<p>&#8222;Hallo Frau Liebing,<br>am 23.12.2017 habe ich meine Liebe geheiratet. Wir kennen uns schon seit zwei Jahren. Die Stadt F\u00fcrth werde ich wohl bald verlassen, wir suchen eine gemeinsame Wohnung&#8230;Ich w\u00fcnsche Ihnen alles Gute, viel Erfolg und gute Gesundheit.&#8220;<br><em>Herr J. aus F<\/em><em>.<\/em><\/p>\n<\/blockquote>\n<\/div>\n\n\n\n<div class=\"wp-block-cb-slide\">\n<blockquote class=\"wp-block-quote is-layout-flow wp-block-quote-is-layout-flow\">\n<p>&#8222;Einen sch\u00f6nen guten Tag Frau Liebing,<br>ich wollte mich nur noch einmal sehr herzlich bedanken, dass sie uns so toll vertreten haben. Ich w\u00fcnsche Ihnen ein sch\u00f6nes Weihnachtsfest und weiterhin so viel Erfolg wie Sie bisher hatten in der Zukunft. Sie haben uns tats\u00e4chlich sehr geholfen.&#8220;<br><em>Frau H. aus N.<\/em><\/p>\n<\/blockquote>\n<\/div>\n\n\n\n<div class=\"wp-block-cb-slide\">\n<blockquote class=\"wp-block-quote is-layout-flow wp-block-quote-is-layout-flow\">\n<p>&#8222;Sehr geehrte Frau Liebing,<br>ich hoffe, Sie hatten einen sch\u00f6nen, erholsamen Urlaub?!<br>Ja, ich war wirklich ziemlich erstaunt und auch erfreut, dass sich eine Kollegin von Ihnen so schnell bei mir gemeldet hat, dass die Gegenseite bereits auf Ihr Schreiben hin reagiert hatte, denn ich war darauf eingestellt, nach Ihrem Urlaub wieder von Ihnen zu h\u00f6ren.<br>Ich m\u00f6chte mich nochmals bei Ihnen f\u00fcr die unkomplizierte und \u00e4u\u00dferst schnelle Bearbeitung meines Falles bedanken. Jederzeit w\u00fcrde ich wieder meine Interessen von Ihnen vertreten lassen und empfehle Sie und Ihre Kanzlei sehr gerne weiter.&#8220;<br><em>Frau L. aus G.<\/em><\/p>\n<\/blockquote>\n<\/div>\n\n\n\n<div class=\"wp-block-cb-slide\">\n<blockquote class=\"wp-block-quote is-layout-flow wp-block-quote-is-layout-flow\">\n<p>&#8222;Erstberatung in Erbrechtsfragen<br>Frau Rechtsanw\u00e4ltin Liebing hat mich im Telefonat vor dem Termin klar auf die H\u00f6he der entstehenden Kosten der Erstberatung hingewiesen. Sie ist eine aufmerksame Zuh\u00f6rerin, hat die Sachverhalte schnell und z\u00fcgig zusammengefasst und auf den Punkt gebracht. Ihre Ruhe, Sachlichkeit und ein abgew\u00e4gtes Urteil haben mir die M\u00f6glichkeiten eines weiteren Vorgehens aufgezeigt. Insgesamt war ich mit der Erstberatung sehr zufrieden.&#8220;<br><em>Herr L. aus F.<\/em><\/p>\n<\/blockquote>\n<\/div>\n\n\n\n<div class=\"wp-block-cb-slide\">\n<blockquote class=\"wp-block-quote is-layout-flow wp-block-quote-is-layout-flow\">\n<p>&#8222;Sehr geehrte Frau Liebing,<br>haben Sie besten f\u00fcr die Zusendung des rechtskr\u00e4ftigen Scheidungsurteils, das heute bei mir eingetroffen ist. Die Zusammenarbeit mit Ihnen habe ich wirklich sehr zu sch\u00e4tzen gewusst.&#8220;<br><em>Herr M. aus F.<\/em><\/p>\n<\/blockquote>\n<\/div>\n\n\n\n<div class=\"wp-block-cb-slide\">\n<blockquote class=\"wp-block-quote is-layout-flow wp-block-quote-is-layout-flow\">\n<p>&#8222;Sehr geehrte Frau Liebing,<br>m\u00f6chte mich auf diesem Weg nochmals f\u00fcr Ihre gesamte Arbeit zu meinem Fall bedanken. Habe mich zu jeder Zeit bei Ihnen gut aufgehoben gef\u00fchlt&#8220;<br><em>Frau S. aus F.<\/em><\/p>\n<\/blockquote>\n<\/div>\n\n\n\n<div class=\"wp-block-cb-slide\">\n<blockquote class=\"wp-block-quote is-layout-flow wp-block-quote-is-layout-flow\">\n<p>&#8222;Liebe Frau D\u00f6hring,<br>bei anstehendem Rechtsstreit ist die Anwaltschaft Dr. Foerster und Partner nicht nur ein kompetenter Vertreter, sondern auch einer, der von Anfang an Mut Macht und bis zum Schluss bem\u00fcht ist, f\u00fcr seine Mandantschaft den optimalsten Ausgang zu erreichen.&#8220;<br><em>Herr U. und Herr H. aus R.<\/em><\/p>\n<\/blockquote>\n<\/div>\n\n\n\n<div class=\"wp-block-cb-slide\">\n<blockquote class=\"wp-block-quote is-layout-flow wp-block-quote-is-layout-flow\">\n<p>&#8222;Sehr geehrte Frau Liebing,<br>vielen Dank nochmal wegen heute, und Sie sind wirklich eine Super-Anw\u00e4ltin! Ich werde mich morgen mit beidem auseinandersetzen.&#8220;<br><em>Frau G. aus F.<\/em><\/p>\n<\/blockquote>\n<\/div>\n\n\n\n<div class=\"wp-block-cb-slide\">\n<blockquote class=\"wp-block-quote is-layout-flow wp-block-quote-is-layout-flow\">\n<p>&#8222;Sehr geehrte Frau Liebing,<br>vielen Dank f\u00fcr Ihre Information. Der Verkauf ist nun get\u00e4tigt und die Vereinbarung habe ich nicht unterschrieben. Nochmals recht herzlichen Dank f\u00fcr Ihre Unterst\u00fctzung.&#8220;<br><em>Herr M. aus A.<\/em><\/p>\n<\/blockquote>\n<\/div>\n\n\n\n<div class=\"wp-block-cb-slide\">\n<blockquote class=\"wp-block-quote is-layout-flow wp-block-quote-is-layout-flow\">\n<p>&#8222;Sehr geehrte Frau Liebing,<br>vielen Dank f\u00fcr Ihre Nachricht und die beigef\u00fcgte Kostenvorschussnote.<br>Bez\u00fcglich der Kostennote habe ich noch eine Anmerkung. Die HUK Coburg hatte mir telefonisch \u20ac 71,40 als Zuschuss genannt. Ich werde dann entsprechend einen Betrag in H\u00f6he von \u20ac 154,70 an Sie \u00fcberweisen.<br>Des Weiteren m\u00f6chte ich mich nochmals f\u00fcr die aufschlussreiche und kompetente Beratung gestern bedanken.&#8220;<br><em>Frau L. aus S.<\/em><\/p>\n<\/blockquote>\n<\/div>\n\n\n\n<div class=\"wp-block-cb-slide\">\n<blockquote class=\"wp-block-quote is-layout-flow wp-block-quote-is-layout-flow\">\n<p>&#8222;&#8230;Sie sind derzeit auch mein Engel, weil Sie mir meinen R\u00fccken st\u00e4rken und frei halten, und das ist f\u00fcr mich derzeit ein wichtiger Baustein, um hier in Ruhe weiter zu machen&#8230;&#8220;<br><em>Frau B. aus N.<\/em><\/p>\n<\/blockquote>\n<\/div>\n<\/div>\n","protected":false},"excerpt":{"rendered":"<p>Feedback<\/p>\n","protected":false},"author":1,"featured_media":0,"parent":0,"menu_order":0,"comment_status":"closed","ping_status":"closed","template":"","meta":{"footnotes":""},"class_list":["post-136","page","type-page","status-publish","hentry"],"yoast_head":"<!-- This site is optimized with the Yoast SEO plugin v27.4 - https:\/\/yoast.com\/product\/yoast-seo-wordpress\/ -->\n<title>Feedback | Dr. Foerster und Partner<\/title>\n<meta name=\"robots\" content=\"index, follow, max-snippet:-1, max-image-preview:large, max-video-preview:-1\" \/>\n<link rel=\"canonical\" href=\"https:\/\/www.ra-foerster.de\/wordpress\/feedback\/\" \/>\n<meta property=\"og:locale\" content=\"de_DE\" \/>\n<meta property=\"og:type\" content=\"article\" \/>\n<meta property=\"og:title\" content=\"Feedback | Dr. Foerster und Partner\" \/>\n<meta property=\"og:description\" content=\"Feedback\" \/>\n<meta property=\"og:url\" content=\"https:\/\/www.ra-foerster.de\/wordpress\/feedback\/\" \/>\n<meta property=\"og:site_name\" content=\"Dr. Foerster und Partner\" \/>\n<meta property=\"article:modified_time\" content=\"2025-02-20T09:33:34+00:00\" \/>\n<meta property=\"og:image\" content=\"https:\/\/www.ra-foerster.de\/wordpress\/wp-content\/uploads\/2025\/02\/cropped-Dreieck.gif\" \/>\n\t<meta property=\"og:image:width\" content=\"512\" \/>\n\t<meta property=\"og:image:height\" content=\"512\" \/>\n\t<meta property=\"og:image:type\" content=\"image\/gif\" \/>\n<meta name=\"twitter:card\" content=\"summary_large_image\" \/>\n<meta name=\"twitter:label1\" content=\"Gesch\u00e4tzte Lesezeit\" \/>\n\t<meta name=\"twitter:data1\" content=\"5\u00a0Minuten\" \/>\n<script type=\"application\/ld+json\" class=\"yoast-schema-graph\">{\"@context\":\"https:\\\/\\\/schema.org\",\"@graph\":[{\"@type\":\"WebPage\",\"@id\":\"https:\\\/\\\/www.ra-foerster.de\\\/wordpress\\\/feedback\\\/\",\"url\":\"https:\\\/\\\/www.ra-foerster.de\\\/wordpress\\\/feedback\\\/\",\"name\":\"Feedback | Dr. Foerster und Partner\",\"isPartOf\":{\"@id\":\"https:\\\/\\\/www.ra-foerster.de\\\/wordpress\\\/#website\"},\"datePublished\":\"2025-02-20T09:25:57+00:00\",\"dateModified\":\"2025-02-20T09:33:34+00:00\",\"breadcrumb\":{\"@id\":\"https:\\\/\\\/www.ra-foerster.de\\\/wordpress\\\/feedback\\\/#breadcrumb\"},\"inLanguage\":\"de\",\"potentialAction\":[{\"@type\":\"ReadAction\",\"target\":[\"https:\\\/\\\/www.ra-foerster.de\\\/wordpress\\\/feedback\\\/\"]}]},{\"@type\":\"BreadcrumbList\",\"@id\":\"https:\\\/\\\/www.ra-foerster.de\\\/wordpress\\\/feedback\\\/#breadcrumb\",\"itemListElement\":[{\"@type\":\"ListItem\",\"position\":1,\"name\":\"Startseite\",\"item\":\"https:\\\/\\\/www.ra-foerster.de\\\/wordpress\\\/\"},{\"@type\":\"ListItem\",\"position\":2,\"name\":\"Feedback\"}]},{\"@type\":\"WebSite\",\"@id\":\"https:\\\/\\\/www.ra-foerster.de\\\/wordpress\\\/#website\",\"url\":\"https:\\\/\\\/www.ra-foerster.de\\\/wordpress\\\/\",\"name\":\"Dr. Foerster und Partner\",\"description\":\"Rechtsanw\u00e4lte\",\"publisher\":{\"@id\":\"https:\\\/\\\/www.ra-foerster.de\\\/wordpress\\\/#organization\"},\"potentialAction\":[{\"@type\":\"SearchAction\",\"target\":{\"@type\":\"EntryPoint\",\"urlTemplate\":\"https:\\\/\\\/www.ra-foerster.de\\\/wordpress\\\/?s={search_term_string}\"},\"query-input\":{\"@type\":\"PropertyValueSpecification\",\"valueRequired\":true,\"valueName\":\"search_term_string\"}}],\"inLanguage\":\"de\"},{\"@type\":\"Organization\",\"@id\":\"https:\\\/\\\/www.ra-foerster.de\\\/wordpress\\\/#organization\",\"name\":\"Dr. Foerster und Partner\",\"url\":\"https:\\\/\\\/www.ra-foerster.de\\\/wordpress\\\/\",\"logo\":{\"@type\":\"ImageObject\",\"inLanguage\":\"de\",\"@id\":\"https:\\\/\\\/www.ra-foerster.de\\\/wordpress\\\/#\\\/schema\\\/logo\\\/image\\\/\",\"url\":\"https:\\\/\\\/www.ra-foerster.de\\\/wordpress\\\/wp-content\\\/uploads\\\/2025\\\/02\\\/cropped-Dreieck.gif\",\"contentUrl\":\"https:\\\/\\\/www.ra-foerster.de\\\/wordpress\\\/wp-content\\\/uploads\\\/2025\\\/02\\\/cropped-Dreieck.gif\",\"width\":512,\"height\":512,\"caption\":\"Dr. Foerster und Partner\"},\"image\":{\"@id\":\"https:\\\/\\\/www.ra-foerster.de\\\/wordpress\\\/#\\\/schema\\\/logo\\\/image\\\/\"}}]}<\/script>\n<!-- \/ Yoast SEO plugin. -->","yoast_head_json":{"title":"Feedback | Dr. Foerster und Partner","robots":{"index":"index","follow":"follow","max-snippet":"max-snippet:-1","max-image-preview":"max-image-preview:large","max-video-preview":"max-video-preview:-1"},"canonical":"https:\/\/www.ra-foerster.de\/wordpress\/feedback\/","og_locale":"de_DE","og_type":"article","og_title":"Feedback | Dr. Foerster und Partner","og_description":"Feedback","og_url":"https:\/\/www.ra-foerster.de\/wordpress\/feedback\/","og_site_name":"Dr. Foerster und Partner","article_modified_time":"2025-02-20T09:33:34+00:00","og_image":[{"width":512,"height":512,"url":"https:\/\/www.ra-foerster.de\/wordpress\/wp-content\/uploads\/2025\/02\/cropped-Dreieck.gif","type":"image\/gif"}],"twitter_card":"summary_large_image","twitter_misc":{"Gesch\u00e4tzte Lesezeit":"5\u00a0Minuten"},"schema":{"@context":"https:\/\/schema.org","@graph":[{"@type":"WebPage","@id":"https:\/\/www.ra-foerster.de\/wordpress\/feedback\/","url":"https:\/\/www.ra-foerster.de\/wordpress\/feedback\/","name":"Feedback | Dr. Foerster und Partner","isPartOf":{"@id":"https:\/\/www.ra-foerster.de\/wordpress\/#website"},"datePublished":"2025-02-20T09:25:57+00:00","dateModified":"2025-02-20T09:33:34+00:00","breadcrumb":{"@id":"https:\/\/www.ra-foerster.de\/wordpress\/feedback\/#breadcrumb"},"inLanguage":"de","potentialAction":[{"@type":"ReadAction","target":["https:\/\/www.ra-foerster.de\/wordpress\/feedback\/"]}]},{"@type":"BreadcrumbList","@id":"https:\/\/www.ra-foerster.de\/wordpress\/feedback\/#breadcrumb","itemListElement":[{"@type":"ListItem","position":1,"name":"Startseite","item":"https:\/\/www.ra-foerster.de\/wordpress\/"},{"@type":"ListItem","position":2,"name":"Feedback"}]},{"@type":"WebSite","@id":"https:\/\/www.ra-foerster.de\/wordpress\/#website","url":"https:\/\/www.ra-foerster.de\/wordpress\/","name":"Dr. Foerster und Partner","description":"Rechtsanw\u00e4lte","publisher":{"@id":"https:\/\/www.ra-foerster.de\/wordpress\/#organization"},"potentialAction":[{"@type":"SearchAction","target":{"@type":"EntryPoint","urlTemplate":"https:\/\/www.ra-foerster.de\/wordpress\/?s={search_term_string}"},"query-input":{"@type":"PropertyValueSpecification","valueRequired":true,"valueName":"search_term_string"}}],"inLanguage":"de"},{"@type":"Organization","@id":"https:\/\/www.ra-foerster.de\/wordpress\/#organization","name":"Dr. Foerster und Partner","url":"https:\/\/www.ra-foerster.de\/wordpress\/","logo":{"@type":"ImageObject","inLanguage":"de","@id":"https:\/\/www.ra-foerster.de\/wordpress\/#\/schema\/logo\/image\/","url":"https:\/\/www.ra-foerster.de\/wordpress\/wp-content\/uploads\/2025\/02\/cropped-Dreieck.gif","contentUrl":"https:\/\/www.ra-foerster.de\/wordpress\/wp-content\/uploads\/2025\/02\/cropped-Dreieck.gif","width":512,"height":512,"caption":"Dr. Foerster und Partner"},"image":{"@id":"https:\/\/www.ra-foerster.de\/wordpress\/#\/schema\/logo\/image\/"}}]}},"_links":{"self":[{"href":"https:\/\/www.ra-foerster.de\/wordpress\/wp-json\/wp\/v2\/pages\/136","targetHints":{"allow":["GET"]}}],"collection":[{"href":"https:\/\/www.ra-foerster.de\/wordpress\/wp-json\/wp\/v2\/pages"}],"about":[{"href":"https:\/\/www.ra-foerster.de\/wordpress\/wp-json\/wp\/v2\/types\/page"}],"author":[{"embeddable":true,"href":"https:\/\/www.ra-foerster.de\/wordpress\/wp-json\/wp\/v2\/users\/1"}],"replies":[{"embeddable":true,"href":"https:\/\/www.ra-foerster.de\/wordpress\/wp-json\/wp\/v2\/comments?post=136"}],"version-history":[{"count":7,"href":"https:\/\/www.ra-foerster.de\/wordpress\/wp-json\/wp\/v2\/pages\/136\/revisions"}],"predecessor-version":[{"id":147,"href":"https:\/\/www.ra-foerster.de\/wordpress\/wp-json\/wp\/v2\/pages\/136\/revisions\/147"}],"wp:attachment":[{"href":"https:\/\/www.ra-foerster.de\/wordpress\/wp-json\/wp\/v2\/media?parent=136"}],"curies":[{"name":"wp","href":"https:\/\/api.w.org\/{rel}","templated":true}]}}