{"id":117,"date":"2025-02-19T16:06:05","date_gmt":"2025-02-19T15:06:05","guid":{"rendered":"https:\/\/www.ra-foerster.de\/wordpress\/?page_id=117"},"modified":"2025-03-18T16:40:41","modified_gmt":"2025-03-18T15:40:41","slug":"kanzlei","status":"publish","type":"page","link":"https:\/\/www.ra-foerster.de\/wordpress\/kanzlei\/","title":{"rendered":"Kanzlei"},"content":{"rendered":"\n<h1 class=\"wp-block-heading\">Unsere Kanzlei<\/h1>\n\n\n\n<div style=\"height:2.09rem\" aria-hidden=\"true\" class=\"wp-block-spacer\"><\/div>\n\n\n\n<div class=\"wp-block-columns is-layout-flex wp-container-core-columns-is-layout-28f84493 wp-block-columns-is-layout-flex\">\n<div class=\"wp-block-column is-layout-flow wp-block-column-is-layout-flow\">\n<p class=\"has-medium-font-size\">Wir sind ein zivilrechtlich t\u00e4tiges Anwaltsb\u00fcro mit den Schwerpunkten Familienrecht und Erbrecht, Arbeitsrecht, Verkehrsrecht und allgemeines Zivilrecht (Schadensersatzrecht, Vertragsrecht, Urheberrecht, Forderungssachen).<\/p>\n\n\n\n<p class=\"has-medium-font-size\">Die Kanzlei existiert seit 1978, schon immer in den R\u00e4umen W\u00fcrzburger Str. 3 in F\u00fcrth.<\/p>\n<\/div>\n\n\n\n<div class=\"wp-block-column is-layout-flow wp-block-column-is-layout-flow\">\n<figure class=\"wp-block-image size-full is-resized\"><img loading=\"lazy\" decoding=\"async\" width=\"250\" height=\"188\" src=\"https:\/\/www.ra-foerster.de\/wordpress\/wp-content\/uploads\/2025\/02\/hausvorne.jpg\" alt=\"\" class=\"wp-image-121\" style=\"width:300px\"\/><\/figure>\n<\/div>\n<\/div>\n\n\n\n<div style=\"height:2rem\" aria-hidden=\"true\" class=\"wp-block-spacer\"><\/div>\n\n\n\n<div class=\"wp-block-columns is-layout-flex wp-container-core-columns-is-layout-28f84493 wp-block-columns-is-layout-flex\">\n<div class=\"wp-block-column is-layout-flow wp-block-column-is-layout-flow\">\n<p class=\"has-medium-font-size\">Die Kanzlei hat sehr fr\u00fch, als dies noch recht un\u00fcblich war, T\u00e4tigkeitsschwerpunkte gesetzt. Unsere Arbeitssprachen sind deutsch, englisch, franz\u00f6sisch und italienisch.Seit jeher ist die Kanzlei bem\u00fcht, Ausbildungspl\u00e4tze anzubieten.<\/p>\n\n\n\n<p class=\"has-medium-font-size\">Ebenfalls seit 1978 zeigt die Kanzlei, als reines Hobby der hier arbeitenden Anw\u00e4lte, Kunst. Sie macht dies unter dem Namen&nbsp;<a href=\"http:\/\/www.fuerthwiki.de\/wiki\/index.php\/Galerie_in_der_Foersterm%C3%BChle\" target=\"_blank\" rel=\"noreferrer noopener\">\u201eGalerie in der Foersterm\u00fchle\u201c<\/a>. In der Regel finden j\u00e4hrlich drei Einzelausstellungen statt.<\/p>\n<\/div>\n\n\n\n<div class=\"wp-block-column is-layout-flow wp-block-column-is-layout-flow\">\n<figure class=\"wp-block-image size-full is-resized\"><img loading=\"lazy\" decoding=\"async\" width=\"250\" height=\"188\" src=\"https:\/\/www.ra-foerster.de\/wordpress\/wp-content\/uploads\/2025\/02\/eingangkanzlei.jpg\" alt=\"\" class=\"wp-image-122\" style=\"width:300px\"\/><\/figure>\n<\/div>\n<\/div>\n","protected":false},"excerpt":{"rendered":"<p>Unsere Kanzlei Wir sind ein zivilrechtlich t\u00e4tiges Anwaltsb\u00fcro mit den Schwerpunkten Familienrecht und Erbrecht, Arbeitsrecht, Verkehrsrecht und allgemeines Zivilrecht (Schadensersatzrecht, Vertragsrecht, Urheberrecht, Forderungssachen). Die Kanzlei existiert seit 1978, schon immer in den R\u00e4umen W\u00fcrzburger Str. 3 in F\u00fcrth. Die Kanzlei hat sehr fr\u00fch, als dies noch recht un\u00fcblich war, T\u00e4tigkeitsschwerpunkte gesetzt. Unsere Arbeitssprachen sind deutsch, [&hellip;]<\/p>\n","protected":false},"author":1,"featured_media":0,"parent":0,"menu_order":0,"comment_status":"closed","ping_status":"closed","template":"","meta":{"footnotes":""},"class_list":["post-117","page","type-page","status-publish","hentry"],"yoast_head":"<!-- This site is optimized with the Yoast SEO plugin v27.4 - https:\/\/yoast.com\/product\/yoast-seo-wordpress\/ -->\n<title>Kanzlei | Dr. Foerster und Partner<\/title>\n<meta name=\"description\" content=\"Rechtsanw\u00e4lte Dr. Foerster und Partner - Zivilrechtlich t\u00e4tiges Anwaltsb\u00fcro in F\u00fcrth mit den Schwerpunkten Familien- und Erbrecht, Arbeitsrecht, Verkehrsrecht und allgemeines Zivilrecht\" \/>\n<meta name=\"robots\" content=\"index, follow, max-snippet:-1, max-image-preview:large, max-video-preview:-1\" \/>\n<link rel=\"canonical\" href=\"https:\/\/www.ra-foerster.de\/wordpress\/kanzlei\/\" \/>\n<meta property=\"og:locale\" content=\"de_DE\" \/>\n<meta property=\"og:type\" content=\"article\" \/>\n<meta property=\"og:title\" content=\"Kanzlei | Dr. Foerster und Partner\" \/>\n<meta property=\"og:description\" content=\"Rechtsanw\u00e4lte Dr. Foerster und Partner - Zivilrechtlich t\u00e4tiges Anwaltsb\u00fcro in F\u00fcrth mit den Schwerpunkten Familien- und Erbrecht, Arbeitsrecht, Verkehrsrecht und allgemeines Zivilrecht\" \/>\n<meta property=\"og:url\" content=\"https:\/\/www.ra-foerster.de\/wordpress\/kanzlei\/\" \/>\n<meta property=\"og:site_name\" content=\"Dr. Foerster und Partner\" \/>\n<meta property=\"article:modified_time\" content=\"2025-03-18T15:40:41+00:00\" \/>\n<meta property=\"og:image\" content=\"https:\/\/www.ra-foerster.de\/wordpress\/wp-content\/uploads\/2025\/02\/hausvorne.jpg\" \/>\n<meta name=\"twitter:card\" content=\"summary_large_image\" \/>\n<meta name=\"twitter:label1\" content=\"Gesch\u00e4tzte Lesezeit\" \/>\n\t<meta name=\"twitter:data1\" content=\"1\u00a0Minute\" \/>\n<script type=\"application\/ld+json\" class=\"yoast-schema-graph\">{\"@context\":\"https:\\\/\\\/schema.org\",\"@graph\":[{\"@type\":\"WebPage\",\"@id\":\"https:\\\/\\\/www.ra-foerster.de\\\/wordpress\\\/kanzlei\\\/\",\"url\":\"https:\\\/\\\/www.ra-foerster.de\\\/wordpress\\\/kanzlei\\\/\",\"name\":\"Kanzlei | Dr. Foerster und Partner\",\"isPartOf\":{\"@id\":\"https:\\\/\\\/www.ra-foerster.de\\\/wordpress\\\/#website\"},\"primaryImageOfPage\":{\"@id\":\"https:\\\/\\\/www.ra-foerster.de\\\/wordpress\\\/kanzlei\\\/#primaryimage\"},\"image\":{\"@id\":\"https:\\\/\\\/www.ra-foerster.de\\\/wordpress\\\/kanzlei\\\/#primaryimage\"},\"thumbnailUrl\":\"https:\\\/\\\/www.ra-foerster.de\\\/wordpress\\\/wp-content\\\/uploads\\\/2025\\\/02\\\/hausvorne.jpg\",\"datePublished\":\"2025-02-19T15:06:05+00:00\",\"dateModified\":\"2025-03-18T15:40:41+00:00\",\"description\":\"Rechtsanw\u00e4lte Dr. Foerster und Partner - Zivilrechtlich t\u00e4tiges Anwaltsb\u00fcro in F\u00fcrth mit den Schwerpunkten Familien- und Erbrecht, Arbeitsrecht, Verkehrsrecht und allgemeines Zivilrecht\",\"breadcrumb\":{\"@id\":\"https:\\\/\\\/www.ra-foerster.de\\\/wordpress\\\/kanzlei\\\/#breadcrumb\"},\"inLanguage\":\"de\",\"potentialAction\":[{\"@type\":\"ReadAction\",\"target\":[\"https:\\\/\\\/www.ra-foerster.de\\\/wordpress\\\/kanzlei\\\/\"]}]},{\"@type\":\"ImageObject\",\"inLanguage\":\"de\",\"@id\":\"https:\\\/\\\/www.ra-foerster.de\\\/wordpress\\\/kanzlei\\\/#primaryimage\",\"url\":\"https:\\\/\\\/www.ra-foerster.de\\\/wordpress\\\/wp-content\\\/uploads\\\/2025\\\/02\\\/hausvorne.jpg\",\"contentUrl\":\"https:\\\/\\\/www.ra-foerster.de\\\/wordpress\\\/wp-content\\\/uploads\\\/2025\\\/02\\\/hausvorne.jpg\",\"width\":250,\"height\":188},{\"@type\":\"BreadcrumbList\",\"@id\":\"https:\\\/\\\/www.ra-foerster.de\\\/wordpress\\\/kanzlei\\\/#breadcrumb\",\"itemListElement\":[{\"@type\":\"ListItem\",\"position\":1,\"name\":\"Startseite\",\"item\":\"https:\\\/\\\/www.ra-foerster.de\\\/wordpress\\\/\"},{\"@type\":\"ListItem\",\"position\":2,\"name\":\"Kanzlei\"}]},{\"@type\":\"WebSite\",\"@id\":\"https:\\\/\\\/www.ra-foerster.de\\\/wordpress\\\/#website\",\"url\":\"https:\\\/\\\/www.ra-foerster.de\\\/wordpress\\\/\",\"name\":\"Dr. Foerster und Partner\",\"description\":\"Rechtsanw\u00e4lte\",\"publisher\":{\"@id\":\"https:\\\/\\\/www.ra-foerster.de\\\/wordpress\\\/#organization\"},\"potentialAction\":[{\"@type\":\"SearchAction\",\"target\":{\"@type\":\"EntryPoint\",\"urlTemplate\":\"https:\\\/\\\/www.ra-foerster.de\\\/wordpress\\\/?s={search_term_string}\"},\"query-input\":{\"@type\":\"PropertyValueSpecification\",\"valueRequired\":true,\"valueName\":\"search_term_string\"}}],\"inLanguage\":\"de\"},{\"@type\":\"Organization\",\"@id\":\"https:\\\/\\\/www.ra-foerster.de\\\/wordpress\\\/#organization\",\"name\":\"Dr. Foerster und Partner\",\"url\":\"https:\\\/\\\/www.ra-foerster.de\\\/wordpress\\\/\",\"logo\":{\"@type\":\"ImageObject\",\"inLanguage\":\"de\",\"@id\":\"https:\\\/\\\/www.ra-foerster.de\\\/wordpress\\\/#\\\/schema\\\/logo\\\/image\\\/\",\"url\":\"https:\\\/\\\/www.ra-foerster.de\\\/wordpress\\\/wp-content\\\/uploads\\\/2025\\\/02\\\/cropped-Dreieck.gif\",\"contentUrl\":\"https:\\\/\\\/www.ra-foerster.de\\\/wordpress\\\/wp-content\\\/uploads\\\/2025\\\/02\\\/cropped-Dreieck.gif\",\"width\":512,\"height\":512,\"caption\":\"Dr. Foerster und Partner\"},\"image\":{\"@id\":\"https:\\\/\\\/www.ra-foerster.de\\\/wordpress\\\/#\\\/schema\\\/logo\\\/image\\\/\"}}]}<\/script>\n<!-- \/ Yoast SEO plugin. -->","yoast_head_json":{"title":"Kanzlei | Dr. Foerster und Partner","description":"Rechtsanw\u00e4lte Dr. Foerster und Partner - Zivilrechtlich t\u00e4tiges Anwaltsb\u00fcro in F\u00fcrth mit den Schwerpunkten Familien- und Erbrecht, Arbeitsrecht, Verkehrsrecht und allgemeines Zivilrecht","robots":{"index":"index","follow":"follow","max-snippet":"max-snippet:-1","max-image-preview":"max-image-preview:large","max-video-preview":"max-video-preview:-1"},"canonical":"https:\/\/www.ra-foerster.de\/wordpress\/kanzlei\/","og_locale":"de_DE","og_type":"article","og_title":"Kanzlei | Dr. Foerster und Partner","og_description":"Rechtsanw\u00e4lte Dr. Foerster und Partner - Zivilrechtlich t\u00e4tiges Anwaltsb\u00fcro in F\u00fcrth mit den Schwerpunkten Familien- und Erbrecht, Arbeitsrecht, Verkehrsrecht und allgemeines Zivilrecht","og_url":"https:\/\/www.ra-foerster.de\/wordpress\/kanzlei\/","og_site_name":"Dr. Foerster und Partner","article_modified_time":"2025-03-18T15:40:41+00:00","og_image":[{"url":"https:\/\/www.ra-foerster.de\/wordpress\/wp-content\/uploads\/2025\/02\/hausvorne.jpg","type":"","width":"","height":""}],"twitter_card":"summary_large_image","twitter_misc":{"Gesch\u00e4tzte Lesezeit":"1\u00a0Minute"},"schema":{"@context":"https:\/\/schema.org","@graph":[{"@type":"WebPage","@id":"https:\/\/www.ra-foerster.de\/wordpress\/kanzlei\/","url":"https:\/\/www.ra-foerster.de\/wordpress\/kanzlei\/","name":"Kanzlei | Dr. Foerster und Partner","isPartOf":{"@id":"https:\/\/www.ra-foerster.de\/wordpress\/#website"},"primaryImageOfPage":{"@id":"https:\/\/www.ra-foerster.de\/wordpress\/kanzlei\/#primaryimage"},"image":{"@id":"https:\/\/www.ra-foerster.de\/wordpress\/kanzlei\/#primaryimage"},"thumbnailUrl":"https:\/\/www.ra-foerster.de\/wordpress\/wp-content\/uploads\/2025\/02\/hausvorne.jpg","datePublished":"2025-02-19T15:06:05+00:00","dateModified":"2025-03-18T15:40:41+00:00","description":"Rechtsanw\u00e4lte Dr. Foerster und Partner - Zivilrechtlich t\u00e4tiges Anwaltsb\u00fcro in F\u00fcrth mit den Schwerpunkten Familien- und Erbrecht, Arbeitsrecht, Verkehrsrecht und allgemeines Zivilrecht","breadcrumb":{"@id":"https:\/\/www.ra-foerster.de\/wordpress\/kanzlei\/#breadcrumb"},"inLanguage":"de","potentialAction":[{"@type":"ReadAction","target":["https:\/\/www.ra-foerster.de\/wordpress\/kanzlei\/"]}]},{"@type":"ImageObject","inLanguage":"de","@id":"https:\/\/www.ra-foerster.de\/wordpress\/kanzlei\/#primaryimage","url":"https:\/\/www.ra-foerster.de\/wordpress\/wp-content\/uploads\/2025\/02\/hausvorne.jpg","contentUrl":"https:\/\/www.ra-foerster.de\/wordpress\/wp-content\/uploads\/2025\/02\/hausvorne.jpg","width":250,"height":188},{"@type":"BreadcrumbList","@id":"https:\/\/www.ra-foerster.de\/wordpress\/kanzlei\/#breadcrumb","itemListElement":[{"@type":"ListItem","position":1,"name":"Startseite","item":"https:\/\/www.ra-foerster.de\/wordpress\/"},{"@type":"ListItem","position":2,"name":"Kanzlei"}]},{"@type":"WebSite","@id":"https:\/\/www.ra-foerster.de\/wordpress\/#website","url":"https:\/\/www.ra-foerster.de\/wordpress\/","name":"Dr. Foerster und Partner","description":"Rechtsanw\u00e4lte","publisher":{"@id":"https:\/\/www.ra-foerster.de\/wordpress\/#organization"},"potentialAction":[{"@type":"SearchAction","target":{"@type":"EntryPoint","urlTemplate":"https:\/\/www.ra-foerster.de\/wordpress\/?s={search_term_string}"},"query-input":{"@type":"PropertyValueSpecification","valueRequired":true,"valueName":"search_term_string"}}],"inLanguage":"de"},{"@type":"Organization","@id":"https:\/\/www.ra-foerster.de\/wordpress\/#organization","name":"Dr. Foerster und Partner","url":"https:\/\/www.ra-foerster.de\/wordpress\/","logo":{"@type":"ImageObject","inLanguage":"de","@id":"https:\/\/www.ra-foerster.de\/wordpress\/#\/schema\/logo\/image\/","url":"https:\/\/www.ra-foerster.de\/wordpress\/wp-content\/uploads\/2025\/02\/cropped-Dreieck.gif","contentUrl":"https:\/\/www.ra-foerster.de\/wordpress\/wp-content\/uploads\/2025\/02\/cropped-Dreieck.gif","width":512,"height":512,"caption":"Dr. Foerster und Partner"},"image":{"@id":"https:\/\/www.ra-foerster.de\/wordpress\/#\/schema\/logo\/image\/"}}]}},"_links":{"self":[{"href":"https:\/\/www.ra-foerster.de\/wordpress\/wp-json\/wp\/v2\/pages\/117","targetHints":{"allow":["GET"]}}],"collection":[{"href":"https:\/\/www.ra-foerster.de\/wordpress\/wp-json\/wp\/v2\/pages"}],"about":[{"href":"https:\/\/www.ra-foerster.de\/wordpress\/wp-json\/wp\/v2\/types\/page"}],"author":[{"embeddable":true,"href":"https:\/\/www.ra-foerster.de\/wordpress\/wp-json\/wp\/v2\/users\/1"}],"replies":[{"embeddable":true,"href":"https:\/\/www.ra-foerster.de\/wordpress\/wp-json\/wp\/v2\/comments?post=117"}],"version-history":[{"count":3,"href":"https:\/\/www.ra-foerster.de\/wordpress\/wp-json\/wp\/v2\/pages\/117\/revisions"}],"predecessor-version":[{"id":125,"href":"https:\/\/www.ra-foerster.de\/wordpress\/wp-json\/wp\/v2\/pages\/117\/revisions\/125"}],"wp:attachment":[{"href":"https:\/\/www.ra-foerster.de\/wordpress\/wp-json\/wp\/v2\/media?parent=117"}],"curies":[{"name":"wp","href":"https:\/\/api.w.org\/{rel}","templated":true}]}}